{"id":28873,"date":"2025-01-22T15:37:46","date_gmt":"2025-01-22T14:37:46","guid":{"rendered":"https:\/\/www.avalems.ch\/in-einem-pflegeheim-arbeiten\/die-berufe-im-ems\/"},"modified":"2026-01-09T10:10:42","modified_gmt":"2026-01-09T09:10:42","slug":"die-berufe-im-ems","status":"publish","type":"page","link":"https:\/\/avalems.ch\/de\/in-einem-pflegeheim-arbeiten\/die-berufe-im-ems\/","title":{"rendered":"Berufe im APH"},"content":{"rendered":"\n<p class=\"has-large-font-size\">Die <strong>APH im Wallis<\/strong> bieten eine breite Palette an <strong>Berufen in medizinisch-sozialen Einrichtungen<\/strong> in so unterschiedlichen Bereichen wie Geriatrie, Verwaltung, Hotellerie oder therapeutische Aktivierung. Die steigende Zahl \u00e4lterer Menschen f\u00fchrt zu einer zunehmenden Nachfrage nach APH-Pl\u00e4tzen und damit zu einem immer gr\u00f6sseren <strong>Bedarf an Pflegepersonal<\/strong>, wie aus den Daten des <a href=\"https:\/\/www.sbfi.admin.ch\/de\/bildung\" data-type=\"link\" data-id=\"https:\/\/www.sbfi.admin.ch\/de\/bildung\" target=\"_blank\" rel=\"noopener\">SBFI (Staatssekretariat f\u00fcr Bildung, Forschung und Innovation)<\/a> hervorgeht.<\/p>\n\n\n\n<p class=\"has-large-font-size\">Die Entscheidung f\u00fcr eine <strong>T\u00e4tigkeit in einem APH<\/strong> bedeutet in erster Linie, seiner Karriere eine soziale Ausrichtung zu geben und sich in den <strong>Dienst \u00e4lterer und pflegebed\u00fcrftiger Menschen<\/strong> zu stellen, aber auch, sich f\u00fcr einen vielf\u00e4ltigen und wachsenden T\u00e4tigkeitsbereich zu entscheiden, der zahlreiche <strong>Besch\u00e4ftigungsm\u00f6glichkeiten in der Gerontologie<\/strong> bietet. Die Ausbildungen sind von der <a href=\"https:\/\/www.odasante.ch\/\" data-type=\"link\" data-id=\"https:\/\/www.odasante.ch\/\" target=\"_blank\" rel=\"noopener\">OdASant\u00e9<\/a>, der nationalen Dachorganisation der Arbeitswelt im Gesundheitswesen, anerkannt.<\/p>\n\n\n\n<div class=\"wp-block-columns are-vertically-aligned-center is-layout-flex wp-container-core-columns-is-layout-9d6595d7 wp-block-columns-is-layout-flex\">\n<div class=\"wp-block-column is-vertically-aligned-center is-layout-flow wp-block-column-is-layout-flow\" style=\"flex-basis:65%\">\n<figure class=\"wp-block-gallery aligncenter has-nested-images columns-default is-cropped gallery-slider wp-block-gallery-1 is-layout-flex wp-block-gallery-is-layout-flex\">\n<figure class=\"wp-block-image size-large\"><img loading=\"lazy\" decoding=\"async\" width=\"1024\" height=\"486\" data-id=\"27191\" src=\"https:\/\/www.avalems.ch\/wp-content\/uploads\/2024\/10\/03.3_Yanick-scaled-e1680297424468-1024x486.jpg\" alt=\"Professionnel soignant en EMS valaisan\" class=\"wp-image-27191\" srcset=\"https:\/\/avalems.ch\/wp-content\/uploads\/2024\/10\/03.3_Yanick-scaled-e1680297424468-1024x486.jpg 1024w, https:\/\/avalems.ch\/wp-content\/uploads\/2024\/10\/03.3_Yanick-scaled-e1680297424468-300x143.jpg 300w, https:\/\/avalems.ch\/wp-content\/uploads\/2024\/10\/03.3_Yanick-scaled-e1680297424468-768x365.jpg 768w, https:\/\/avalems.ch\/wp-content\/uploads\/2024\/10\/03.3_Yanick-scaled-e1680297424468-1536x730.jpg 1536w, https:\/\/avalems.ch\/wp-content\/uploads\/2024\/10\/03.3_Yanick-scaled-e1680297424468-2048x973.jpg 2048w\" sizes=\"auto, (max-width: 1024px) 100vw, 1024px\" \/><\/figure>\n\n\n\n<figure class=\"wp-block-image size-large\"><img loading=\"lazy\" decoding=\"async\" width=\"1024\" height=\"486\" data-id=\"27193\" src=\"https:\/\/www.avalems.ch\/wp-content\/uploads\/2024\/10\/03.4_Catherine-scaled-e1680297389585-1024x486.jpg\" alt=\"\u00c9quipe soignante en \u00e9tablissement m\u00e9dico-social\" class=\"wp-image-27193\" srcset=\"https:\/\/avalems.ch\/wp-content\/uploads\/2024\/10\/03.4_Catherine-scaled-e1680297389585-1024x486.jpg 1024w, https:\/\/avalems.ch\/wp-content\/uploads\/2024\/10\/03.4_Catherine-scaled-e1680297389585-300x143.jpg 300w, https:\/\/avalems.ch\/wp-content\/uploads\/2024\/10\/03.4_Catherine-scaled-e1680297389585-768x365.jpg 768w, https:\/\/avalems.ch\/wp-content\/uploads\/2024\/10\/03.4_Catherine-scaled-e1680297389585-1536x730.jpg 1536w, https:\/\/avalems.ch\/wp-content\/uploads\/2024\/10\/03.4_Catherine-scaled-e1680297389585-2048x973.jpg 2048w\" sizes=\"auto, (max-width: 1024px) 100vw, 1024px\" \/><\/figure>\n\n\n\n<figure class=\"wp-block-image size-large\"><img loading=\"lazy\" decoding=\"async\" width=\"1024\" height=\"486\" data-id=\"27187\" src=\"https:\/\/www.avalems.ch\/wp-content\/uploads\/2024\/10\/05.1_Dolores-scaled-e1680297364849-1024x486.jpg\" alt=\"Animation en EMS valaisan\" class=\"wp-image-27187\" srcset=\"https:\/\/avalems.ch\/wp-content\/uploads\/2024\/10\/05.1_Dolores-scaled-e1680297364849-1024x486.jpg 1024w, https:\/\/avalems.ch\/wp-content\/uploads\/2024\/10\/05.1_Dolores-scaled-e1680297364849-300x143.jpg 300w, https:\/\/avalems.ch\/wp-content\/uploads\/2024\/10\/05.1_Dolores-scaled-e1680297364849-768x365.jpg 768w, https:\/\/avalems.ch\/wp-content\/uploads\/2024\/10\/05.1_Dolores-scaled-e1680297364849-1536x730.jpg 1536w, https:\/\/avalems.ch\/wp-content\/uploads\/2024\/10\/05.1_Dolores-scaled-e1680297364849-2048x973.jpg 2048w\" sizes=\"auto, (max-width: 1024px) 100vw, 1024px\" \/><\/figure>\n\n\n\n<figure class=\"wp-block-image size-large\"><img loading=\"lazy\" decoding=\"async\" width=\"1024\" height=\"486\" data-id=\"27189\" src=\"https:\/\/www.avalems.ch\/wp-content\/uploads\/2024\/10\/06.3_Andy-scaled-e1680297330926-1024x486.jpg\" alt=\"M\u00e9tiers techniques en EMS\" class=\"wp-image-27189\" srcset=\"https:\/\/avalems.ch\/wp-content\/uploads\/2024\/10\/06.3_Andy-scaled-e1680297330926-1024x486.jpg 1024w, https:\/\/avalems.ch\/wp-content\/uploads\/2024\/10\/06.3_Andy-scaled-e1680297330926-300x143.jpg 300w, https:\/\/avalems.ch\/wp-content\/uploads\/2024\/10\/06.3_Andy-scaled-e1680297330926-768x365.jpg 768w, https:\/\/avalems.ch\/wp-content\/uploads\/2024\/10\/06.3_Andy-scaled-e1680297330926-1536x730.jpg 1536w, https:\/\/avalems.ch\/wp-content\/uploads\/2024\/10\/06.3_Andy-scaled-e1680297330926-2048x973.jpg 2048w\" sizes=\"auto, (max-width: 1024px) 100vw, 1024px\" \/><\/figure>\n\n\n\n<figure class=\"wp-block-image size-large\"><img loading=\"lazy\" decoding=\"async\" width=\"1024\" height=\"486\" data-id=\"27195\" src=\"https:\/\/www.avalems.ch\/wp-content\/uploads\/2024\/10\/04.4_Sabine2-scaled-e1680297145296-1024x486.jpg\" alt=\"Soins infirmiers en \u00e9tablissement m\u00e9dico-social valaisan\" class=\"wp-image-27195\" srcset=\"https:\/\/avalems.ch\/wp-content\/uploads\/2024\/10\/04.4_Sabine2-scaled-e1680297145296-1024x486.jpg 1024w, https:\/\/avalems.ch\/wp-content\/uploads\/2024\/10\/04.4_Sabine2-scaled-e1680297145296-300x143.jpg 300w, https:\/\/avalems.ch\/wp-content\/uploads\/2024\/10\/04.4_Sabine2-scaled-e1680297145296-768x365.jpg 768w, https:\/\/avalems.ch\/wp-content\/uploads\/2024\/10\/04.4_Sabine2-scaled-e1680297145296-1536x730.jpg 1536w, https:\/\/avalems.ch\/wp-content\/uploads\/2024\/10\/04.4_Sabine2-scaled-e1680297145296-2048x973.jpg 2048w\" sizes=\"auto, (max-width: 1024px) 100vw, 1024px\" \/><\/figure>\n<\/figure>\n<\/div>\n<\/div>\n\n\n\n<p class=\"has-medium-font-size\">Die <strong>alternde Bev\u00f6lkerung<\/strong> f\u00fchrt zu einem stetigen Anstieg der Nachfrage nach APH im Wallis und damit zu einem wachsenden Bedarf an qualifizierten <strong>Fachkr\u00e4ften in der Gerontologie<\/strong>.<\/p>\n\n\n\n<p class=\"has-medium-font-size\">Sich f\u00fcr eine <strong>Karriere in einer sozialmedizinischen Einrichtung<\/strong> zu entscheiden, bedeutet, sich in einem humanen und zukunftstr\u00e4chtigen Bereich zu engagieren, in dem die <strong>Betreuung \u00e4lterer Menschen<\/strong> ein hohes Mass an fachlichen und sozialen Kompetenzen erfordert.<\/p>\n\n\n\n<p class=\"link-block travailler link\"><a href=\"https:\/\/avalems.ch\/de\/in-einem-pflegeheim-arbeiten\/job\/\" data-type=\"link\" data-id=\"https:\/\/avalems.ch\/de\/in-einem-pflegeheim-arbeiten\/job\/\">Stellenangebote in den APH im Wallis<\/a><\/p>\n\n\n\n<p><\/p>\n","protected":false},"excerpt":{"rendered":"<p>Die APH im Wallis bieten eine breite Palette an Berufen in medizinisch-sozialen Einrichtungen in so unterschiedlichen Bereichen wie Geriatrie, Verwaltung, Hotellerie oder therapeutische Aktivierung. Die steigende Zahl \u00e4lterer Menschen f\u00fchrt [&hellip;]<\/p>\n","protected":false},"author":152,"featured_media":0,"parent":28841,"menu_order":167,"comment_status":"closed","ping_status":"closed","template":"","meta":{"footnotes":""},"coauthors":[106],"class_list":["post-28873","page","type-page","status-publish","hentry"],"publishpress_future_action":{"enabled":false,"date":"2026-05-17 05:05:33","action":"change-status","newStatus":"draft","terms":[],"taxonomy":"translation_priority","extraData":[]},"publishpress_future_workflow_manual_trigger":{"enabledWorkflows":[]},"_links":{"self":[{"href":"https:\/\/avalems.ch\/de\/wp-json\/wp\/v2\/pages\/28873","targetHints":{"allow":["GET"]}}],"collection":[{"href":"https:\/\/avalems.ch\/de\/wp-json\/wp\/v2\/pages"}],"about":[{"href":"https:\/\/avalems.ch\/de\/wp-json\/wp\/v2\/types\/page"}],"author":[{"embeddable":true,"href":"https:\/\/avalems.ch\/de\/wp-json\/wp\/v2\/users\/152"}],"replies":[{"embeddable":true,"href":"https:\/\/avalems.ch\/de\/wp-json\/wp\/v2\/comments?post=28873"}],"version-history":[{"count":40,"href":"https:\/\/avalems.ch\/de\/wp-json\/wp\/v2\/pages\/28873\/revisions"}],"predecessor-version":[{"id":37820,"href":"https:\/\/avalems.ch\/de\/wp-json\/wp\/v2\/pages\/28873\/revisions\/37820"}],"up":[{"embeddable":true,"href":"https:\/\/avalems.ch\/de\/wp-json\/wp\/v2\/pages\/28841"}],"wp:attachment":[{"href":"https:\/\/avalems.ch\/de\/wp-json\/wp\/v2\/media?parent=28873"}],"wp:term":[{"taxonomy":"author","embeddable":true,"href":"https:\/\/avalems.ch\/de\/wp-json\/wp\/v2\/coauthors?post=28873"}],"curies":[{"name":"wp","href":"https:\/\/api.w.org\/{rel}","templated":true}]}}