{"id":28861,"date":"2025-01-22T15:37:24","date_gmt":"2025-01-22T14:37:24","guid":{"rendered":"https:\/\/www.avalems.ch\/verein\/jahresberichte\/"},"modified":"2025-05-26T10:33:37","modified_gmt":"2025-05-26T08:33:37","slug":"jahresberichte","status":"publish","type":"page","link":"https:\/\/avalems.ch\/de\/verein\/jahresberichte\/","title":{"rendered":"Jahresberichte"},"content":{"rendered":"\n<p class=\"has-large-font-size\">Die AVALEMS ver\u00f6ffentlicht jedes Jahr ihren Jahresbericht f\u00fcr ihre Mitglieder, Partner und f\u00fcr politische Entscheidungstr\u00e4ger.<\/p>\n\n\n\n<div class=\"wp-block-columns is-layout-flex wp-container-core-columns-is-layout-9d6595d7 wp-block-columns-is-layout-flex\">\n<div class=\"wp-block-column is-layout-flow wp-block-column-is-layout-flow\">\n<p class=\"link-block link has-medium-font-size\"><a href=\"https:\/\/avalems.ch\/de\/verein\/jahresberichte\/rapport-annuel-2024\/\">Jahresbericht 2024<\/a><\/p>\n<\/div>\n\n\n\n<div class=\"wp-block-column is-layout-flow wp-block-column-is-layout-flow\">\n<p class=\"link-block link has-medium-font-size\"><a href=\"https:\/\/www.avalems.ch\/de\/jahresbericht-2023\/\">Jahresbericht 2023  <\/a><\/p>\n<\/div>\n\n\n\n<div class=\"wp-block-column is-layout-flow wp-block-column-is-layout-flow\">\n<p class=\"link-block link\"><a href=\"https:\/\/www.avalems.ch\/de\/jahresbericht-2022\/\">Jahresbericht 2022<\/a><\/p>\n<\/div>\n<\/div>\n\n\n\n<div class=\"wp-block-columns has-medium-font-size is-layout-flex wp-container-core-columns-is-layout-9d6595d7 wp-block-columns-is-layout-flex\">\n<div class=\"wp-block-column is-layout-flow wp-block-column-is-layout-flow\">\n<p class=\"link-block link\"><a href=\"https:\/\/www.avalems.ch\/de\/jahresbericht-2021\/\">Jahresbericht 2021<\/a><\/p>\n<\/div>\n\n\n\n<div class=\"wp-block-column is-vertically-aligned-center is-layout-flow wp-block-column-is-layout-flow\">\n<p class=\"link-block file\"><a href=\"https:\/\/www.avalems.ch\/wp-content\/uploads\/2025\/02\/20210617_RapportAvalems2020_DE_Web_pdf.pdf\">Jahresbericht 2020<\/a><\/p>\n<\/div>\n\n\n\n<div class=\"wp-block-column is-layout-flow wp-block-column-is-layout-flow\">\n<p class=\"link-block file\"><a href=\"https:\/\/www.avalems.ch\/wp-content\/uploads\/2025\/02\/20200608_Jahresbericht_2019_DE.pdf\">Jahresbericht 2019<\/a><\/p>\n<\/div>\n<\/div>\n\n\n\n<div class=\"wp-block-columns has-medium-font-size is-layout-flex wp-container-core-columns-is-layout-9d6595d7 wp-block-columns-is-layout-flex\">\n<div class=\"wp-block-column is-layout-flow wp-block-column-is-layout-flow\">\n<p class=\"link-block file\"><a href=\"https:\/\/www.avalems.ch\/wp-content\/uploads\/2025\/02\/Avalems_rapport_annuel_DE_.pdf\">Jahresbericht 2018<\/a><\/p>\n<\/div>\n\n\n\n<div class=\"wp-block-column is-layout-flow wp-block-column-is-layout-flow\">\n<p class=\"link-block file\"><a href=\"https:\/\/www.avalems.ch\/wp-content\/uploads\/2025\/02\/20170424_RapportAnnuel_2017_DE.pdf\">Jahresbericht 2017<\/a><\/p>\n<\/div>\n\n\n\n<div class=\"wp-block-column is-layout-flow wp-block-column-is-layout-flow\">\n<p class=\"link-block file\"><a href=\"https:\/\/www.avalems.ch\/wp-content\/uploads\/2025\/02\/20170425_RapportAnnuel_2016_DE_def.pdf\">Jahresbericht 2016 <\/a><\/p>\n<\/div>\n<\/div>\n","protected":false},"excerpt":{"rendered":"<p>Die AVALEMS ver\u00f6ffentlicht jedes Jahr ihren Jahresbericht f\u00fcr ihre Mitglieder, Partner und f\u00fcr politische Entscheidungstr\u00e4ger. Jahresbericht 2024 Jahresbericht 2023 Jahresbericht 2022 Jahresbericht 2021 Jahresbericht 2020 Jahresbericht 2019 Jahresbericht 2018 Jahresbericht [&hellip;]<\/p>\n","protected":false},"author":152,"featured_media":0,"parent":28815,"menu_order":175,"comment_status":"closed","ping_status":"closed","template":"","meta":{"footnotes":""},"coauthors":[106],"class_list":["post-28861","page","type-page","status-publish","hentry"],"publishpress_future_action":{"enabled":false,"date":"2026-05-15 22:58:06","action":"change-status","newStatus":"draft","terms":[],"taxonomy":"translation_priority","extraData":[]},"publishpress_future_workflow_manual_trigger":{"enabledWorkflows":[]},"_links":{"self":[{"href":"https:\/\/avalems.ch\/de\/wp-json\/wp\/v2\/pages\/28861","targetHints":{"allow":["GET"]}}],"collection":[{"href":"https:\/\/avalems.ch\/de\/wp-json\/wp\/v2\/pages"}],"about":[{"href":"https:\/\/avalems.ch\/de\/wp-json\/wp\/v2\/types\/page"}],"author":[{"embeddable":true,"href":"https:\/\/avalems.ch\/de\/wp-json\/wp\/v2\/users\/152"}],"replies":[{"embeddable":true,"href":"https:\/\/avalems.ch\/de\/wp-json\/wp\/v2\/comments?post=28861"}],"version-history":[{"count":7,"href":"https:\/\/avalems.ch\/de\/wp-json\/wp\/v2\/pages\/28861\/revisions"}],"predecessor-version":[{"id":32602,"href":"https:\/\/avalems.ch\/de\/wp-json\/wp\/v2\/pages\/28861\/revisions\/32602"}],"up":[{"embeddable":true,"href":"https:\/\/avalems.ch\/de\/wp-json\/wp\/v2\/pages\/28815"}],"wp:attachment":[{"href":"https:\/\/avalems.ch\/de\/wp-json\/wp\/v2\/media?parent=28861"}],"wp:term":[{"taxonomy":"author","embeddable":true,"href":"https:\/\/avalems.ch\/de\/wp-json\/wp\/v2\/coauthors?post=28861"}],"curies":[{"name":"wp","href":"https:\/\/api.w.org\/{rel}","templated":true}]}}