{"id":28856,"date":"2025-01-22T15:37:22","date_gmt":"2025-01-22T14:37:22","guid":{"rendered":"https:\/\/www.avalems.ch\/in-einem-pflegeheim-arbeiten\/erstausbildung-und-hoehere-bildung\/"},"modified":"2026-01-09T08:50:23","modified_gmt":"2026-01-09T07:50:23","slug":"erstausbildung-und-hoehere-bildung","status":"publish","type":"page","link":"https:\/\/avalems.ch\/de\/in-einem-pflegeheim-arbeiten\/erstausbildung-und-hoehere-bildung\/","title":{"rendered":"Grundbildungen und h\u00f6here Berufsbildungen"},"content":{"rendered":"\n<h1 class=\"wp-block-heading\">EMS-Ausbildung im Wallis: vollst\u00e4ndiger Leitfaden f\u00fcr Grund- und h\u00f6here Bildungswege<\/h1>\n\n\n\n<h2 class=\"wp-block-heading\">Qualifizierte Berufe in Pflegeheimen: eine obligatorische Ausbildung<\/h2>\n\n\n\n<p>Die Arbeit in einem <strong>Pflegeheim (EMS) im Wallis<\/strong> erfordert heute eine anerkannte Berufsausbildung. Die meisten <a href=\"[LIEN_INTERNE_METIERS_EMS_DE]\" title=\"EMS-Berufe entdecken\">in Pflegeheimen ausge\u00fcbten Berufe<\/a> sind qualifizierte T\u00e4tigkeiten, die den Abschluss einer Grundausbildung (Sekundarstufe) oder einer h\u00f6heren Ausbildung (Terti\u00e4rstufe) erfordern.<\/p>\n\n\n\n<p>Diese Qualifikationsanforderung gew\u00e4hrleistet die Qualit\u00e4t der Pflege f\u00fcr die Bewohner und entspricht den hohen Standards des Sektors der <strong>Langzeitpflege in der Schweiz<\/strong>, wie das <a href=\"https:\/\/www.bag.admin.ch\/de\/stationaere-langzeitpflege\" target=\"_blank\" data-type=\"link\" data-id=\"https:\/\/www.bag.admin.ch\/de\/stationaere-langzeitpflege\" rel=\"noreferrer noopener\">Bundesamt f\u00fcr Gesundheit (BAG)<\/a> best\u00e4tigt.<\/p>\n\n\n\n<h2 class=\"wp-block-heading\">EMS-Grundausbildung: EFZ und eidgen\u00f6ssisches Berufsattest<\/h2>\n\n\n\n<h3 class=\"wp-block-heading\">Eidgen\u00f6ssisches F\u00e4higkeitszeugnis (EFZ) &#8211; 3 bis 4 Jahre<\/h3>\n\n\n\n<p>Die <strong>Grundausbildung in Pflege und Betreuung<\/strong> f\u00fchrt nach 3 bis 4 Studienjahren zum <strong>Eidgen\u00f6ssischen F\u00e4higkeitszeugnis (EFZ)<\/strong>. Diese Ausbildungen, die in der Regel von Jugendlichen am Ende ihrer obligatorischen Schulzeit absolviert werden, stellen den K\u00f6nigsweg zu den <a href=\"https:\/\/avalems.ch\/de\/in-einem-pflegeheim-arbeiten\/job\/\" data-type=\"link\" data-id=\"https:\/\/avalems.ch\/de\/in-einem-pflegeheim-arbeiten\/job\/\">Besch\u00e4ftigungsm\u00f6glichkeiten in Walliser Pflegeheimen<\/a> dar.<\/p>\n\n\n\n<h3 class=\"wp-block-heading\">Eidgen\u00f6ssisches Berufsattest (EBA) &#8211; 2 Jahre<\/h3>\n\n\n\n<p>Das <strong>Eidgen\u00f6ssische Berufsattest (EBA)<\/strong> schliesst zweij\u00e4hrige Ausbildungen ab und erm\u00f6glicht den Zugang zu Stellen als Assistent in Pflege und Gesundheit. Diese Ausbildung stellt einen ausgezeichneten Einstieg in den medizinisch-sozialen Sektor dar.<\/p>\n\n\n\n<h3 class=\"wp-block-heading\">Berufsmaturit\u00e4t: Br\u00fccke zur h\u00f6heren Bildung<\/h3>\n\n\n\n<p>Die <strong>Berufsmaturit\u00e4t<\/strong>, die parallel zu den EFZ-Ausbildungen absolviert wird, \u00f6ffnet die T\u00fcren zu Fachhochschulen (FH) und Universit\u00e4ten. Dieser Weg erm\u00f6glicht den Zugang zu h\u00f6heren Gesundheitsausbildungen, wie das <a href=\"https:\/\/www.sbfi.admin.ch\/de\" target=\"_blank\" data-type=\"link\" data-id=\"https:\/\/www.sbfi.admin.ch\/de\" rel=\"noreferrer noopener\">Staatssekretariat f\u00fcr Bildung, Forschung und Innovation (SBFI)<\/a> best\u00e4tigt.<\/p>\n\n\n\n<h2 class=\"wp-block-heading\">H\u00f6here Ausbildungen: Fachhochschulen und Universit\u00e4ten<\/h2>\n\n\n\n<p>Der <strong>Langzeitpflegesektor im Wallis<\/strong> bietet dank h\u00f6herer Ausbildungen zahlreiche Entwicklungsperspektiven. FH- und Universit\u00e4tsdiplome erm\u00f6glichen den Zugang zu F\u00fchrungspositionen und Spezialisierungen in Pflegeheimen.<\/p>\n\n\n\n<p>Laut Daten des <a href=\"https:\/\/www.bfs.admin.ch\/bfs\/de\/home.html\" target=\"_blank\" data-type=\"link\" data-id=\"https:\/\/www.bfs.admin.ch\/bfs\/de\/home.html\" rel=\"noreferrer noopener\">Bundesamts f\u00fcr Statistik (BFS)<\/a> steigt die Nachfrage nach qualifizierten Fachkr\u00e4ften in der Langzeitpflege stetig, besonders im Wallis.<\/p>\n\n\n\n<h2 class=\"wp-block-heading\">Validierung von Bildungsleistungen (VAE): Erfahrung wertsch\u00e4tzen<\/h2>\n\n\n\n<p>Personen, die keine berufliche Grundbildung absolviert haben, k\u00f6nnen ihre Kompetenzen durch das System der <a href=\"https:\/\/www.orientation.ch\/dyn\/show\/7193?lang=de\" target=\"_blank\" rel=\"noopener\" title=\"Validierung von Bildungsleistungen\">Validierung von Bildungsleistungen (VAE)<\/a> anerkennen lassen. Dieses Verfahren erm\u00f6glicht es, <strong>in Pflegeheimen erworbene Berufserfahrung zu verwerten<\/strong> und eine offizielle Zertifizierung zu erhalten.<\/p>\n\n\n\n<p>Die VAE stellt eine wertvolle Gelegenheit f\u00fcr erfahrene Fachkr\u00e4fte dar, die ihre Laufbahn im medizinisch-sozialen Sektor des Wallis weiterentwickeln m\u00f6chten.<\/p>\n\n\n\n<h2 class=\"wp-block-heading\">EMS-Ausbildungszentren im Wallis: wo sich ausbilden lassen?<\/h2>\n\n\n\n<p>Das Wallis verf\u00fcgt \u00fcber ein qualitativ hochwertiges <strong>medizinisch-soziales Ausbildungsnetzwerk<\/strong>. Hier sind die wichtigsten Referenzzentren f\u00fcr die Ausbildung in EMS-Berufen:<\/p>\n\n\n\n<h3 class=\"wp-block-heading\">H\u00f6here Ausbildungen (FH)<\/h3>\n\n\n\n<p class=\"link travailler\"><a href=\"https:\/\/www.hevs.ch\/de\/hochschule\/hochschule-fur-gesundheit\/\" target=\"_blank\" rel=\"noopener\" title=\"HES-SO Wallis - Gesundheit\">HES-SO Wallis\/Valais &#8211; Hochschule f\u00fcr Gesundheit<\/a><\/p>\n\n\n\n<p class=\"link travailler\"><a href=\"https:\/\/www.hevs.ch\/de\/hochschule\/hochschule-fur-soziale-arbeit\/\" target=\"_blank\" rel=\"noopener\" title=\"HES-SO Wallis - Soziale Arbeit\">HES-SO Wallis\/Valais &#8211; Hochschule f\u00fcr Soziale Arbeit<\/a><\/p>\n\n\n\n<h3 class=\"wp-block-heading\">Grund- und Weiterbildungen<\/h3>\n\n\n\n<p class=\"link travailler\"><a href=\"https:\/\/formation.heviva.ch\/\" target=\"_blank\" rel=\"noopener\" title=\"Ausbildungszentrum H\u00e9viva\">Ausbildungszentrum H\u00e9viva<\/a> (Waadtl\u00e4nder Verband der Pflegeheime)<\/p>\n\n\n\n<p class=\"link travailler\"><a href=\"https:\/\/www.ortrassvs.ch\/de\/\" target=\"_blank\" rel=\"noopener\" title=\"OrTra SSVS Wallis\">OrTra SSVS<\/a> (Organisation der Arbeitswelt der Bereiche Gesundheit und Soziale Arbeit im Wallis)<\/p>\n\n\n\n<p class=\"link travailler\"><a href=\"https:\/\/espace-competences.ch\/\" target=\"_blank\" rel=\"noopener\" title=\"Espace Comp\u00e9tences Ausbildung\">Espace Comp\u00e9tences<\/a><\/p>\n\n\n\n<p class=\"link travailler\"><a href=\"https:\/\/www.crvalais.ch\/de\/unser-bildungsangebot\" target=\"_blank\" rel=\"noopener\" title=\"Ausbildungen Rotes Kreuz Wallis\">Schweizerisches Rotes Kreuz Wallis<\/a><\/p>\n\n\n\n<p class=\"link travailler\"><a href=\"http:\/\/www.epasc.ch\/ecole-professionnelle-martigny\/ecole-professionnelle-artisanale-service-1132.html\" target=\"_blank\" rel=\"noopener\" title=\"EPASC Martigny\">EPASC<\/a> (Berufsschule f\u00fcr Handwerk und Gemeinschaftsdienst)<\/p>\n\n\n\n<h3 class=\"wp-block-heading\">Referenzorganisationen<\/h3>\n\n\n\n<p class=\"link travailler\"><a href=\"https:\/\/www.odasante.ch\/de\/ausbildung-schweiz\/\" target=\"_blank\" rel=\"noopener\" title=\"OdASant\u00e9 Organisation\">OdASant\u00e9<\/a> (Schweizerische Organisation der Arbeitswelt Gesundheit)<\/p>\n\n\n\n<p class=\"link travailler\"><a href=\"https:\/\/www.artiset.ch\/\" target=\"_blank\" rel=\"noopener\" title=\"ARTISET Sozialsektor\">ARTISET<\/a> (Arbeitgeber Sozial- und Gesundheitssektor)<\/p>\n\n\n\n<p>Diese Liste stellt die wichtigsten Ausbildungszentren f\u00fcr EMS-Berufe im Wallis dar, ohne Anspruch auf Vollst\u00e4ndigkeit.<\/p>\n\n\n\n<h2 class=\"wp-block-heading\">Nationale Anerkennung der medizinisch-sozialen Ausbildungen<\/h2>\n\n\n\n<p>Seit 2004 sind alle <strong>Ausbildungen im Gesundheits- und Sozialbereich auf schweizerischer Ebene vereinheitlicht<\/strong> und in allen Kantonen anerkannt. Diese vom <a href=\"https:\/\/www.sbfi.admin.ch\/sbfi\/de\/home\/das-sbfi\/das-sbfi.html\" target=\"_blank\" rel=\"noopener\" title=\"SBFI Bildung\">SBFI<\/a> \u00fcberwachte Harmonisierung garantiert die \u00dcbertragbarkeit der Diplome und erleichtert die berufliche Mobilit\u00e4t.<\/p>\n\n\n\n<p>Diese nationale Anerkennung stellt einen grossen Vorteil f\u00fcr im Wallis ausgebildete Fachkr\u00e4fte dar, die sich in anderen Kantonen oder Regionen der Schweiz weiterentwickeln m\u00f6chten.<\/p>\n\n\n\n<h2 class=\"wp-block-heading\">Orientierung und Beratung zur Wahl der EMS-Ausbildung<\/h2>\n\n\n\n<p>Um Ihnen bei der Wahl der <strong>EMS-Ausbildung, die Ihrem Berufsprojekt entspricht<\/strong>, zu helfen, stehen Ihnen mehrere Ressourcen zur Verf\u00fcgung:<\/p>\n\n\n\n<div style=\"height:5px\" aria-hidden=\"true\" class=\"wp-block-spacer\"><\/div>\n\n\n\n<div class=\"wp-block-columns is-layout-flex wp-container-core-columns-is-layout-9d6595d7 wp-block-columns-is-layout-flex\">\n<div class=\"wp-block-column is-layout-flow wp-block-column-is-layout-flow\">\n<h3 class=\"wp-block-heading link-block link travailler\"><a href=\"https:\/\/www.orientation.ch\/?lang=de\" target=\"_blank\" rel=\"noopener\" title=\"Berufliche Orientierung Schweiz\">Orientation.ch<\/a><\/h3>\n\n\n\n<p>Offizielles Schweizer Portal f\u00fcr Informationen \u00fcber Ausbildungen und Berufe<\/p>\n<\/div>\n\n\n\n<div class=\"wp-block-column is-layout-flow wp-block-column-is-layout-flow\">\n<h3 class=\"wp-block-heading link-block link travailler\"><a href=\"https:\/\/www.sbfi.admin.ch\/sbfi\/de\/home.html\" target=\"_blank\" rel=\"noopener\" title=\"SBFI Bildung Forschung\">Staatssekretariat f\u00fcr Bildung, Forschung und Innovation<\/a><\/h3>\n\n\n\n<p>Offizielle Informationen \u00fcber das schweizerische Bildungssystem<\/p>\n<\/div>\n<\/div>\n\n\n\n<h2 class=\"wp-block-heading\">Besch\u00e4ftigungsaussichten in Walliser Pflegeheimen<\/h2>\n\n\n\n<p>Der Sektor der <strong>Langzeitpflege im Wallis<\/strong> bietet ausgezeichnete Besch\u00e4ftigungsaussichten. Mit der Alterung der Bev\u00f6lkerung steigt die Nachfrage nach qualifizierten Fachkr\u00e4ften stetig. Die vorgestellten Ausbildungen er\u00f6ffnen den Weg zu <a href=\"[LIEN_INTERNE_OFFRES_EMPLOI_DE]\" title=\"Besch\u00e4ftigungsm\u00f6glichkeiten EMS Wallis\">bereichernden Laufbahnen in Walliser Pflegeheimen<\/a>.<\/p>\n\n\n\n<p>Ob Sie sich f\u00fcr eine Grund- oder h\u00f6here Ausbildung entscheiden, der medizinisch-soziale Sektor bietet Ihnen nachhaltige und wertvolle berufliche Entwicklungsm\u00f6glichkeiten.<\/p>\n\n\n\n<p><strong>Sie suchen weitere Informationen?<\/strong> Besuchen Sie unsere Seite zu den <a href=\"[LIEN_INTERNE_METIERS_EMS_DE]\" title=\"Verf\u00fcgbare EMS-Berufe\">EMS-Berufen<\/a> oder entdecken Sie unsere <a href=\"[LIEN_INTERNE_OFFRES_EMPLOI_DE]\" title=\"Aktuelle Stellenangebote\">aktuellen Stellenangebote<\/a>.<\/p>\n","protected":false},"excerpt":{"rendered":"<p>EMS-Ausbildung im Wallis: vollst\u00e4ndiger Leitfaden f\u00fcr Grund- und h\u00f6here Bildungswege Qualifizierte Berufe in Pflegeheimen: eine obligatorische Ausbildung Die Arbeit in einem Pflegeheim (EMS) im Wallis erfordert heute eine anerkannte Berufsausbildung. [&hellip;]<\/p>\n","protected":false},"author":152,"featured_media":0,"parent":28841,"menu_order":165,"comment_status":"closed","ping_status":"closed","template":"","meta":{"footnotes":""},"coauthors":[106],"class_list":["post-28856","page","type-page","status-publish","hentry"],"publishpress_future_action":{"enabled":false,"date":"2026-05-14 19:22:04","action":"change-status","newStatus":"draft","terms":[],"taxonomy":"translation_priority","extraData":[]},"publishpress_future_workflow_manual_trigger":{"enabledWorkflows":[]},"_links":{"self":[{"href":"https:\/\/avalems.ch\/de\/wp-json\/wp\/v2\/pages\/28856","targetHints":{"allow":["GET"]}}],"collection":[{"href":"https:\/\/avalems.ch\/de\/wp-json\/wp\/v2\/pages"}],"about":[{"href":"https:\/\/avalems.ch\/de\/wp-json\/wp\/v2\/types\/page"}],"author":[{"embeddable":true,"href":"https:\/\/avalems.ch\/de\/wp-json\/wp\/v2\/users\/152"}],"replies":[{"embeddable":true,"href":"https:\/\/avalems.ch\/de\/wp-json\/wp\/v2\/comments?post=28856"}],"version-history":[{"count":9,"href":"https:\/\/avalems.ch\/de\/wp-json\/wp\/v2\/pages\/28856\/revisions"}],"predecessor-version":[{"id":37796,"href":"https:\/\/avalems.ch\/de\/wp-json\/wp\/v2\/pages\/28856\/revisions\/37796"}],"up":[{"embeddable":true,"href":"https:\/\/avalems.ch\/de\/wp-json\/wp\/v2\/pages\/28841"}],"wp:attachment":[{"href":"https:\/\/avalems.ch\/de\/wp-json\/wp\/v2\/media?parent=28856"}],"wp:term":[{"taxonomy":"author","embeddable":true,"href":"https:\/\/avalems.ch\/de\/wp-json\/wp\/v2\/coauthors?post=28856"}],"curies":[{"name":"wp","href":"https:\/\/api.w.org\/{rel}","templated":true}]}}