{"id":28854,"date":"2025-01-22T15:37:21","date_gmt":"2025-01-22T14:37:21","guid":{"rendered":"https:\/\/www.avalems.ch\/in-einem-pflegeheim-arbeiten\/ehrenamtlich-taetig-werden\/"},"modified":"2025-01-22T15:37:24","modified_gmt":"2025-01-22T14:37:24","slug":"ehrenamtlich-taetig-werden","status":"publish","type":"page","link":"https:\/\/avalems.ch\/de\/in-einem-pflegeheim-arbeiten\/ehrenamtlich-taetig-werden\/","title":{"rendered":"Ehrenamtlich t\u00e4tig werden"},"content":{"rendered":"\n<p>Es gibt viele M\u00f6glichkeiten, ehrenamtlich in Alten- und Pflegeheimen zu arbeiten. Im Wallis koordiniert der Verein &#8222;B\u00e9n\u00e9voles Valais&#8220; diese Art von Aktivit\u00e4ten. <\/p>\n\n<p class=\"has-white-color has-text-color\">_<\/p>\n\n<p>&#8222;Die Freiwilligenarbeit umfasst eine Reihe von Aktivit\u00e4ten, die f\u00fcr das Wohl und das Interesse der Allgemeinheit von verschiedenen Organisationen durchgef\u00fchrt werden, die aus Personen bestehen, die sich freiwillig und ohne direkte Aussicht auf Bezahlung engagieren.<\/p>\n\n<p>Wenn Sie dieses Konzept unterst\u00fctzen und ehrenamtlich t\u00e4tig werden m\u00f6chten, wenden Sie sich bitte an :<\/p>\n\n<p><br\/>Freiwillige Vereinigung Valais &#8211; Wallis  <\/p>\n\n<p>Avenue de Tourbillon 19<\/p>\n\n<p>1950 Sion<\/p>\n\n<p><br\/>Mob. +41 76 818 91 24<br\/>Tel. +41 27 324 95 37  <\/p>\n\n<p><a href=\"http:\/\/www.benevoles-vs.ch\/valais\" target=\"_blank\" rel=\"noreferrer noopener\">http:\/\/www.benevoles-vs.ch\/valais<\/a><br\/><a class=\"\" href=\"mailto:info@benevoles-vs.ch\">info@benevoles-vs.ch<\/a><\/p>\n","protected":false},"excerpt":{"rendered":"<p>Es gibt viele M\u00f6glichkeiten, ehrenamtlich in Alten- und Pflegeheimen zu arbeiten. Im Wallis koordiniert der Verein &#8222;B\u00e9n\u00e9voles Valais&#8220; diese Art von Aktivit\u00e4ten. _ &#8222;Die Freiwilligenarbeit umfasst eine Reihe von Aktivit\u00e4ten, [&hellip;]<\/p>\n","protected":false},"author":152,"featured_media":0,"parent":28841,"menu_order":161,"comment_status":"closed","ping_status":"closed","template":"","meta":{"footnotes":""},"coauthors":[106],"class_list":["post-28854","page","type-page","status-publish","hentry"],"publishpress_future_action":{"enabled":false,"date":"2026-05-22 16:17:39","action":"change-status","newStatus":"draft","terms":[],"taxonomy":"translation_priority","extraData":[]},"publishpress_future_workflow_manual_trigger":{"enabledWorkflows":[]},"_links":{"self":[{"href":"https:\/\/avalems.ch\/de\/wp-json\/wp\/v2\/pages\/28854","targetHints":{"allow":["GET"]}}],"collection":[{"href":"https:\/\/avalems.ch\/de\/wp-json\/wp\/v2\/pages"}],"about":[{"href":"https:\/\/avalems.ch\/de\/wp-json\/wp\/v2\/types\/page"}],"author":[{"embeddable":true,"href":"https:\/\/avalems.ch\/de\/wp-json\/wp\/v2\/users\/152"}],"replies":[{"embeddable":true,"href":"https:\/\/avalems.ch\/de\/wp-json\/wp\/v2\/comments?post=28854"}],"version-history":[{"count":1,"href":"https:\/\/avalems.ch\/de\/wp-json\/wp\/v2\/pages\/28854\/revisions"}],"predecessor-version":[{"id":28855,"href":"https:\/\/avalems.ch\/de\/wp-json\/wp\/v2\/pages\/28854\/revisions\/28855"}],"up":[{"embeddable":true,"href":"https:\/\/avalems.ch\/de\/wp-json\/wp\/v2\/pages\/28841"}],"wp:attachment":[{"href":"https:\/\/avalems.ch\/de\/wp-json\/wp\/v2\/media?parent=28854"}],"wp:term":[{"taxonomy":"author","embeddable":true,"href":"https:\/\/avalems.ch\/de\/wp-json\/wp\/v2\/coauthors?post=28854"}],"curies":[{"name":"wp","href":"https:\/\/api.w.org\/{rel}","templated":true}]}}