{"id":28833,"date":"2025-01-22T15:37:08","date_gmt":"2025-01-22T14:37:08","guid":{"rendered":"https:\/\/www.avalems.ch\/leben-in-einem-pflegeheim\/uebernahme-der-pflegekosten\/"},"modified":"2025-01-22T15:37:44","modified_gmt":"2025-01-22T14:37:44","slug":"uebernahme-der-pflegekosten","status":"publish","type":"page","link":"https:\/\/avalems.ch\/de\/leben-in-einem-pflegeheim\/uebernahme-der-pflegekosten\/","title":{"rendered":"\u00dcbernahme der Pflegekosten"},"content":{"rendered":"\n<p>Die Kosten f\u00fcr die Unterbringung in einem Pflegeheim gehen zu Lasten des Bewohners. Der Anteil des Bewohners an den Kosten der Langzeitpflege variiert zwischen 0% und 20%, abh\u00e4ngig von seinem Nettoverm\u00f6gen: <\/p>\n\n<ul class=\"wp-block-list\">\n<li><strong>0 CHF<\/strong> f\u00fcr Bewohner, die Sozialhilfe erhalten oder deren Nettoverm\u00f6gen weniger als 100.000 CHF betr\u00e4gt.<\/li>\n\n\n\n<li><strong>5,75 CHF pro Tag<\/strong> f\u00fcr Bewohner mit einem Nettoverm\u00f6gen zwischen 100.000 und 199.999 CHF.<\/li>\n\n\n\n<li><strong>11,50 CHF pro Tag<\/strong> f\u00fcr Bewohner mit einem Nettoverm\u00f6gen zwischen 200.000 und 499.999 CHF.<\/li>\n\n\n\n<li><strong>23,00 CHF pro Tag<\/strong> f\u00fcr Bewohner mit einem Nettoverm\u00f6gen von 500.000 CHF oder mehr.<\/li>\n<\/ul>\n\n<h4 class=\"wp-block-heading\">Reduzierung der Kostenbeteiligung<\/h4>\n\n<p>Es obliegt dem Bewohner oder seinem gesetzlichen Vertreter, auf der Grundlage des staatlichen Formulars &#8222;Beteiligung Versicherte&#8220; nachzuweisen, dass die Kostenbeteiligung reduziert werden kann. Die restlichen Kosten f\u00fcr Kurzaufenthalte werden von der \u00f6ffentlichen Hand (Kanton und Gemeinde) und den Sozialversicherungen f\u00fcr 5 Wochen \u00fcbernommen. <\/p>\n\n<p>Nach der <sup>sechsten<\/sup> Woche spricht man nicht mehr von einem Kurzaufenthalt und die Modalit\u00e4ten der Kostenbeteiligung beziehen sich dann auf den Langzeitaufenthalt. Die Kosten f\u00fcr die medizinische Versorgung werden durch die vom KVG anerkannten Leistungen gedeckt. <\/p>\n\n<h4 class=\"wp-block-heading\">Informationen f\u00fcr Einwohner aus anderen Kantonen<\/h4>\n\n<p>Bewohner, die aus einem anderen Kanton als dem Wallis kommen, m\u00fcssen sich an den Kanton ihres Steuerwohnsitzes wenden, um zu pr\u00fcfen, welchen Beitrag der betreffende Kanton \u00fcbernimmt. Walliser Bewohner, die in ein APH au\u00dferhalb des Kantons ziehen m\u00f6chten, m\u00fcssen sich mit der Dienststelle f\u00fcr Gesundheitswesen in Verbindung setzen: <\/p>\n\n<p>Service de la Sant\u00e9 publique<br\/>Avenue de la Gare 23<br\/>1950 Sion<br\/>Tel. 027 606 49 00<br\/><a href=\"mailto:santepublique@admin.vs.ch\">santepublique@admin.vs.ch<\/a><\/p>\n\n<h4 class=\"wp-block-heading\">Verf\u00fcgbare finanzielle Hilfen<\/h4>\n\n<p>Finanzielle Unterst\u00fctzung wie Hilflosenentsch\u00e4digungen, Hilfsmittel oder Erg\u00e4nzungsleistungen k\u00f6nnen bei der kantonalen IV-Stelle oder der Ausgleichskasse des Kantons Wallis beantragt werden.<\/p>\n\n<h5 class=\"wp-block-heading\">Hilfsmittel der AHV<\/h5>\n\n<p>Sie haben Anspruch auf Hilfsmittel der AHV, wenn Sie eine AHV-Rente oder Erg\u00e4nzungsleistungen beziehen und in der Schweiz wohnhaft sind. Diese Hilfsmittel werden von den Ausgleichskassen oder ihren Zweigstellen gew\u00e4hrt. <\/p>\n\n<h5 class=\"wp-block-heading\">Hilflosenentsch\u00e4digung<\/h5>\n\n<p>Eine Person gilt als hilflos, wenn sie f\u00fcr die allt\u00e4glichen Lebensverrichtungen (sich kleiden, sich waschen, essen usw.) regelm\u00e4\u00dfig der Hilfe Dritter bedarf und ihr Zustand eine dauernde Pflege oder eine pers\u00f6nliche \u00dcberwachung erfordert. Wenn Sie eine Altersrente oder Erg\u00e4nzungsleistungen beziehen und in der Schweiz wohnhaft sind, k\u00f6nnen Sie eine Hilflosenentsch\u00e4digung der AHV beantragen, wenn Sie an einer Hilflosigkeit leichten, mittleren oder schweren Grades leiden. F\u00fcr einen Versicherten, der in einem Pflegeheim lebt, betr\u00e4gt die Entsch\u00e4digung, die weder vom Einkommen noch vom Verm\u00f6gen abh\u00e4ngig ist, monatlich :  <\/p>\n\n<ul class=\"wp-block-list\">\n<li><strong>123 CHF<\/strong> f\u00fcr eine leichte Hilflosigkeit.<\/li>\n\n\n\n<li><strong>306 CHF<\/strong> f\u00fcr eine mittlere Hilflosigkeit.<\/li>\n\n\n\n<li><strong>490 CHF<\/strong> f\u00fcr schwere Hilflosigkeit.<\/li>\n<\/ul>\n\n<p>F\u00fcr weitere Informationen \u00fcber Hilflosenentsch\u00e4digungen besuchen Sie bitte die <a href=\"https:\/\/www.aivs.ch\/fr\/allocation-pour-impotent-31.html\" target=\"_blank\" rel=\"noopener\">Website der Kantonalen IV-Stelle Wallis<\/a>.<\/p>\n\n<h5 class=\"wp-block-heading\">Erg\u00e4nzungsleistungen (EL)<\/h5>\n\n<p>Erg\u00e4nzungsleistungen (EL) zur AHV und IV werden gew\u00e4hrt, wenn die Renten und anderen Eink\u00fcnfte den Lebensbedarf nicht decken. Sie sind ein Recht und nicht zu verwechseln mit Leistungen der \u00f6ffentlichen oder privaten F\u00fcrsorge. <\/p>\n\n<p>Anspruch auf Erg\u00e4nzungsleistungen haben Personen, die :<\/p>\n\n<ul class=\"wp-block-list\">\n<li>einen eigenen Anspruch auf eine AHV-Rente (auch bei Vorbezug des Rentenanspruchs), eine IV-Rente, eine Hilflosenentsch\u00e4digung der IV haben oder mindestens sechs Monate lang ein Taggeld der IV beziehen.<\/li>\n\n\n\n<li>ihren Wohnsitz und gew\u00f6hnlichen Aufenthalt in der Schweiz haben.<\/li>\n\n\n\n<li>Sie m\u00fcssen die schweizerische Staatsangeh\u00f6rigkeit besitzen oder, wenn sie Ausl\u00e4nder sind, zehn Jahre lang ununterbrochen in der Schweiz gewohnt haben. F\u00fcr Fl\u00fcchtlinge und Staatenlose betr\u00e4gt diese Frist f\u00fcnf Jahre. In der Regel erhalten Staatsangeh\u00f6rige eines Mitgliedstaates der Europ\u00e4ischen Gemeinschaft oder der EFTA die EL ohne Karenzzeit.  <\/li>\n<\/ul>\n\n<h3 class=\"wp-block-heading\">N\u00fctzliche Links und Formulare<\/h3>\n\n<ul class=\"wp-block-list\">\n<li><a>Formular f\u00fcr die Teilnahme von Versicherten<\/a><\/li>\n\n\n\n<li><a>Formular f\u00fcr den Antrag auf Erg\u00e4nzungsleistungen<\/a><\/li>\n\n\n\n<li><a href=\"https:\/\/www.ahv-iv.ch\/fr\/M%C3%A9mentos-Formulaires\/Formulaires\/Prestations-de-lAI#d-1404\" target=\"_blank\" rel=\"noopener\">Formular zur Beantragung von Hilfsmitteln<\/a><\/li>\n\n\n\n<li><a>Antragsformular f\u00fcr Hilflosenentsch\u00e4digung<\/a><\/li>\n\n\n\n<li><a href=\"https:\/\/www.ahv-iv.ch\/fr\/Assurances-sociales\/Assurance-vieillesse-et-survivants-AVS\/Moyens-auxiliaires\" target=\"_blank\" rel=\"noopener\">Hilfsmittel: Bedingungen f\u00fcr den Erhalt und Beschreibung<\/a><\/li>\n\n\n\n<li><a href=\"https:\/\/www.ahv-iv.ch\/fr\/Assurances-sociales\/Assurance-invalidit%C3%A9-AI\/Allocation-pour-impotent\" target=\"_blank\" rel=\"noopener\">Hilflosenentsch\u00e4digungen: Anspruchsvoraussetzungen und Beschreibung<\/a><\/li>\n\n\n\n<li><a href=\"https:\/\/www.vs.ch\/documents\/40893\/2695403\/Directives%20participation%20des%20assur%E9s\/de4d5275-f050-4e1f-aded-682c257e4b5e?t=.now?long\" target=\"_blank\" rel=\"noopener\">Richtlinie zur Beteiligung der Versicherten<\/a><\/li>\n\n\n\n<li><a href=\"https:\/\/lex.vs.ch\/app\/fr\/texts_of_law\/805.1\" target=\"_blank\" rel=\"noopener\">Information \u00fcber das Gesetz \u00fcber die Langzeitpflege von Bewohnern von Alten- und Pflegeheimen<\/a><\/li>\n<\/ul>\n","protected":false},"excerpt":{"rendered":"<p>Die Kosten f\u00fcr die Unterbringung in einem Pflegeheim gehen zu Lasten des Bewohners. Der Anteil des Bewohners an den Kosten der Langzeitpflege variiert zwischen 0% und 20%, abh\u00e4ngig von seinem [&hellip;]<\/p>\n","protected":false},"author":152,"featured_media":0,"parent":28778,"menu_order":149,"comment_status":"closed","ping_status":"closed","template":"","meta":{"footnotes":""},"coauthors":[106],"class_list":["post-28833","page","type-page","status-publish","hentry"],"publishpress_future_action":{"enabled":false,"date":"2026-06-13 19:44:46","action":"change-status","newStatus":"draft","terms":[],"taxonomy":"translation_priority","extraData":[]},"publishpress_future_workflow_manual_trigger":{"enabledWorkflows":[]},"_links":{"self":[{"href":"https:\/\/avalems.ch\/de\/wp-json\/wp\/v2\/pages\/28833","targetHints":{"allow":["GET"]}}],"collection":[{"href":"https:\/\/avalems.ch\/de\/wp-json\/wp\/v2\/pages"}],"about":[{"href":"https:\/\/avalems.ch\/de\/wp-json\/wp\/v2\/types\/page"}],"author":[{"embeddable":true,"href":"https:\/\/avalems.ch\/de\/wp-json\/wp\/v2\/users\/152"}],"replies":[{"embeddable":true,"href":"https:\/\/avalems.ch\/de\/wp-json\/wp\/v2\/comments?post=28833"}],"version-history":[{"count":3,"href":"https:\/\/avalems.ch\/de\/wp-json\/wp\/v2\/pages\/28833\/revisions"}],"predecessor-version":[{"id":28872,"href":"https:\/\/avalems.ch\/de\/wp-json\/wp\/v2\/pages\/28833\/revisions\/28872"}],"up":[{"embeddable":true,"href":"https:\/\/avalems.ch\/de\/wp-json\/wp\/v2\/pages\/28778"}],"wp:attachment":[{"href":"https:\/\/avalems.ch\/de\/wp-json\/wp\/v2\/media?parent=28833"}],"wp:term":[{"taxonomy":"author","embeddable":true,"href":"https:\/\/avalems.ch\/de\/wp-json\/wp\/v2\/coauthors?post=28833"}],"curies":[{"name":"wp","href":"https:\/\/api.w.org\/{rel}","templated":true}]}}