{"id":28831,"date":"2025-01-22T15:37:07","date_gmt":"2025-01-22T14:37:07","guid":{"rendered":"https:\/\/www.avalems.ch\/leben-in-einem-pflegeheim\/arten-von-angeboten\/"},"modified":"2025-09-08T15:47:09","modified_gmt":"2025-09-08T13:47:09","slug":"arten-von-angeboten","status":"publish","type":"page","link":"https:\/\/avalems.ch\/de\/leben-in-einem-pflegeheim\/arten-von-angeboten\/","title":{"rendered":"Arten von Angeboten"},"content":{"rendered":"\n<div class=\"wp-block-columns is-layout-flex wp-container-core-columns-is-layout-9d6595d7 wp-block-columns-is-layout-flex\">\n<div class=\"wp-block-column is-layout-flow wp-block-column-is-layout-flow\" style=\"flex-basis:300px\"><div class=\"sidebar-dossier\"><a class=\"back-category\" href=\"https:\/\/avalems.ch\/de\/leben-in-einem-pflegeheim\/arten-von-angeboten\/\"><svg width=\"18px\" height=\"15px\" viewBox=\"0 0 18 15\" version=\"1.1\" xmlns=\"http:\/\/www.w3.org\/2000\/svg\" xmlns:xlink=\"http:\/\/www.w3.org\/1999\/xlink\"><g id=\"Page-1\" stroke=\"none\" stroke-width=\"1\" fill=\"none\" fill-rule=\"evenodd\"><g id=\"10-Dossier-th\u00e9matique---resolution\" transform=\"translate(-118.000000, -263.000000)\" fill=\"#F49600\" fill-rule=\"nonzero\"><polygon id=\"Shape-Copy-32\" transform=\"translate(127.000000, 270.500000) rotate(-270.000000) translate(-127.000000, -270.500000) \" points=\"134 272.09901 132.634146 270.920792 127.682927 275.80198 127.682927 262 125.97561 262 125.97561 275.633663 121.195122 270.920792 120 272.09901 127 279 127 278.831683 127 279\"><\/polygon><\/g><\/g><\/svg>Arten von Angeboten<\/a><h3>Arten von Angeboten<\/h3>            <a class=\"active\" href=\"https:\/\/avalems.ch\/de\/leben-in-einem-pflegeheim\/arten-von-angeboten\/\">Arten von Angeboten<\/a>\n            <a href=\"https:\/\/avalems.ch\/de\/leben-in-einem-pflegeheim\/arten-von-angeboten\/die-tagesstaette\/\">Die Tagesst\u00e4tte<\/a><a href=\"https:\/\/avalems.ch\/de\/leben-in-einem-pflegeheim\/arten-von-angeboten\/spezialisierung-auf-psychogeriatrie\/\">Spezialisierung auf Psychogeriatrie<\/a><a href=\"https:\/\/avalems.ch\/de\/leben-in-einem-pflegeheim\/arten-von-angeboten\/geschuetzte-unterkuenfte\/\">Gesch\u00fctzte Unterk\u00fcnfte<\/a><a href=\"https:\/\/avalems.ch\/de\/leben-in-einem-pflegeheim\/arten-von-angeboten\/die-hospize\/\">Die Hospize<\/a><a href=\"https:\/\/avalems.ch\/de\/leben-in-einem-pflegeheim\/arten-von-angeboten\/der-lange-aufenthalt\/\">Die Langzeitpflege\u00a0<\/a><a href=\"https:\/\/avalems.ch\/de\/leben-in-einem-pflegeheim\/arten-von-angeboten\/der-kurzaufenthalt\/\">Der Kurzaufenthalt<\/a><\/div>\n<\/div>\n\n\n\n<div class=\"wp-block-column is-layout-flow wp-block-column-is-layout-flow\">\n<h1 class=\"wp-block-heading\">Arten von Angeboten<\/h1>\n\n\n\n<p>In den Walliser Alters- und Pflegeheimen gibt es verschiedene Arten von Angeboten.<\/p>\n\n\n\n<ul class=\"wp-block-list\">\n<li><a data-type=\"page\" data-id=\"28235\" href=\"https:\/\/www.avalems.ch\/de\/die-tagesstaette\/\">Tagesst\u00e4tte<\/a><\/li>\n\n\n\n<li><a href=\"https:\/\/www.avalems.ch\/de\/spezialisierung-auf-psychogeriatrie\/\" data-type=\"page\" data-id=\"28405\">Spezialisierung auf Psychogeriatrie<\/a><\/li>\n\n\n\n<li><a data-type=\"page\" data-id=\"28402\" href=\"https:\/\/www.avalems.ch\/de\/geschuetzte-unterkuenfte\/\">Gesch\u00fctzte Unterk\u00fcnfte<\/a><\/li>\n\n\n\n<li><a href=\"https:\/\/www.avalems.ch\/de\/die-hospize\/\" data-type=\"page\" data-id=\"28579\">Die Hospize<\/a><\/li>\n\n\n\n<li><a data-type=\"page\" data-id=\"28232\" href=\"https:\/\/www.avalems.ch\/de\/der-kurzaufenthalt\/\">Kurzzeitpflege<\/a><\/li>\n\n\n\n<li><a data-type=\"page\" data-id=\"28229\" href=\"https:\/\/www.avalems.ch\/de\/der-lange-aufenthalt\/\">Langzeitpflege<\/a><\/li>\n<\/ul>\n\n\n\n<p>W\u00e4hlen Sie aus dem Men\u00fc, um mehr \u00fcber die einzelnen Angebotstypen zu erfahren.<\/p>\n<\/div>\n<\/div>\n\n\n\n<p class=\"has-white-color has-text-color\">.<\/p>\n","protected":false},"excerpt":{"rendered":"<p>Arten von Angeboten In den Walliser Alters- und Pflegeheimen gibt es verschiedene Arten von Angeboten. W\u00e4hlen Sie aus dem Men\u00fc, um mehr \u00fcber die einzelnen Angebotstypen zu erfahren. .<\/p>\n","protected":false},"author":152,"featured_media":0,"parent":28778,"menu_order":147,"comment_status":"closed","ping_status":"closed","template":"template-sidebar.php","meta":{"footnotes":""},"coauthors":[106],"class_list":["post-28831","page","type-page","status-publish","hentry"],"publishpress_future_action":{"enabled":false,"date":"2026-05-25 22:17:33","action":"change-status","newStatus":"draft","terms":[],"taxonomy":"translation_priority","extraData":[]},"publishpress_future_workflow_manual_trigger":{"enabledWorkflows":[]},"_links":{"self":[{"href":"https:\/\/avalems.ch\/de\/wp-json\/wp\/v2\/pages\/28831","targetHints":{"allow":["GET"]}}],"collection":[{"href":"https:\/\/avalems.ch\/de\/wp-json\/wp\/v2\/pages"}],"about":[{"href":"https:\/\/avalems.ch\/de\/wp-json\/wp\/v2\/types\/page"}],"author":[{"embeddable":true,"href":"https:\/\/avalems.ch\/de\/wp-json\/wp\/v2\/users\/152"}],"replies":[{"embeddable":true,"href":"https:\/\/avalems.ch\/de\/wp-json\/wp\/v2\/comments?post=28831"}],"version-history":[{"count":7,"href":"https:\/\/avalems.ch\/de\/wp-json\/wp\/v2\/pages\/28831\/revisions"}],"predecessor-version":[{"id":30310,"href":"https:\/\/avalems.ch\/de\/wp-json\/wp\/v2\/pages\/28831\/revisions\/30310"}],"up":[{"embeddable":true,"href":"https:\/\/avalems.ch\/de\/wp-json\/wp\/v2\/pages\/28778"}],"wp:attachment":[{"href":"https:\/\/avalems.ch\/de\/wp-json\/wp\/v2\/media?parent=28831"}],"wp:term":[{"taxonomy":"author","embeddable":true,"href":"https:\/\/avalems.ch\/de\/wp-json\/wp\/v2\/coauthors?post=28831"}],"curies":[{"name":"wp","href":"https:\/\/api.w.org\/{rel}","templated":true}]}}