{"id":28829,"date":"2025-01-22T15:37:06","date_gmt":"2025-01-22T14:37:06","guid":{"rendered":"https:\/\/www.avalems.ch\/leben-in-einem-pflegeheim\/patientenrechte\/"},"modified":"2025-12-30T13:20:15","modified_gmt":"2025-12-30T12:20:15","slug":"patientenrechte","status":"publish","type":"page","link":"https:\/\/avalems.ch\/de\/leben-in-einem-pflegeheim\/patientenrechte\/","title":{"rendered":"Patientenrechte"},"content":{"rendered":"\n<p>Die Hauptrechte sind:<\/p>\n\n\n\n<ul class=\"wp-block-list\">\n<li>Recht auf Aufkl\u00e4rung<\/li>\n\n\n\n<li>Freie Einwilligung nach umfassender Aufkl\u00e4rung<\/li>\n\n\n\n<li>Patientenverf\u00fcgung, therapeutische Vertretung und Vorsorgeauftrag<\/li>\n\n\n\n<li>Freie Wahl der Gesundheitsfachperson und der Pflegeeinrichtung<\/li>\n\n\n\n<li>Einschr\u00e4nkende Massnahmen und Behandlungen ohne Einwilligung<\/li>\n\n\n\n<li>Berufsgeheimnis<\/li>\n\n\n\n<li>Recht auf Einsicht in das Patientendossier<\/li>\n\n\n\n<li>Recht, sich begleiten zu lassen<\/li>\n\n\n\n<li>Organ- und Gewebespende<\/li>\n<\/ul>\n\n\n\n<p><a href=\"https:\/\/www.vs.ch\/documents\/8841577\/8881879\/Die+Patientenrechte+im+%C3%9Cberblick+%28Deutsch%29.pdf\/984e3dfb-1882-4e4b-be93-469b8616a978?t=1548068834950&amp;v=1.0\" target=\"_blank\" rel=\"noreferrer noopener\">Brosch\u00fcre \u201eDie Patientenrechte im \u00dcberblick\u201c<\/a><\/p>\n\n\n\n<p><\/p>\n\n\n\n<p>Eine Patientin oder ein Patient, der sich wegen der Verletzung seiner Rechte beschweren m\u00f6chte, kann dies auf verschiedenen Ebenen tun:<\/p>\n\n\n\n<ul class=\"wp-block-list\">\n<li>Kontakt mit der Gesundheitsfachperson oder der betreffenden Einrichtung aufnehmen<\/li>\n\n\n\n<li>sich an die Mediatoren des Walliser Staatsrates wenden<\/li>\n\n\n\n<li>Verwaltungsbeschwerde einreichen<\/li>\n\n\n\n<li>Zivilklage einreichen<\/li>\n\n\n\n<li>Strafanzeige einreichen<\/li>\n<\/ul>\n\n\n\n<p><a href=\"https:\/\/www.vs.ch\/de\/web\/ssp\/droits-des-patients\" target=\"_blank\" rel=\"noreferrer noopener\">Mediation und Beschwerde<\/a><\/p>\n\n\n\n<p><\/p>\n\n\n\n<p><strong>Kontakt<\/strong><\/p>\n\n\n\n<p>Dienststelle f\u00fcr Gesundheitswesen Kantonsarztamt<\/p>\n\n\n\n<p>Avenue de la Gare 20, 1950 Sitten<\/p>\n\n\n\n<p>Telefon: 027 606 49 00<\/p>\n\n\n\n<p>F. 027 606 49 04<\/p>\n\n\n\n<p><a class=\"\" href=\"mailto:medecin-cantonal@admin.vs.ch\">medecin-cantonal@admin.vs.ch<\/a><\/p>\n\n\n\n<p><\/p>\n\n\n\n<h2 class=\"wp-block-heading\">Vereinigung zur Verteidigung von Patienten mit Wohnsitz im Wallis (ADPVAL)<\/h2>\n\n\n\n<p>Die Vereinigung verfolgt folgende Ziele:&nbsp;<\/p>\n\n\n\n<ul class=\"wp-block-list\">\n<li>Verteidigung der Interessen von Patienten, welche im Wallis hospitalisiert sind. Mitglieder und Nicht-Mitglieder;<\/li>\n\n\n\n<li>den Zugang zu qualitativ hochstehender Pflege in den Spit\u00e4lern und Kliniken des Wallis f\u00f6rdern;&nbsp;<\/li>\n\n\n\n<li>Die Transparenz der Spit\u00e4ler und Kliniken im Wallis f\u00f6rdern. Im Speziellen den Zugang der \u00d6ffentlichkeit zu Informationen bez\u00fcglich der Pflegequalit\u00e4t unter Ber\u00fccksichtigung der Pers\u00f6nlichkeitsreche der Patienten, des Berufsgeheimnisses und anderen Pflichten der Geheimhaltung, welche durch das Gesetz garantiert sind.&nbsp;<\/li>\n\n\n\n<li>den Zugang zu einer&nbsp;qualitativ hochstehenden Medizin ausserhalb des Kantons erm\u00f6glichen.<\/li>\n<\/ul>\n\n\n\n<p><\/p>\n\n\n\n<p>Um ihre Ziele zu erreichen, unternimmt die Vereinigung alle Massnahmen bei den Beh\u00f6rden oder Kliniken und Spit\u00e4lern des Wallis, welche sie als n\u00f6tig empfindet. Sie stellt einen konstruktiven Dialog zwischen allen Partnern des Gesundheitsesens sicher.&nbsp;<\/p>\n\n\n\n<p><\/p>\n\n\n\n<p>Bei einer Anfrage, welche einen spezifischen Fall betrifft, macht der Vorstant eine erste Analyse. Entscheidet er, dass der Fall eine vertiefte Untersuchung rechtfertigt, geht der Vorsand wie folgt vor: er<\/p>\n\n\n\n<ul class=\"wp-block-list\">\n<li>gew\u00e4hrt dem Antragsstelle juristische und medizinische Unterst\u00fctzung;<\/li>\n\n\n\n<li>ber\u00e4t den Antragssteller bei der Wahl eines Advokaten oder medizinischen Experten.&nbsp;<\/li>\n<\/ul>\n\n\n\n<p>Wenn die Gr\u00fcnde es rechtfertigen kann der Vorstand im Einverst\u00e4ndnis mit dem Patienten oder einem Familienmitglied (im Falle des Hinschiedes oder eingeschr\u00e4nkter Urteilsf\u00e4higkeit des Auftraggebers) entscheiden, selber auf seine Kosten einen Advokaten oder medizinischen Experten zu beauftragen<\/p>\n\n\n\n<p><\/p>\n\n\n\n<p><strong>Kontakt<\/strong><\/p>\n\n\n\n<p>Association de d\u00e9fense des patients domicili\u00e9s&nbsp;en Valais<\/p>\n\n\n\n<p>c\/o Etude de Me St\u00e9phane Veya<\/p>\n\n\n\n<p>Rue du Rh\u00f4ne 3<br>1920 Martigny<\/p>\n\n\n\n<p>+41 (27)&nbsp;565 36 95<\/p>\n\n\n\n<p><a class=\"\" href=\"mailto:info@adpval.ch\">info@adpval.ch<\/a><\/p>\n\n\n\n<p><\/p>\n\n\n\n<h2 class=\"wp-block-heading\">Ombudsstelle Gesundheitswesen und Sozialeinrichtungen<\/h2>\n\n\n\n<p>Diese neu geschaffene Beh\u00f6rde nimmt ihre Arbeit am 1. Januar 2018 auf. Sie ist beauftragt, Beschwerden und Hinweise von Patienten und Angestellten von sozialmedizinischen Institutionen zu suammeln. Sie erhebt ebenfalls anonyme Hinweise zu M\u00e4ngeln, welche von Whistleblowern gegeben werden.<\/p>\n\n\n\n<p>Die Ombutsstelle arbeitet unabh\u00e4ngig von der Verwaltung und untersteht der gr\u00f6ssten Geheimhaltungspflicht.<\/p>\n\n\n\n<p>F\u00fcr mehr Informationen klicken Sie auf folgenden Link:&nbsp;<a href=\"https:\/\/www.ombudsman-vs.ch\/de\/homepage.html\" target=\"_blank\" rel=\"noreferrer noopener\">https:\/\/www.ombudsman-vs.ch\/de\/homepage.html<\/a><\/p>\n","protected":false},"excerpt":{"rendered":"<p>Die Hauptrechte sind: Brosch\u00fcre \u201eDie Patientenrechte im \u00dcberblick\u201c Eine Patientin oder ein Patient, der sich wegen der Verletzung seiner Rechte beschweren m\u00f6chte, kann dies auf verschiedenen Ebenen tun: Mediation und [&hellip;]<\/p>\n","protected":false},"author":152,"featured_media":0,"parent":28778,"menu_order":145,"comment_status":"closed","ping_status":"closed","template":"","meta":{"footnotes":""},"coauthors":[106],"class_list":["post-28829","page","type-page","status-publish","hentry"],"publishpress_future_action":{"enabled":false,"date":"2026-05-25 22:25:26","action":"change-status","newStatus":"draft","terms":[],"taxonomy":"translation_priority","extraData":[]},"publishpress_future_workflow_manual_trigger":{"enabledWorkflows":[]},"_links":{"self":[{"href":"https:\/\/avalems.ch\/de\/wp-json\/wp\/v2\/pages\/28829","targetHints":{"allow":["GET"]}}],"collection":[{"href":"https:\/\/avalems.ch\/de\/wp-json\/wp\/v2\/pages"}],"about":[{"href":"https:\/\/avalems.ch\/de\/wp-json\/wp\/v2\/types\/page"}],"author":[{"embeddable":true,"href":"https:\/\/avalems.ch\/de\/wp-json\/wp\/v2\/users\/152"}],"replies":[{"embeddable":true,"href":"https:\/\/avalems.ch\/de\/wp-json\/wp\/v2\/comments?post=28829"}],"version-history":[{"count":5,"href":"https:\/\/avalems.ch\/de\/wp-json\/wp\/v2\/pages\/28829\/revisions"}],"predecessor-version":[{"id":37592,"href":"https:\/\/avalems.ch\/de\/wp-json\/wp\/v2\/pages\/28829\/revisions\/37592"}],"up":[{"embeddable":true,"href":"https:\/\/avalems.ch\/de\/wp-json\/wp\/v2\/pages\/28778"}],"wp:attachment":[{"href":"https:\/\/avalems.ch\/de\/wp-json\/wp\/v2\/media?parent=28829"}],"wp:term":[{"taxonomy":"author","embeddable":true,"href":"https:\/\/avalems.ch\/de\/wp-json\/wp\/v2\/coauthors?post=28829"}],"curies":[{"name":"wp","href":"https:\/\/api.w.org\/{rel}","templated":true}]}}