{"id":28825,"date":"2025-01-22T15:37:04","date_gmt":"2025-01-22T14:37:04","guid":{"rendered":"https:\/\/www.avalems.ch\/leben-in-einem-pflegeheim\/gesetzlicher-rahmen-und-richtlinien\/"},"modified":"2026-01-09T09:26:06","modified_gmt":"2026-01-09T08:26:06","slug":"gesetzlicher-rahmen-und-richtlinien","status":"publish","type":"page","link":"https:\/\/avalems.ch\/de\/leben-in-einem-pflegeheim\/gesetzlicher-rahmen-und-richtlinien\/","title":{"rendered":"Richtlinien und Gesetzlicher Rahmen der APH"},"content":{"rendered":"\n<h2 class=\"wp-block-heading\">Bundesnormen<\/h2>\n\n\n\n<div class=\"wp-block-columns is-layout-flex wp-container-core-columns-is-layout-9d6595d7 wp-block-columns-is-layout-flex\">\n<div class=\"wp-block-column is-layout-flow wp-block-column-is-layout-flow\">\n<h3 class=\"wp-block-heading\">KVG (Krankenversicherungsgesetz)<\/h3>\n\n\n\n<p>Das KVG ist ein Schweizer Bundesgesetz, das die obligatorische Krankenversicherung regelt. Es gew\u00e4hrleistet, dass alle in der Schweiz wohnhaften Personen Zugang zu qualitativ hochwertigen medizinischen Leistungen haben. Weitere Informationen finden Sie im vollst\u00e4ndigen Text des&nbsp;<a href=\"https:\/\/www.bag.admin.ch\/de\/bundesgesetz-ueber-die-krankenversicherung-kvg\" target=\"_blank\" rel=\"noopener\">KVG<\/a>.<\/p>\n<\/div>\n\n\n\n<div class=\"wp-block-column is-layout-flow wp-block-column-is-layout-flow\">\n<h3 class=\"wp-block-heading\">KLV (Krankenpflege-Leistungsverordnung)<\/h3>\n\n\n\n<p>Die KLV detailliert die von der obligatorischen Krankenversicherung abgedeckten Leistungen. Sie definiert die \u00fcbernommenen Pflege- und Behandlungsleistungen sowie die Bedingungen f\u00fcr deren Erstattung. Weitere Informationen zur&nbsp;<a href=\"https:\/\/www.bag.admin.ch\/de\/anhang-1-der-krankenpflege-leistungsverordnung-klv\" target=\"_blank\" rel=\"noopener\">KLV<\/a><a href=\"https:\/\/www.bag.admin.ch\/bag\/de\/home\/versicherungen\/krankenversicherung\/krankenversicherung-leistungen-tarife\/Aerztliche-Leistungen-in-der-Krankenversicherung\/anhang1klv.html\" target=\"_blank\" rel=\"noopener\">.<\/a><\/p>\n<\/div>\n<\/div>\n\n\n\n<div class=\"wp-block-columns is-layout-flex wp-container-core-columns-is-layout-9d6595d7 wp-block-columns-is-layout-flex\">\n<div class=\"wp-block-column is-layout-flow wp-block-column-is-layout-flow\">\n<h3 class=\"wp-block-heading\">MiGeL (Mittel- und Gegenst\u00e4nde-Liste)<\/h3>\n\n\n\n<p>Die MiGeL ist eine Liste, die die von der Krankenversicherung gedeckten medizinischen Hilfsmittel und Ger\u00e4te spezifiziert. Diese Liste ist unerl\u00e4sslich, um sicherzustellen, dass Patienten die notwendigen Ger\u00e4te ohne \u00fcberm\u00e4\u00dfige Kosten erhalten. Weitere Informationen zur<a href=\"https:\/\/www.bag.admin.ch\/de\/mittel-und-gegenstaendeliste-migel\" target=\"_blank\" rel=\"noopener\">&nbsp;MiGeL<\/a>.<\/p>\n<\/div>\n\n\n\n<div class=\"wp-block-column is-layout-flow wp-block-column-is-layout-flow\">\n<h3 class=\"wp-block-heading\">Nationale Qualit\u00e4tsindikatoren<\/h3>\n\n\n\n<p>Die nationalen Qualit\u00e4tsindikatoren sind Werkzeuge zur Bewertung und Verbesserung der Qualit\u00e4t der Pflege in den Alters- und Pflegeheimen. Sie erm\u00f6glichen den Vergleich der Leistungen der Einrichtungen und die Identifizierung von Bereichen, die Verbesserungen erfordern. Weitere Details finden Sie auf der&nbsp;<a href=\"https:\/\/www.bag.admin.ch\/de\/zahlen-fakten-zu-pflegeheimen\" target=\"_blank\" rel=\"noopener\">Website der nationalen Qualit\u00e4tsindikatoren.<\/a><\/p>\n<\/div>\n<\/div>\n\n\n\n<h2 class=\"wp-block-heading\">Kantonale Normen<\/h2>\n\n\n\n<div class=\"wp-block-columns is-layout-flex wp-container-core-columns-is-layout-9d6595d7 wp-block-columns-is-layout-flex\">\n<div class=\"wp-block-column is-layout-flow wp-block-column-is-layout-flow\">\n<h3 class=\"wp-block-heading\">F\u00fcr Fachkr\u00e4fte<\/h3>\n\n\n\n<p>Der Kanton Wallis hat spezifische Richtlinien f\u00fcr Fachkr\u00e4fte, die in den Alters- und Pflegeheimen arbeiten, festgelegt. Diese Normen zielen darauf ab, ein hohes Mass an Kompetenz und Professionalit\u00e4t beim Personal zu gew\u00e4hrleisten. Weitere Informationen finden Sie in den\u00a0<a href=\"https:\/\/www.vs.ch\/de\/web\/ssp\/langzeitpflege\" data-type=\"link\" data-id=\"https:\/\/www.vs.ch\/de\/web\/ssp\/langzeitpflege\" target=\"_blank\" rel=\"noopener\">kantonalen Richtlinien f\u00fcr Fachkr\u00e4fte.<\/a><\/p>\n<\/div>\n\n\n\n<div class=\"wp-block-column is-layout-flow wp-block-column-is-layout-flow\">\n<h3 class=\"wp-block-heading\">F\u00fcr Bewohner<\/h3>\n\n\n\n<p>Die kantonalen Normen f\u00fcr Bewohner der Alters- und Pflegeheime gew\u00e4hrleisten, dass diese angemessen betreut werden und in einer sicheren und respektvollen Umgebung leben. Diese Richtlinien decken verschiedene Aspekte der Pflege und der angebotenen Dienstleistungen ab. Weitere Informationen finden Sie in den&nbsp;<a href=\"https:\/\/www.vs.ch\/de\/web\/ssp\/soins\" target=\"_blank\" rel=\"noopener\">kantonalen Richtlinien f\u00fcr Bewohner<\/a>.<\/p>\n<\/div>\n<\/div>\n","protected":false},"excerpt":{"rendered":"<p>Bundesnormen KVG (Krankenversicherungsgesetz) Das KVG ist ein Schweizer Bundesgesetz, das die obligatorische Krankenversicherung regelt. Es gew\u00e4hrleistet, dass alle in der Schweiz wohnhaften Personen Zugang zu qualitativ hochwertigen medizinischen Leistungen haben. [&hellip;]<\/p>\n","protected":false},"author":152,"featured_media":0,"parent":28778,"menu_order":141,"comment_status":"closed","ping_status":"closed","template":"","meta":{"footnotes":""},"coauthors":[106],"class_list":["post-28825","page","type-page","status-publish","hentry"],"publishpress_future_action":{"enabled":false,"date":"2026-05-20 00:17:50","action":"change-status","newStatus":"draft","terms":[],"taxonomy":"translation_priority","extraData":[]},"publishpress_future_workflow_manual_trigger":{"enabledWorkflows":[]},"_links":{"self":[{"href":"https:\/\/avalems.ch\/de\/wp-json\/wp\/v2\/pages\/28825","targetHints":{"allow":["GET"]}}],"collection":[{"href":"https:\/\/avalems.ch\/de\/wp-json\/wp\/v2\/pages"}],"about":[{"href":"https:\/\/avalems.ch\/de\/wp-json\/wp\/v2\/types\/page"}],"author":[{"embeddable":true,"href":"https:\/\/avalems.ch\/de\/wp-json\/wp\/v2\/users\/152"}],"replies":[{"embeddable":true,"href":"https:\/\/avalems.ch\/de\/wp-json\/wp\/v2\/comments?post=28825"}],"version-history":[{"count":10,"href":"https:\/\/avalems.ch\/de\/wp-json\/wp\/v2\/pages\/28825\/revisions"}],"predecessor-version":[{"id":37799,"href":"https:\/\/avalems.ch\/de\/wp-json\/wp\/v2\/pages\/28825\/revisions\/37799"}],"up":[{"embeddable":true,"href":"https:\/\/avalems.ch\/de\/wp-json\/wp\/v2\/pages\/28778"}],"wp:attachment":[{"href":"https:\/\/avalems.ch\/de\/wp-json\/wp\/v2\/media?parent=28825"}],"wp:term":[{"taxonomy":"author","embeddable":true,"href":"https:\/\/avalems.ch\/de\/wp-json\/wp\/v2\/coauthors?post=28825"}],"curies":[{"name":"wp","href":"https:\/\/api.w.org\/{rel}","templated":true}]}}