{"id":28823,"date":"2025-01-22T15:37:02","date_gmt":"2025-01-22T14:37:02","guid":{"rendered":"https:\/\/www.avalems.ch\/verein\/mission\/"},"modified":"2025-01-22T15:37:02","modified_gmt":"2025-01-22T14:37:02","slug":"mission","status":"publish","type":"page","link":"https:\/\/avalems.ch\/de\/verein\/mission\/","title":{"rendered":"Mission"},"content":{"rendered":"\n<p>Die WALEMS ist der Dachverband der Walliser Alters- und Pflegeheime. Wir setzen uns f\u00fcr eine Gesundheits- und Sozialpolitik ein, die die Autonomie der verschiedenen Akteure und die Qualit\u00e4t der Betreuung von Senioren und pflegebed\u00fcrftigen Personen f\u00f6rdert. <\/p>\n\n<p class=\"has-white-color has-text-color\">.<\/p>\n\n<p>Dar\u00fcber hinaus wollen wir ein proaktiver Akteur bei der Begleitung endogener und exogener Ver\u00e4nderungen sein, die mit den Aktivit\u00e4ten unserer Mitglieder verbunden sind. Zu diesem Zweck initiieren wir \u00dcberlegungen zu beruflichen Themen und f\u00fchren Projekte zur F\u00f6rderung von Best Practices durch. <\/p>\n","protected":false},"excerpt":{"rendered":"<p>Die WALEMS ist der Dachverband der Walliser Alters- und Pflegeheime. Wir setzen uns f\u00fcr eine Gesundheits- und Sozialpolitik ein, die die Autonomie der verschiedenen Akteure und die Qualit\u00e4t der Betreuung [&hellip;]<\/p>\n","protected":false},"author":152,"featured_media":0,"parent":28815,"menu_order":188,"comment_status":"closed","ping_status":"closed","template":"","meta":{"footnotes":""},"coauthors":[106],"class_list":["post-28823","page","type-page","status-publish","hentry"],"publishpress_future_action":{"enabled":false,"date":"2026-05-22 16:17:09","action":"change-status","newStatus":"draft","terms":[],"taxonomy":"translation_priority","extraData":[]},"publishpress_future_workflow_manual_trigger":{"enabledWorkflows":[]},"_links":{"self":[{"href":"https:\/\/avalems.ch\/de\/wp-json\/wp\/v2\/pages\/28823","targetHints":{"allow":["GET"]}}],"collection":[{"href":"https:\/\/avalems.ch\/de\/wp-json\/wp\/v2\/pages"}],"about":[{"href":"https:\/\/avalems.ch\/de\/wp-json\/wp\/v2\/types\/page"}],"author":[{"embeddable":true,"href":"https:\/\/avalems.ch\/de\/wp-json\/wp\/v2\/users\/152"}],"replies":[{"embeddable":true,"href":"https:\/\/avalems.ch\/de\/wp-json\/wp\/v2\/comments?post=28823"}],"version-history":[{"count":1,"href":"https:\/\/avalems.ch\/de\/wp-json\/wp\/v2\/pages\/28823\/revisions"}],"predecessor-version":[{"id":28824,"href":"https:\/\/avalems.ch\/de\/wp-json\/wp\/v2\/pages\/28823\/revisions\/28824"}],"up":[{"embeddable":true,"href":"https:\/\/avalems.ch\/de\/wp-json\/wp\/v2\/pages\/28815"}],"wp:attachment":[{"href":"https:\/\/avalems.ch\/de\/wp-json\/wp\/v2\/media?parent=28823"}],"wp:term":[{"taxonomy":"author","embeddable":true,"href":"https:\/\/avalems.ch\/de\/wp-json\/wp\/v2\/coauthors?post=28823"}],"curies":[{"name":"wp","href":"https:\/\/api.w.org\/{rel}","templated":true}]}}