{"id":28821,"date":"2025-01-22T15:37:01","date_gmt":"2025-01-22T14:37:01","guid":{"rendered":"https:\/\/www.avalems.ch\/verein\/satzung\/"},"modified":"2025-05-28T10:04:09","modified_gmt":"2025-05-28T08:04:09","slug":"statuten","status":"publish","type":"page","link":"https:\/\/avalems.ch\/de\/verein\/statuten\/","title":{"rendered":"Statuten"},"content":{"rendered":"\n<p class=\"has-large-font-size\">Die Statuten legen den rechtlichen Rahmen und die Organisation der Vereinigung fest. Sie verschaffen der Vereinigung ein solides Fundament, um mehr Einfluss auszu\u00fcben und ihre Mitglieder hinter einer gemeinsamen Vision zu vereinigen, die sich in gemeinsamen Massnahmen niederschl\u00e4gt.<\/p>\n\n\n\n<p>Das Finanzreglement definiert die finanziellen Zust\u00e4ndigkeiten der verschiedenen Organe der AVALEMS. Es handelt sich um ein Standardreglement f\u00fcr Verb\u00e4nde, das die Befugnisse der Generalversammlung st\u00e4rkt.<\/p>\n\n\n\n<p>An der Generalversammlung vom 19. Dezember 2023 haben die Vereinsmitglieder die neuen Statuten und das neue Finanzreglement angenommen (das Finanzreglement wurde an der Generalversammlung vom 23. Mai 2025 noch mal \u00fcberarbeitet).<\/p>\n\n\n\n<div style=\"height:21px\" aria-hidden=\"true\" class=\"wp-block-spacer\"><\/div>\n\n\n\n<div class=\"wp-block-columns is-layout-flex wp-container-core-columns-is-layout-9d6595d7 wp-block-columns-is-layout-flex\">\n<div class=\"wp-block-column is-layout-flow wp-block-column-is-layout-flow\">\n<h3 class=\"wp-block-heading has-text-align-center link-block file\"><a href=\"https:\/\/www.avalems.ch\/wp-content\/uploads\/2025\/01\/20241219_Statuts-AVALEMS_DE.pdf\" target=\"_blank\" rel=\"noreferrer noopener\">Statuten<\/a><\/h3>\n<\/div>\n\n\n\n<div class=\"wp-block-column is-layout-flow wp-block-column-is-layout-flow\">\n<h3 class=\"wp-block-heading has-text-align-center link-block file\"><a href=\"https:\/\/avalems.ch\/wp-content\/uploads\/2025\/05\/20250523_Finanzreglement-AVALEMS-1.pdf\">Finanzreglement<\/a><\/h3>\n<\/div>\n<\/div>\n","protected":false},"excerpt":{"rendered":"<p>Die Statuten legen den rechtlichen Rahmen und die Organisation der Vereinigung fest. Sie verschaffen der Vereinigung ein solides Fundament, um mehr Einfluss auszu\u00fcben und ihre Mitglieder hinter einer gemeinsamen Vision [&hellip;]<\/p>\n","protected":false},"author":152,"featured_media":0,"parent":28815,"menu_order":186,"comment_status":"closed","ping_status":"closed","template":"","meta":{"footnotes":""},"coauthors":[106],"class_list":["post-28821","page","type-page","status-publish","hentry"],"publishpress_future_action":{"enabled":false,"date":"2026-05-14 16:14:15","action":"change-status","newStatus":"draft","terms":[],"taxonomy":"translation_priority","extraData":[]},"publishpress_future_workflow_manual_trigger":{"enabledWorkflows":[]},"_links":{"self":[{"href":"https:\/\/avalems.ch\/de\/wp-json\/wp\/v2\/pages\/28821","targetHints":{"allow":["GET"]}}],"collection":[{"href":"https:\/\/avalems.ch\/de\/wp-json\/wp\/v2\/pages"}],"about":[{"href":"https:\/\/avalems.ch\/de\/wp-json\/wp\/v2\/types\/page"}],"author":[{"embeddable":true,"href":"https:\/\/avalems.ch\/de\/wp-json\/wp\/v2\/users\/152"}],"replies":[{"embeddable":true,"href":"https:\/\/avalems.ch\/de\/wp-json\/wp\/v2\/comments?post=28821"}],"version-history":[{"count":10,"href":"https:\/\/avalems.ch\/de\/wp-json\/wp\/v2\/pages\/28821\/revisions"}],"predecessor-version":[{"id":32702,"href":"https:\/\/avalems.ch\/de\/wp-json\/wp\/v2\/pages\/28821\/revisions\/32702"}],"up":[{"embeddable":true,"href":"https:\/\/avalems.ch\/de\/wp-json\/wp\/v2\/pages\/28815"}],"wp:attachment":[{"href":"https:\/\/avalems.ch\/de\/wp-json\/wp\/v2\/media?parent=28821"}],"wp:term":[{"taxonomy":"author","embeddable":true,"href":"https:\/\/avalems.ch\/de\/wp-json\/wp\/v2\/coauthors?post=28821"}],"curies":[{"name":"wp","href":"https:\/\/api.w.org\/{rel}","templated":true}]}}