{"id":28815,"date":"2025-01-22T15:36:59","date_gmt":"2025-01-22T14:36:59","guid":{"rendered":"https:\/\/www.avalems.ch\/verein\/"},"modified":"2025-10-31T17:52:07","modified_gmt":"2025-10-31T16:52:07","slug":"verein","status":"publish","type":"page","link":"https:\/\/avalems.ch\/de\/verein\/","title":{"rendered":"Verband"},"content":{"rendered":"\n<p class=\"has-large-font-size\">Die AVALEMS (Walliser Vereinigung der Alters- und Pflegeheime) ist der Dachverband der sozialmedizinischen Einrichtungen im Wallis.<\/p>\n\n\n\n<p class=\"has-medium-font-size\">Sie engagiert sich f\u00fcr eine Gesundheits- und Sozialpolitik und f\u00f6rdert die Selbst\u00e4ndigkeit und die Qualit\u00e4t der Betreuung von Senioren und pflegebed\u00fcrftigen Personen. AVALEMS verteidigt die Interessen der Alters- und Pflegeheime, begleitet innere und \u00e4ussere Ver\u00e4nderungen und stellt \u00dcberlegungen zu beruflichen Themen. Sie setzt Projekte um, die bew\u00e4hrte Praktiken f\u00f6rdern, und positioniert sich damit als proaktiver und innovativer Akteur im medizinisch-sozialem Sektor des Wallis.<\/p>\n\n\n\n<div class=\"wp-block-columns is-layout-flex wp-container-core-columns-is-layout-9d6595d7 wp-block-columns-is-layout-flex\">\n<div class=\"wp-block-column is-layout-flow wp-block-column-is-layout-flow\">\n<div class=\"wp-block-group link-block\"><div class=\"wp-block-group__inner-container is-layout-constrained wp-block-group-is-layout-constrained\">\n<h3 class=\"wp-block-heading has-text-align-center\"><a href=\"https:\/\/avalems.ch\/de\/category\/aktuelles-avalems\/\">Aktuelles<\/a><\/h3>\n<\/div><\/div>\n<\/div>\n\n\n\n<div class=\"wp-block-column is-layout-flow wp-block-column-is-layout-flow\">\n<div class=\"wp-block-group link-block\"><div class=\"wp-block-group__inner-container is-layout-constrained wp-block-group-is-layout-constrained\">\n<h3 class=\"wp-block-heading has-text-align-center\"><a href=\"https:\/\/www.avalems.ch\/de\/verein\/organe\/\">Organe<\/a><\/h3>\n<\/div><\/div>\n<\/div>\n\n\n\n<div class=\"wp-block-column is-layout-flow wp-block-column-is-layout-flow\">\n<div class=\"wp-block-group link-block\"><div class=\"wp-block-group__inner-container is-layout-constrained wp-block-group-is-layout-constrained\">\n<h3 class=\"wp-block-heading has-text-align-center\"><a href=\"https:\/\/www.avalems.ch\/de\/verein\/statuten\/\">Statuten<\/a><\/h3>\n<\/div><\/div>\n<\/div>\n<\/div>\n\n\n\n<div class=\"wp-block-columns is-layout-flex wp-container-core-columns-is-layout-9d6595d7 wp-block-columns-is-layout-flex\">\n<div class=\"wp-block-column is-layout-flow wp-block-column-is-layout-flow\">\n<div class=\"wp-block-group link-block\"><div class=\"wp-block-group__inner-container is-layout-constrained wp-block-group-is-layout-constrained\">\n<h3 class=\"wp-block-heading has-text-align-center\"><a href=\"https:\/\/www.avalems.ch\/de\/verein\/avalems-preis\/\">AVALEMS-Preis<\/a><\/h3>\n<\/div><\/div>\n<\/div>\n\n\n\n<div class=\"wp-block-column is-layout-flow wp-block-column-is-layout-flow\">\n<div class=\"wp-block-group link-block\"><div class=\"wp-block-group__inner-container is-layout-constrained wp-block-group-is-layout-constrained\">\n<h3 class=\"wp-block-heading has-text-align-center\"><a href=\"https:\/\/www.avalems.ch\/de\/verein\/strategie-2024-2028\/\">Strategie 24-28<\/a><\/h3>\n<\/div><\/div>\n<\/div>\n\n\n\n<div class=\"wp-block-column is-layout-flow wp-block-column-is-layout-flow\">\n<div class=\"wp-block-group link-block\"><div class=\"wp-block-group__inner-container is-layout-constrained wp-block-group-is-layout-constrained\">\n<h3 class=\"wp-block-heading has-text-align-center\"><a href=\"https:\/\/avalems.ch\/de\/verein\/jahresberichte\/\">Jahresberichte<\/a><\/h3>\n<\/div><\/div>\n<\/div>\n<\/div>\n\n\n\n<div style=\"height:60px\" aria-hidden=\"true\" class=\"wp-block-spacer\"><\/div>\n\n<div class=\"wp-block-columns are-vertically-aligned-center group-text-button is-layout-flex wp-container-core-columns-is-layout-9d6595d7 wp-block-columns-is-layout-flex\">\n<div class=\"wp-block-column is-vertically-aligned-center is-layout-flow wp-block-column-is-layout-flow\">\n<figure class=\"wp-block-image size-large image\"><img loading=\"lazy\" decoding=\"async\" width=\"1024\" height=\"761\" src=\"https:\/\/www.avalems.ch\/wp-content\/uploads\/2024\/10\/fons-1024x761.webp\" alt=\"\" class=\"wp-image-26908\" srcset=\"https:\/\/avalems.ch\/wp-content\/uploads\/2024\/10\/fons-1024x761.webp 1024w, https:\/\/avalems.ch\/wp-content\/uploads\/2024\/10\/fons-300x223.webp 300w, https:\/\/avalems.ch\/wp-content\/uploads\/2024\/10\/fons-768x571.webp 768w, https:\/\/avalems.ch\/wp-content\/uploads\/2024\/10\/fons.webp 1190w\" sizes=\"auto, (max-width: 1024px) 100vw, 1024px\" \/><\/figure>\n\n\n\n<div style=\"height:10px\" aria-hidden=\"true\" class=\"wp-block-spacer\"><\/div>\n\n\n\n<p class=\"has-text-align-center button-link\"><a href=\"https:\/\/www.avalems.ch\/contact\/\" data-type=\"page\" data-id=\"3242\">Kontakt<\/a><\/p>\n\n\n\n<div style=\"height:90px\" aria-hidden=\"true\" class=\"wp-block-spacer\"><\/div>\n<\/div>\n<\/div>\n","protected":false},"excerpt":{"rendered":"<p>Die AVALEMS (Walliser Vereinigung der Alters- und Pflegeheime) ist der Dachverband der sozialmedizinischen Einrichtungen im Wallis. Sie engagiert sich f\u00fcr eine Gesundheits- und Sozialpolitik und f\u00f6rdert die Selbst\u00e4ndigkeit und die [&hellip;]<\/p>\n","protected":false},"author":152,"featured_media":0,"parent":0,"menu_order":179,"comment_status":"closed","ping_status":"closed","template":"","meta":{"footnotes":""},"coauthors":[106],"class_list":["post-28815","page","type-page","status-publish","hentry"],"publishpress_future_action":{"enabled":false,"date":"2026-06-13 00:35:37","action":"change-status","newStatus":"draft","terms":[],"taxonomy":"translation_priority","extraData":[]},"publishpress_future_workflow_manual_trigger":{"enabledWorkflows":[]},"_links":{"self":[{"href":"https:\/\/avalems.ch\/de\/wp-json\/wp\/v2\/pages\/28815","targetHints":{"allow":["GET"]}}],"collection":[{"href":"https:\/\/avalems.ch\/de\/wp-json\/wp\/v2\/pages"}],"about":[{"href":"https:\/\/avalems.ch\/de\/wp-json\/wp\/v2\/types\/page"}],"author":[{"embeddable":true,"href":"https:\/\/avalems.ch\/de\/wp-json\/wp\/v2\/users\/152"}],"replies":[{"embeddable":true,"href":"https:\/\/avalems.ch\/de\/wp-json\/wp\/v2\/comments?post=28815"}],"version-history":[{"count":6,"href":"https:\/\/avalems.ch\/de\/wp-json\/wp\/v2\/pages\/28815\/revisions"}],"predecessor-version":[{"id":36603,"href":"https:\/\/avalems.ch\/de\/wp-json\/wp\/v2\/pages\/28815\/revisions\/36603"}],"wp:attachment":[{"href":"https:\/\/avalems.ch\/de\/wp-json\/wp\/v2\/media?parent=28815"}],"wp:term":[{"taxonomy":"author","embeddable":true,"href":"https:\/\/avalems.ch\/de\/wp-json\/wp\/v2\/coauthors?post=28815"}],"curies":[{"name":"wp","href":"https:\/\/api.w.org\/{rel}","templated":true}]}}