{"id":28813,"date":"2025-01-22T15:36:56","date_gmt":"2025-01-22T14:36:56","guid":{"rendered":"https:\/\/www.avalems.ch\/leben-in-einem-pflegeheim\/qualivista\/"},"modified":"2026-02-13T17:11:33","modified_gmt":"2026-02-13T16:11:33","slug":"qualivista","status":"publish","type":"page","link":"https:\/\/avalems.ch\/de\/leben-in-einem-pflegeheim\/qualivista\/","title":{"rendered":"QUALIVISTA"},"content":{"rendered":"\n<p><strong>Das Wallis ist der erste Kanton der Westschweiz, der das Qualit\u00e4tssicherungsinstrument QUALIVISTA f\u00fcr alle seine Mitglieder einsetzt.<\/strong><\/p>\n\n\n\n<p>Am 8. April 2016 hat Das Departement f\u00fcr Gesundheit, Soziales und Kultur&nbsp;von AVALEMS vorgeschlagene Qualit\u00e4tssicherungsinstrument Qualivista anerkannt und bescheinigt, dass es die Anforderungen der Richtlinien f\u00fcr die Genehmigung zum Betrieb eines Alters- und Pflegeheim (APH) erf\u00fcllt. Diese Richtlinien erinnern insbesondere an die Verpflichtung der APH, \u00fcber ein Qualit\u00e4tssystem zu verf\u00fcgen.<\/p>\n\n\n\n<p><\/p>\n\n\n\n<p>Qualivista ist ein Instrument zur Messung der Qualit\u00e4t von APH, das urspr\u00fcnglich von Vertretern verschiedener Verb\u00e4nde f\u00fcr medizinisch-soziale Institutionen in der Deutschschweiz entwickelt wurde.&nbsp; Das Wallis ist der erste Kanton in der Westschweiz, der sie anwendet.&nbsp; &nbsp;Innerhalb von AVALEMS wird jedes APH von einem Zertifizierungsbeamten in dreimaligem Turnus \u00fcberpr\u00fcft. Die Alten- und Pflegeheime, die ihr Audit erfolgreich absolviert haben, erhalten den gleichnamige Qualit\u00e4tslabel.<\/p>\n\n\n\n<p><\/p>\n\n\n\n<h3 class=\"wp-block-heading\">Hilfreiche Links<\/h3>\n\n\n\n<p class=\"vivre link\"><a href=\"https:\/\/qualivista.ch\/bewertung\/stationaer\/downloads\/vs-de\" target=\"_blank\" rel=\"noopener\">Webseite Qualivista<\/a><\/p>\n\n\n\n<p class=\"vivre link\"><a href=\"https:\/\/www.qualivista.ch\/bewertung\/stationaer\/downloads\/vs-de\/anforderungen-und-kriterien\" target=\"_blank\" rel=\"noopener\">Anforderungen und Kriterien<\/a><\/p>\n\n\n\n<p class=\"vivre link\"><a href=\"https:\/\/www.qualivista.ch\/bewertung\/stationaer\/downloads\/vs-de\/auswertungsbeispiele\" target=\"_blank\" rel=\"noopener\">Auswertungsbeispiele<\/a><\/p>\n\n\n\n<p class=\"vivre link\"><a href=\"https:\/\/bewertung.qualivista.ch\/survey\/index\/sid\/735388\/lang\/de\/newtest\/Y\" target=\"_blank\" rel=\"noopener\">Login zur Selbstbewertung<\/a><\/p>\n\n\n\n<p>Die Passw\u00f6rter werden direkt von Qualivista bereitgestellt: Aus Datenschutzgr\u00fcnden kann Ihnen das Passwort leider nicht per E-Mail, sondern nur per SMS (schnellste Methode), per Post oder telefonisch \u00fcber den <a href=\"https:\/\/www.qualivista.ch\/support\" target=\"_blank\" rel=\"noopener\">Kundendienst<\/a> zugestellt werden.<\/p>\n\n\n\n<p>Wenn Sie eine SMS erhalten m\u00f6chten, k\u00f6nnen Sie ihnen Ihre Handynummer mitteilen. Diese wird ausschliesslich zur \u00dcbermittlung des Passworts verwendet.<\/p>\n\n\n\n<p>Teilen Sie ihnen kurz Ihre bevorzugte \u00dcbermittlungsart mit (<a href=\"mailto:support@qualivista.ch\">support@qualivista.ch<\/a> oder Tel. +41 61 921 74 70) und sie werden Ihnen das Passwort so schnell wie m\u00f6glich mitteilen.<\/p>\n","protected":false},"excerpt":{"rendered":"<p>Das Wallis ist der erste Kanton der Westschweiz, der das Qualit\u00e4tssicherungsinstrument QUALIVISTA f\u00fcr alle seine Mitglieder einsetzt. Am 8. April 2016 hat Das Departement f\u00fcr Gesundheit, Soziales und Kultur&nbsp;von AVALEMS [&hellip;]<\/p>\n","protected":false},"author":152,"featured_media":0,"parent":28778,"menu_order":139,"comment_status":"closed","ping_status":"closed","template":"","meta":{"footnotes":""},"coauthors":[106],"class_list":["post-28813","page","type-page","status-publish","hentry"],"publishpress_future_action":{"enabled":false,"date":"2026-05-18 17:15:30","action":"change-status","newStatus":"draft","terms":[],"taxonomy":"translation_priority","extraData":[]},"publishpress_future_workflow_manual_trigger":{"enabledWorkflows":[]},"_links":{"self":[{"href":"https:\/\/avalems.ch\/de\/wp-json\/wp\/v2\/pages\/28813","targetHints":{"allow":["GET"]}}],"collection":[{"href":"https:\/\/avalems.ch\/de\/wp-json\/wp\/v2\/pages"}],"about":[{"href":"https:\/\/avalems.ch\/de\/wp-json\/wp\/v2\/types\/page"}],"author":[{"embeddable":true,"href":"https:\/\/avalems.ch\/de\/wp-json\/wp\/v2\/users\/152"}],"replies":[{"embeddable":true,"href":"https:\/\/avalems.ch\/de\/wp-json\/wp\/v2\/comments?post=28813"}],"version-history":[{"count":7,"href":"https:\/\/avalems.ch\/de\/wp-json\/wp\/v2\/pages\/28813\/revisions"}],"predecessor-version":[{"id":38372,"href":"https:\/\/avalems.ch\/de\/wp-json\/wp\/v2\/pages\/28813\/revisions\/38372"}],"up":[{"embeddable":true,"href":"https:\/\/avalems.ch\/de\/wp-json\/wp\/v2\/pages\/28778"}],"wp:attachment":[{"href":"https:\/\/avalems.ch\/de\/wp-json\/wp\/v2\/media?parent=28813"}],"wp:term":[{"taxonomy":"author","embeddable":true,"href":"https:\/\/avalems.ch\/de\/wp-json\/wp\/v2\/coauthors?post=28813"}],"curies":[{"name":"wp","href":"https:\/\/api.w.org\/{rel}","templated":true}]}}