{"id":28778,"date":"2025-01-22T15:36:12","date_gmt":"2025-01-22T14:36:12","guid":{"rendered":"https:\/\/www.avalems.ch\/leben-in-einem-pflegeheim\/"},"modified":"2025-06-17T12:22:38","modified_gmt":"2025-06-17T10:22:38","slug":"leben-in-einem-pflegeheim","status":"publish","type":"page","link":"https:\/\/avalems.ch\/de\/leben-in-einem-pflegeheim\/","title":{"rendered":"Leben im APH"},"content":{"rendered":"\n<div class=\"wp-block-columns is-layout-flex wp-container-core-columns-is-layout-9d6595d7 wp-block-columns-is-layout-flex\">\n<div class=\"wp-block-column is-layout-flow wp-block-column-is-layout-flow\">\n<div class=\"wp-block-group link-block column vivre\"><div class=\"wp-block-group__inner-container is-layout-constrained wp-block-group-is-layout-constrained\">\n<a href=\"https:\/\/www.avalems.ch\/de\/leben-in-einem-pflegeheim\/suchen-sie-nach-einem-pflegeheim\/\">\n\n\n\n<h3 class=\"wp-block-heading has-text-align-center\">Ein APH suchen<\/h3>\n\n\n\n<p class=\"has-small-font-size\">Angeboten:<br>\u2013 Langzeitpflege<br>\u2013 Kurzzeitpflege<br>\u2013 Tagespflege<\/p>\n\n\n\n<p class=\"has-small-font-size\">Die untenstehende Suchmaschine hilft Ihnen, mit Hilfe der Suchkriterien nach Regionen und Leistungen das Alters- und Pflegeheim zu finden, das am besten Ihren Erwartungen oder den Anforderungen ihrer Angeh\u00f6rigen entspricht.<\/p>\n\n\n\n<\/a>\n<\/div><\/div>\n<\/div>\n\n\n\n<div class=\"wp-block-column is-layout-flow wp-block-column-is-layout-flow\">\n<div class=\"wp-block-group link-block column vivre\"><div class=\"wp-block-group__inner-container is-layout-constrained wp-block-group-is-layout-constrained\">\n<a href=\"https:\/\/avalems.ch\/de\/leben-in-einem-pflegeheim\/faq\/\">\n\n\n\n<h3 class=\"wp-block-heading has-text-align-center\">H\u00e4ufig gestellte Fragen<\/h3>\n\n\n\n<p class=\"has-small-font-size\">Auf dieser Seite finden Sie Antworten auf die am h\u00e4ufigsten gestellten Fragen, um Ihnen zu helfen, die Formalit\u00e4ten, das Leben in einem Pflegeheim und die finanziellen Aspekte besser zu verstehen.<\/p>\n\n\n\n<\/a>\n<\/div><\/div>\n<\/div>\n<\/div>\n\n\n\n<div class=\"wp-block-columns is-layout-flex wp-container-core-columns-is-layout-9d6595d7 wp-block-columns-is-layout-flex\">\n<div class=\"wp-block-column is-layout-flow wp-block-column-is-layout-flow\">\n<div class=\"wp-block-group link-block column vivre\"><div class=\"wp-block-group__inner-container is-layout-constrained wp-block-group-is-layout-constrained\">\n<a href=\"https:\/\/www.avalems.ch\/de\/leben-in-einem-pflegeheim\/arten-von-angeboten\/\">\n\n\n\n<h3 class=\"wp-block-heading has-text-align-center\">Angebotsarten<\/h3>\n\n\n\n<p class=\"has-small-font-size\">Die Walliser APH bieten mehrere Arten von Angeboten.<\/p>\n\n\n\n<\/a>\n<\/div><\/div>\n<\/div>\n\n\n\n<div class=\"wp-block-column is-layout-flow wp-block-column-is-layout-flow\">\n<div class=\"wp-block-group link-block column vivre\"><div class=\"wp-block-group__inner-container is-layout-constrained wp-block-group-is-layout-constrained\">\n<a href=\"https:\/\/www.avalems.ch\/de\/leben-in-einem-pflegeheim\/patientenrechte\/\">\n\n\n\n<h3 class=\"wp-block-heading has-text-align-center\">Patientenrechte<\/h3>\n\n\n\n<\/a>\n<\/div><\/div>\n<\/div>\n<\/div>\n\n\n\n<div class=\"wp-block-columns is-layout-flex wp-container-core-columns-is-layout-9d6595d7 wp-block-columns-is-layout-flex\">\n<div class=\"wp-block-column is-layout-flow wp-block-column-is-layout-flow\">\n<div class=\"wp-block-group link-block column vivre\"><div class=\"wp-block-group__inner-container is-layout-constrained wp-block-group-is-layout-constrained\">\n<a href=\"https:\/\/www.avalems.ch\/de\/leben-in-einem-pflegeheim\/soziale-beratung\/\">\n\n\n\n<h3 class=\"wp-block-heading has-text-align-center\">Sozialberatung<\/h3>\n\n\n\n<p class=\"has-small-font-size\">Pro Senectute Valais-Wallis bietet einen vertraulichen und kostenlosen sozialen Beratungsdienst an.<\/p>\n\n\n\n<\/a>\n<\/div><\/div>\n<\/div>\n\n\n\n<div class=\"wp-block-column is-layout-flow wp-block-column-is-layout-flow\">\n<div class=\"wp-block-group link-block column vivre\"><div class=\"wp-block-group__inner-container is-layout-constrained wp-block-group-is-layout-constrained\">\n<a href=\"https:\/\/www.avalems.ch\/de\/leben-in-einem-pflegeheim\/gesetzlicher-rahmen-und-richtlinien\/\">\n\n\n\n<h3 class=\"wp-block-heading has-text-align-center\">Richtlinien und Gesetzlicher Rahmen<\/h3>\n\n\n\n<p class=\"has-small-font-size\">Nachstehend finden Sie die f\u00fcr APH geltenden kantonalen Vorschriften. Sie bilden den gesetzlichen Rahmen f\u00fcr den Betrieb, die Organisation, Subventionierung etc. der Walliser Alters- und Pflegeheime. Sie erm\u00f6glichen eine Angleichung der praktischen Abl\u00e4ufe in den verschiedenen Einrichtungen und steigern die Qualit\u00e4t der vom APH erbrachten Dienstleistungen.<\/p>\n\n\n\n<\/a>\n<\/div><\/div>\n<\/div>\n<\/div>\n\n\n\n<div class=\"wp-block-columns is-layout-flex wp-container-core-columns-is-layout-9d6595d7 wp-block-columns-is-layout-flex\">\n<div class=\"wp-block-column is-layout-flow wp-block-column-is-layout-flow\">\n<div class=\"wp-block-group link-block column vivre\"><div class=\"wp-block-group__inner-container is-layout-constrained wp-block-group-is-layout-constrained\">\n<a href=\"https:\/\/www.avalems.ch\/de\/leben-in-einem-pflegeheim\/qualivista\/\">\n\n\n\n<h3 class=\"wp-block-heading has-text-align-center\">QUALIVISTA<\/h3>\n\n\n\n<p class=\"has-small-font-size\">QUALIVISTA ist ein Instrument zur Messung der Qualit\u00e4t von Alten- und Pflegeheimen.<\/p>\n\n\n\n<\/a>\n<\/div><\/div>\n<\/div>\n\n\n\n<div class=\"wp-block-column is-layout-flow wp-block-column-is-layout-flow\">\n<div class=\"wp-block-group link-block column vivre\"><div class=\"wp-block-group__inner-container is-layout-constrained wp-block-group-is-layout-constrained\">\n<a href=\"https:\/\/www.conseil-dethique.ch\/\" target=\"_blank\" rel=\"noopener\">\n\n\n\n<h3 class=\"wp-block-heading has-text-align-center\">Ethikrat<\/h3>\n\n\n\n<p class=\"has-small-font-size\">Der Ethikrat der AVALEMS entstand aus dem gemeinsamen Anliegen, die Ethik in medizinisch-psychosozialen Einrichtungen zu f\u00f6rdern und zu \u00fcberwachen.<\/p>\n\n\n\n<\/a>\n<\/div><\/div>\n<\/div>\n<\/div>\n","protected":false},"excerpt":{"rendered":"<p>Ein APH suchen Angeboten:\u2013 Langzeitpflege\u2013 Kurzzeitpflege\u2013 Tagespflege Die untenstehende Suchmaschine hilft Ihnen, mit Hilfe der Suchkriterien nach Regionen und Leistungen das Alters- und Pflegeheim zu finden, das am besten Ihren [&hellip;]<\/p>\n","protected":false},"author":152,"featured_media":0,"parent":0,"menu_order":136,"comment_status":"closed","ping_status":"closed","template":"","meta":{"footnotes":""},"coauthors":[106],"class_list":["post-28778","page","type-page","status-publish","hentry"],"publishpress_future_action":{"enabled":false,"date":"2026-05-08 20:47:03","action":"change-status","newStatus":"draft","terms":[],"taxonomy":"translation_priority","extraData":[]},"publishpress_future_workflow_manual_trigger":{"enabledWorkflows":[]},"_links":{"self":[{"href":"https:\/\/avalems.ch\/de\/wp-json\/wp\/v2\/pages\/28778","targetHints":{"allow":["GET"]}}],"collection":[{"href":"https:\/\/avalems.ch\/de\/wp-json\/wp\/v2\/pages"}],"about":[{"href":"https:\/\/avalems.ch\/de\/wp-json\/wp\/v2\/types\/page"}],"author":[{"embeddable":true,"href":"https:\/\/avalems.ch\/de\/wp-json\/wp\/v2\/users\/152"}],"replies":[{"embeddable":true,"href":"https:\/\/avalems.ch\/de\/wp-json\/wp\/v2\/comments?post=28778"}],"version-history":[{"count":9,"href":"https:\/\/avalems.ch\/de\/wp-json\/wp\/v2\/pages\/28778\/revisions"}],"predecessor-version":[{"id":32913,"href":"https:\/\/avalems.ch\/de\/wp-json\/wp\/v2\/pages\/28778\/revisions\/32913"}],"wp:attachment":[{"href":"https:\/\/avalems.ch\/de\/wp-json\/wp\/v2\/media?parent=28778"}],"wp:term":[{"taxonomy":"author","embeddable":true,"href":"https:\/\/avalems.ch\/de\/wp-json\/wp\/v2\/coauthors?post=28778"}],"curies":[{"name":"wp","href":"https:\/\/api.w.org\/{rel}","templated":true}]}}