{"id":28703,"date":"2025-01-22T15:32:57","date_gmt":"2025-01-22T14:32:57","guid":{"rendered":"https:\/\/www.avalems.ch\/rechtliche-hinweise\/"},"modified":"2025-01-22T15:32:58","modified_gmt":"2025-01-22T14:32:58","slug":"rechtliche-hinweise","status":"publish","type":"page","link":"https:\/\/avalems.ch\/de\/rechtliche-hinweise\/","title":{"rendered":"Rechtliche Hinweise"},"content":{"rendered":"\n<p>Durch das Abrufen von Informationen, Angaben oder Dokumenten auf der Website der Walliser Vereinigung der sozialmedizinischen Institutionen VWAP erkl\u00e4ren Sie sich mit den nachstehenden Bedingungen einverstanden. Die Walliser Vereinigung der Pflegeheime AVALEMS\/VWAP beh\u00e4lt sich das Recht vor, den Inhalt der Website und dieser Bedingungen jederzeit nach eigenem Ermessen ganz oder teilweise zu \u00e4ndern, zu erg\u00e4nzen oder zu l\u00f6schen. Dasselbe gilt f\u00fcr Verbesserungen und\/oder \u00c4nderungen an den Informationen.  <\/p>\n\n<h3 class=\"wp-block-heading\">Urheberrechte<\/h3>\n\n<p>Der gesamte Inhalt (Texte, Grafiken, Fotos usw.) der Website ist urheberrechtlich gesch\u00fctzt und, sofern nicht anders angegeben, das ausschlie\u00dfliche und vollst\u00e4ndige Eigentum der Walliser Vereinigung der Alters- und Pflegeheime AVALEMS\/VWAP. Der Nutzer hat auch die Hinweise auf Schutz- und Nutzungsrechte Dritter zu beachten, die auf dieser Website erscheinen k\u00f6nnen. <\/p>\n\n<p>Die Walliser Vereinigung der Alters- und Pflegeheime AVALEMS\/VWAP stellt die auf der Website enthaltenen Informationen ausschlie\u00dflich f\u00fcr den privaten Gebrauch und zu Informationszwecken zur Verf\u00fcgung.<\/p>\n\n<p>Es ist erlaubt, bestimmte Seiten und\/oder Teile der Website herunterzuladen, zu speichern, zu drucken oder anderweitig zu vervielf\u00e4ltigen, vorausgesetzt, dass weder die Copyrightvermerke noch andere gesetzlich gesch\u00fctzte Bezeichnungen entfernt werden. Die Walliser Vereinigung f\u00fcr Alters- und Pflegeheime AVALEMS\/VWAP beh\u00e4lt alle Eigentums- und Nutzungsrechte und kann diese Genehmigung jederzeit widerrufen. <\/p>\n\n<p>Die Vervielf\u00e4ltigung (teilweise oder vollst\u00e4ndig), Verbreitung (elektronisch oder mit anderen Mitteln), \u00c4nderung, Verkn\u00fcpfung oder Benutzung f\u00fcr \u00f6ffentliche oder kommerzielle Zwecke von Informationen jeglicher Art, die auf der Website enthalten sind, bed\u00fcrfen der vorherigen schriftlichen Genehmigung der Vereinigung Walliser Alters- und Pflegeheime VWAP\/VALALEMS.<\/p>\n\n<h3 class=\"wp-block-heading\">Ausschluss der Garantie<\/h3>\n\n<p>Obwohl die Vereinigung Walliser Alters- und Pflegeheime VWAP nach bestem Wissen und Gewissen darum bem\u00fcht ist, die Zuverl\u00e4ssigkeit der auf der Website enthaltenen Informationen zum Zeitpunkt ihrer Ver\u00f6ffentlichung zu gew\u00e4hrleisten, kann die Vereinigung Walliser Alters- und Pflegeheime VWAP die Genauigkeit, Zuverl\u00e4ssigkeit und Vollst\u00e4ndigkeit der auf der Website www.avalems.ch enthaltenen Informationen weder ausdr\u00fccklich noch implizit (auch gegen\u00fcber Dritten) best\u00e4tigen oder best\u00e4tigen.<\/p>\n\n<p>Die auf der Website www.avalems.ch ge\u00e4u\u00dferten Meinungen oder sonstigen Informationen k\u00f6nnen jederzeit ohne vorherige Ank\u00fcndigung ge\u00e4ndert werden. Die Walliser Vereinigung der Alters- und Pflegeheime AVALEMS\/VWAP \u00fcbernimmt keine Haftung oder Garantie daf\u00fcr, dass die Funktionen auf der Website www.avalems.ch nicht unterbrochen werden oder dass der Browser frei von Viren oder anderen sch\u00e4dlichen Bestandteilen ist. <\/p>\n\n<h3 class=\"wp-block-heading\">Beschr\u00e4nkung der Haftung<\/h3>\n\n<p>Die Walliser Vereinigung der Alters- und Pflegeheime AVALEMS\/VWAP \u00fcbernimmt keinerlei Haftung (auch nicht im Falle eines Verschuldens) f\u00fcr direkte, indirekte oder Folgesch\u00e4den, die sich aus dem Zugriff auf die Elemente der Website www.avalems.ch oder deren Nutzung bzw. aus der Unm\u00f6glichkeit des Zugriffs oder der Nutzung oder aus der Verbindung mit anderen Websites ergeben k\u00f6nnen.<\/p>\n\n<h3 class=\"wp-block-heading\">Links zu anderen Websites<\/h3>\n\n<p>Die Website www.avalems.ch enth\u00e4lt Links zu Websites Dritter, die f\u00fcr Sie von Interesse sein k\u00f6nnten. Wenn Sie diese Links aktivieren, verlassen Sie m\u00f6glicherweise die Website www.avalems.ch oder es werden Fenster von Websites Dritter in der Umgebung der Website www.avalems.ch angezeigt. Die Walliser Vereinigung der Alters- und Pflegeheime AVALEMS\/VWAP hat keine Kontrolle \u00fcber die mit der Website www.avalems.ch verlinkten Websites Dritter und kann in keiner Weise f\u00fcr den Inhalt und die Funktionsweise dieser Websites verantwortlich gemacht werden. Dies gilt unabh\u00e4ngig davon, ob Sie die Umgebung der Website www.avalems.ch durch Aktivierung eines Links verlassen oder ob die Pr\u00e4sentation einer Website Dritter in der Umgebung der Website www.avalems.ch erscheint, auch wenn in diesem Fall der Anbieter der auf dieser Website Dritter enthaltenen Informationen nicht klar ersichtlich ist. Das Risiko oder die Gefahr, die sich aus der Verbindung mit oder dem Besuch von Websites Dritter ergeben kann, liegt ausschlie\u00dflich beim Nutzer.    <\/p>\n\n<h3 class=\"wp-block-heading\">Datenschutz<\/h3>\n\n<p>Der Datenschutz ist f\u00fcr uns von gro\u00dfer Bedeutung. Als Besucher der Website www.avalems.ch entscheiden Sie selbst, welche pers\u00f6nlichen Daten Sie uns gegen\u00fcber offen legen wollen. Wir m\u00f6chten Sie jedoch darauf hinweisen, dass wir durch Ihren Besuch auf unserer Website und das Lesen unseres Newsletters automatisch in den Besitz von Informationen kommen, die es uns erm\u00f6glichen, festzustellen, wie unsere Besucher unsere Website und den Newsletter nutzen und welche Informationen f\u00fcr sie von besonderem Interesse sind.  <\/p>\n\n<p>Wenn Sie sich pers\u00f6nlich registrieren, Informationsmaterial oder andere Dienstleistungen anfordern, ben\u00f6tigen wir Ihre pers\u00f6nlichen Daten, z.B. Ihren Namen und Ihre Adresse. Sofern solche Leistungen von Dritten erbracht werden, geben wir Ihre Daten an die jeweiligen Dienstleister weiter, wozu Sie uns in diesem Rahmen automatisch erm\u00e4chtigen. Ansonsten behandeln wir Ihre pers\u00f6nlichen Daten vertraulich und anonym und geben sie nur in anonymisierter Form an Dritte weiter.  <\/p>\n\n<p>Die Nutzung der Daten soll es uns erm\u00f6glichen, unsere Website und unsere eigenen Dienstleistungsangebote an die Bed\u00fcrfnisse der Nutzer anzupassen. Dar\u00fcber hinaus dient die Datenverarbeitung insbesondere dazu, den Markt zu analysieren, das Interesse an unseren Dienstleistungen zu ermitteln und daraus Schl\u00fcsse f\u00fcr eine bedarfsgerechte Gestaltung der Dienstleistungen zu ziehen. Jede andere Nutzung Ihrer pers\u00f6nlichen Daten, insbesondere der Verkauf an Dritte, ist ausdr\u00fccklich ausgeschlossen.  <\/p>\n\n<h3 class=\"wp-block-heading\">Google Analytics<\/h3>\n\n<p>Diese Website benutzt Google Analytics, einen Webanalysedienst der Google Inc. (&#8222;Google&#8220;). Google Analytics verwendet sog. &#8222;Cookies&#8220;, Textdateien, die auf Ihrem Computer gespeichert werden und die eine Analyse der Benutzung der Website durch Sie erm\u00f6glichen. Die von den Cookies erzeugten Daten \u00fcber Ihre Nutzung der Website (einschlie\u00dflich Ihrer IP-Adresse) werden von Google auf Server in den USA \u00fcbertragen und dort gespeichert. Google wird diese Informationen benutzen, um Ihre Nutzung der Website auszuwerten, um Berichte \u00fcber die Aktivit\u00e4ten auf der Website f\u00fcr den Herausgeber zusammenzustellen und um andere Dienstleistungen im Zusammenhang mit der Aktivit\u00e4t der Website und der Nutzung des Internets zu erbringen.    <\/p>\n\n<p>Google kann diese Daten an Dritte weitergeben, wenn dies gesetzlich vorgeschrieben ist oder wenn diese Dritten die Daten im Auftrag von Google verarbeiten, einschlie\u00dflich insbesondere des Herausgebers dieser Website. Google wird Ihre IP-Adresse nicht mit anderen Daten, die sich im Besitz von Google befinden, in Verbindung bringen. Sie k\u00f6nnen die Verwendung von Cookies deaktivieren, indem Sie die entsprechenden Einstellungen in Ihrem Browser w\u00e4hlen. Eine solche Deaktivierung kann jedoch dazu f\u00fchren, dass Sie einige Funktionen dieser Website nicht nutzen k\u00f6nnen. Durch die Nutzung dieser Website erkl\u00e4ren Sie sich mit der Bearbeitung der \u00fcber Sie erhobenen Daten durch Google in der zuvor beschriebenen Art und Weise und zu dem zuvor benannten Zweck einverstanden.    <\/p>\n\n<h3 class=\"wp-block-heading\">Cookies<\/h3>\n\n<p>Cookies sind Codes, die ein Server auf Ihrer Festplatte speichert, um Sie in gesch\u00fctzten Datenbanksystemen besser identifizieren zu k\u00f6nnen. Sie k\u00f6nnen Ihren Browser jedoch so einstellen, dass er Sie benachrichtigt, wenn Sie ein Cookie erhalten, oder dass er diese Art von Austausch automatisch ablehnt. Sie k\u00f6nnen also selbst entscheiden, ob Sie den Cookie akzeptieren oder nicht.  <\/p>\n\n<h3 class=\"wp-block-heading\">Newsletter und elektronische Post<\/h3>\n\n<p>Die elektronischen Nachrichten oder Newsletter der Walliser Vereinigung der Alters- und Pflegeheime AVALEMS\/VWAP werden Ihnen nur dann zugesandt, wenn Sie dies w\u00fcnschen. Wenn Sie diese nicht mehr erhalten m\u00f6chten, k\u00f6nnen Sie sie jederzeit abbestellen. Bitte denken Sie daran, dass unverschl\u00fcsselt \u00fcbermittelte Daten von unbefugten Dritten gelesen oder ver\u00e4ndert werden k\u00f6nnen.  <\/p>\n\n<h3 class=\"wp-block-heading\">General<\/h3>\n\n<p>Wenn Sie Fragen oder Kommentare zu unseren rechtlichen Informationen oder zum Datenschutz haben, kontaktieren Sie uns bitte unter <a class=\"\" href=\"mailto:info@avalems.ch\">info@avalems.ch<\/a>.<\/p>\n","protected":false},"excerpt":{"rendered":"<p>Durch das Abrufen von Informationen, Angaben oder Dokumenten auf der Website der Walliser Vereinigung der sozialmedizinischen Institutionen VWAP erkl\u00e4ren Sie sich mit den nachstehenden Bedingungen einverstanden. Die Walliser Vereinigung der [&hellip;]<\/p>\n","protected":false},"author":152,"featured_media":0,"parent":0,"menu_order":1,"comment_status":"closed","ping_status":"closed","template":"","meta":{"footnotes":""},"coauthors":[],"class_list":["post-28703","page","type-page","status-publish","hentry"],"publishpress_future_action":{"enabled":false,"date":"2026-05-18 00:18:11","action":"change-status","newStatus":"draft","terms":[],"taxonomy":"translation_priority","extraData":[]},"publishpress_future_workflow_manual_trigger":{"enabledWorkflows":[]},"_links":{"self":[{"href":"https:\/\/avalems.ch\/de\/wp-json\/wp\/v2\/pages\/28703","targetHints":{"allow":["GET"]}}],"collection":[{"href":"https:\/\/avalems.ch\/de\/wp-json\/wp\/v2\/pages"}],"about":[{"href":"https:\/\/avalems.ch\/de\/wp-json\/wp\/v2\/types\/page"}],"author":[{"embeddable":true,"href":"https:\/\/avalems.ch\/de\/wp-json\/wp\/v2\/users\/152"}],"replies":[{"embeddable":true,"href":"https:\/\/avalems.ch\/de\/wp-json\/wp\/v2\/comments?post=28703"}],"version-history":[{"count":1,"href":"https:\/\/avalems.ch\/de\/wp-json\/wp\/v2\/pages\/28703\/revisions"}],"predecessor-version":[{"id":28704,"href":"https:\/\/avalems.ch\/de\/wp-json\/wp\/v2\/pages\/28703\/revisions\/28704"}],"wp:attachment":[{"href":"https:\/\/avalems.ch\/de\/wp-json\/wp\/v2\/media?parent=28703"}],"wp:term":[{"taxonomy":"author","embeddable":true,"href":"https:\/\/avalems.ch\/de\/wp-json\/wp\/v2\/coauthors?post=28703"}],"curies":[{"name":"wp","href":"https:\/\/api.w.org\/{rel}","templated":true}]}}