{"id":28693,"date":"2025-01-22T15:31:31","date_gmt":"2025-01-22T14:31:31","guid":{"rendered":"https:\/\/www.avalems.ch\/mitglieder-des-vorstands-der-vwapems\/"},"modified":"2025-05-26T10:59:20","modified_gmt":"2025-05-26T08:59:20","slug":"mitglieder-des-vorstands-der-vwapems","status":"publish","type":"page","link":"https:\/\/avalems.ch\/de\/verein\/organe\/mitglieder-des-vorstands-der-vwapems\/","title":{"rendered":"Mitglieder des Vorstands der AVALEMS"},"content":{"rendered":"\n<div class=\"wp-block-columns columns-organes is-layout-flex wp-container-core-columns-is-layout-9d6595d7 wp-block-columns-is-layout-flex\">\n<div class=\"wp-block-column is-layout-flow wp-block-column-is-layout-flow\" style=\"flex-basis:300px\">\n<div class=\"wp-block-group sidebar-dossier fixed-top-sidebar has-white-background-color has-background\"><div class=\"wp-block-group__inner-container is-layout-constrained wp-block-group-is-layout-constrained\">\n<p><a href=\"https:\/\/www.avalems.ch\/de\/verein\/organe\/\" data-type=\"page\" data-id=\"1268\">Organe<\/a><\/p>\n\n\n\n<p><a href=\"https:\/\/www.avalems.ch\/de\/verein\/organe\/generalversammlung-2\/\">Generalversammlung<\/a><\/p>\n\n\n\n<p><a href=\"https:\/\/www.avalems.ch\/de\/verein\/organe\/revisionsstelle\/\">Revisionsstelle<\/a><\/p>\n\n\n\n<p><a href=\"https:\/\/www.avalems.ch\/de\/verein\/organe\/mitglieder-des-vorstands-der-vwapems\/\">Vorstand der AVALEMS<\/a><\/p>\n\n\n\n<p><a href=\"https:\/\/www.avalems.ch\/de\/verein\/organe\/ausschuss-fuer-pflege-und-qualitaet-cosq\/\">Kommission Pflege und Qualit\u00e4t<\/a><\/p>\n\n\n\n<p><a href=\"https:\/\/www.avalems.ch\/de\/verein\/organe\/ausschuss-fuer-ausbildung-personalwesen-cofrh\/\">Aus-\/Weiterbildung und HR<\/a><\/p>\n\n\n\n<p><a href=\"https:\/\/www.avalems.ch\/de\/verein\/organe\/finanzausschuss-cofin\/\">Kommission Finanzen<\/a><\/p>\n\n\n\n<p><a href=\"https:\/\/www.avalems.ch\/de\/verein\/organe\/generalsekretariat\/\">Generalsekretariat<\/a><\/p>\n<\/div><\/div>\n<\/div>\n\n\n\n<div class=\"wp-block-column is-layout-flow wp-block-column-is-layout-flow\" style=\"flex-basis:66.66%\">\n<figure class=\"wp-block-image size-large is-resized\"><img loading=\"lazy\" decoding=\"async\" width=\"1024\" height=\"768\" src=\"https:\/\/avalems.ch\/wp-content\/uploads\/2025\/05\/comite2025-1024x768.jpg\" alt=\"\" class=\"wp-image-32604\" style=\"width:1101px\" srcset=\"https:\/\/avalems.ch\/wp-content\/uploads\/2025\/05\/comite2025-1024x768.jpg 1024w, https:\/\/avalems.ch\/wp-content\/uploads\/2025\/05\/comite2025-300x225.jpg 300w, https:\/\/avalems.ch\/wp-content\/uploads\/2025\/05\/comite2025-768x576.jpg 768w, https:\/\/avalems.ch\/wp-content\/uploads\/2025\/05\/comite2025-1536x1152.jpg 1536w, https:\/\/avalems.ch\/wp-content\/uploads\/2025\/05\/comite2025-2048x1536.jpg 2048w\" sizes=\"auto, (max-width: 1024px) 100vw, 1024px\" \/><figcaption class=\"wp-element-caption\">Von links nach rechts: Genevi\u00e8ve D\u00e9l\u00e8ze (sitzend), Olivier Turin, Matthias Salzmann (sitzend), Nicolas Kaufmann, Patrice Michaud (sitzend), Markus Lehner, Thierry Charmillot, Camille-Angelo Aglione (sitzend)  (Foto: Eric Pitteloud)<\/figcaption><\/figure>\n\n\n\n<div class=\"wp-block-columns is-layout-flex wp-container-core-columns-is-layout-9d6595d7 wp-block-columns-is-layout-flex\">\n<div class=\"wp-block-column is-layout-flow wp-block-column-is-layout-flow\" style=\"flex-basis:250px\">\n<figure class=\"wp-block-image size-large\"><img loading=\"lazy\" decoding=\"async\" width=\"768\" height=\"1024\" src=\"https:\/\/avalems.ch\/wp-content\/uploads\/2025\/05\/patrice-michaud-1-768x1024.jpg\" alt=\"\" class=\"wp-image-32629\" srcset=\"https:\/\/avalems.ch\/wp-content\/uploads\/2025\/05\/patrice-michaud-1-768x1024.jpg 768w, https:\/\/avalems.ch\/wp-content\/uploads\/2025\/05\/patrice-michaud-1-225x300.jpg 225w, https:\/\/avalems.ch\/wp-content\/uploads\/2025\/05\/patrice-michaud-1-1152x1536.jpg 1152w, https:\/\/avalems.ch\/wp-content\/uploads\/2025\/05\/patrice-michaud-1-1536x2048.jpg 1536w, https:\/\/avalems.ch\/wp-content\/uploads\/2025\/05\/patrice-michaud-1.jpg 1881w\" sizes=\"auto, (max-width: 768px) 100vw, 768px\" \/><\/figure>\n<\/div>\n\n\n\n<div class=\"wp-block-column is-layout-flow wp-block-column-is-layout-flow\">\n<h2>Patrice Michaud<\/h2>\n<p><strong>Pr\u00e4sident<\/strong><br \/><em>Direktor &#8222;Maisons de la Providence&#8220; <\/em><\/p>\n<p>Chemin de Pierre-Barna 18, 1934 Le Ch\u00e2ble<\/p>\n<\/div>\n<\/div>\n\n\n\n<div class=\"wp-block-columns is-layout-flex wp-container-core-columns-is-layout-9d6595d7 wp-block-columns-is-layout-flex\">\n<div class=\"wp-block-column is-layout-flow wp-block-column-is-layout-flow\" style=\"flex-basis:250px\">\n<figure class=\"wp-block-image size-large\"><img loading=\"lazy\" decoding=\"async\" width=\"768\" height=\"1024\" src=\"https:\/\/avalems.ch\/wp-content\/uploads\/2025\/05\/matthias-salzmann-1-768x1024.jpg\" alt=\"\" class=\"wp-image-32631\" srcset=\"https:\/\/avalems.ch\/wp-content\/uploads\/2025\/05\/matthias-salzmann-1-768x1024.jpg 768w, https:\/\/avalems.ch\/wp-content\/uploads\/2025\/05\/matthias-salzmann-1-225x300.jpg 225w, https:\/\/avalems.ch\/wp-content\/uploads\/2025\/05\/matthias-salzmann-1-1152x1536.jpg 1152w, https:\/\/avalems.ch\/wp-content\/uploads\/2025\/05\/matthias-salzmann-1-1536x2048.jpg 1536w, https:\/\/avalems.ch\/wp-content\/uploads\/2025\/05\/matthias-salzmann-1.jpg 1881w\" sizes=\"auto, (max-width: 768px) 100vw, 768px\" \/><\/figure>\n<\/div>\n\n\n\n<div class=\"wp-block-column is-layout-flow wp-block-column-is-layout-flow\">\n<p>\u00a0<\/p>\n<h2>Matthias Salzmann<\/h2>\n<p><strong>Vizepr\u00e4sident<\/strong><br \/><em>Pr\u00e4fekt des Bezirks Brig<\/em><\/p>\n<p>Bammattenweg 21, 3904 Naters<\/p>\n<\/div>\n<\/div>\n\n\n\n<div class=\"wp-block-columns is-layout-flex wp-container-core-columns-is-layout-9d6595d7 wp-block-columns-is-layout-flex\">\n<div class=\"wp-block-column is-layout-flow wp-block-column-is-layout-flow\" style=\"flex-basis:250px\">\n<figure class=\"wp-block-image size-large\"><img loading=\"lazy\" decoding=\"async\" width=\"768\" height=\"1024\" src=\"https:\/\/avalems.ch\/wp-content\/uploads\/2025\/05\/thierry-charmillot-1-768x1024.jpg\" alt=\"\" class=\"wp-image-32633\" srcset=\"https:\/\/avalems.ch\/wp-content\/uploads\/2025\/05\/thierry-charmillot-1-768x1024.jpg 768w, https:\/\/avalems.ch\/wp-content\/uploads\/2025\/05\/thierry-charmillot-1-225x300.jpg 225w, https:\/\/avalems.ch\/wp-content\/uploads\/2025\/05\/thierry-charmillot-1-1152x1536.jpg 1152w, https:\/\/avalems.ch\/wp-content\/uploads\/2025\/05\/thierry-charmillot-1-1536x2048.jpg 1536w, https:\/\/avalems.ch\/wp-content\/uploads\/2025\/05\/thierry-charmillot-1.jpg 1881w\" sizes=\"auto, (max-width: 768px) 100vw, 768px\" \/><\/figure>\n<\/div>\n\n\n\n<div class=\"wp-block-column is-layout-flow wp-block-column-is-layout-flow\">\n<h2>Thierry Charmillot<\/h2>\n<p><strong>Mitglied<\/strong><br \/><em>Direktor des APH &#8222;Le Christ-Roi&#8220;<\/em><\/p>\n<p>Chemin du Ch\u00e2telard 53<br \/>1978 Lens<\/p>\n<\/div>\n<\/div>\n\n\n\n<div class=\"wp-block-columns is-layout-flex wp-container-core-columns-is-layout-9d6595d7 wp-block-columns-is-layout-flex\">\n<div class=\"wp-block-column is-layout-flow wp-block-column-is-layout-flow\" style=\"flex-basis:250px\">\n<figure class=\"wp-block-image size-large\"><img loading=\"lazy\" decoding=\"async\" width=\"768\" height=\"1024\" src=\"https:\/\/avalems.ch\/wp-content\/uploads\/2025\/05\/genevieve-deleze-1-768x1024.jpg\" alt=\"\" class=\"wp-image-32636\" srcset=\"https:\/\/avalems.ch\/wp-content\/uploads\/2025\/05\/genevieve-deleze-1-768x1024.jpg 768w, https:\/\/avalems.ch\/wp-content\/uploads\/2025\/05\/genevieve-deleze-1-225x300.jpg 225w, https:\/\/avalems.ch\/wp-content\/uploads\/2025\/05\/genevieve-deleze-1-1152x1536.jpg 1152w, https:\/\/avalems.ch\/wp-content\/uploads\/2025\/05\/genevieve-deleze-1-1536x2048.jpg 1536w, https:\/\/avalems.ch\/wp-content\/uploads\/2025\/05\/genevieve-deleze-1.jpg 1881w\" sizes=\"auto, (max-width: 768px) 100vw, 768px\" \/><\/figure>\n<\/div>\n\n\n\n<div class=\"wp-block-column is-layout-flow wp-block-column-is-layout-flow\">\n<h2 class=\"wp-block-heading\">Genevi\u00e8ve D\u00e9l\u00e8ze<\/h2>\n\n\n\n<p><strong>Mitglied<\/strong><br><em>Direktorin der Fondation Home &#8222;St-Sylve&#8220;.<\/em><\/p>\n\n\n\n<p>Rte de Sion 11, 1981 Vex<\/p>\n<\/div>\n<\/div>\n\n\n\n<div class=\"wp-block-columns is-layout-flex wp-container-core-columns-is-layout-9d6595d7 wp-block-columns-is-layout-flex\">\n<div class=\"wp-block-column is-layout-flow wp-block-column-is-layout-flow\" style=\"flex-basis:250px\">\n<figure class=\"wp-block-image size-large\"><img loading=\"lazy\" decoding=\"async\" width=\"768\" height=\"1024\" src=\"https:\/\/avalems.ch\/wp-content\/uploads\/2025\/05\/nicolas-kaufmann-1-768x1024.jpg\" alt=\"\" class=\"wp-image-32638\" srcset=\"https:\/\/avalems.ch\/wp-content\/uploads\/2025\/05\/nicolas-kaufmann-1-768x1024.jpg 768w, https:\/\/avalems.ch\/wp-content\/uploads\/2025\/05\/nicolas-kaufmann-1-225x300.jpg 225w, https:\/\/avalems.ch\/wp-content\/uploads\/2025\/05\/nicolas-kaufmann-1-1152x1536.jpg 1152w, https:\/\/avalems.ch\/wp-content\/uploads\/2025\/05\/nicolas-kaufmann-1-1536x2048.jpg 1536w, https:\/\/avalems.ch\/wp-content\/uploads\/2025\/05\/nicolas-kaufmann-1.jpg 1881w\" sizes=\"auto, (max-width: 768px) 100vw, 768px\" \/><\/figure>\n<\/div>\n\n\n\n<div class=\"wp-block-column is-layout-flow wp-block-column-is-layout-flow\">\n<h2>Nicolas Kaufmann<\/h2>\n<p><strong>Mitglied<\/strong><br \/><em>Direktor Stiftung &#8222;Les Fleurs du Temps&#8220;<\/em><\/p>\n<p>Ruelle du Mont 8, 1926 Fully<\/p>\n<\/div>\n<\/div>\n\n\n\n<div class=\"wp-block-columns is-layout-flex wp-container-core-columns-is-layout-9d6595d7 wp-block-columns-is-layout-flex\">\n<div class=\"wp-block-column is-layout-flow wp-block-column-is-layout-flow\" style=\"flex-basis:250px\">\n<figure class=\"wp-block-image size-large\"><img loading=\"lazy\" decoding=\"async\" width=\"768\" height=\"1024\" src=\"https:\/\/avalems.ch\/wp-content\/uploads\/2025\/05\/markus-lehner-1-768x1024.jpg\" alt=\"\" class=\"wp-image-32640\" srcset=\"https:\/\/avalems.ch\/wp-content\/uploads\/2025\/05\/markus-lehner-1-768x1024.jpg 768w, https:\/\/avalems.ch\/wp-content\/uploads\/2025\/05\/markus-lehner-1-225x300.jpg 225w, https:\/\/avalems.ch\/wp-content\/uploads\/2025\/05\/markus-lehner-1-1152x1536.jpg 1152w, https:\/\/avalems.ch\/wp-content\/uploads\/2025\/05\/markus-lehner-1-1536x2048.jpg 1536w, https:\/\/avalems.ch\/wp-content\/uploads\/2025\/05\/markus-lehner-1.jpg 1881w\" sizes=\"auto, (max-width: 768px) 100vw, 768px\" \/><\/figure>\n<\/div>\n\n\n\n<div class=\"wp-block-column is-layout-flow wp-block-column-is-layout-flow\">\n<h2>Markus Lehner<\/h2>\n<p><strong>Mitglied<\/strong><br \/><em>Direktor APH &#8222;Martinsheim&#8220;<\/em><\/p>\n<p>Gewerbestrasse 7, 3930 Visp<\/p>\n<\/div>\n<\/div>\n\n\n\n<div class=\"wp-block-columns is-layout-flex wp-container-core-columns-is-layout-9d6595d7 wp-block-columns-is-layout-flex\">\n<div class=\"wp-block-column is-layout-flow wp-block-column-is-layout-flow\" style=\"flex-basis:250px\">\n<figure class=\"wp-block-image size-large\"><img loading=\"lazy\" decoding=\"async\" width=\"768\" height=\"1024\" src=\"https:\/\/avalems.ch\/wp-content\/uploads\/2025\/05\/olivier-turin-1-768x1024.jpg\" alt=\"\" class=\"wp-image-32642\" srcset=\"https:\/\/avalems.ch\/wp-content\/uploads\/2025\/05\/olivier-turin-1-768x1024.jpg 768w, https:\/\/avalems.ch\/wp-content\/uploads\/2025\/05\/olivier-turin-1-225x300.jpg 225w, https:\/\/avalems.ch\/wp-content\/uploads\/2025\/05\/olivier-turin-1-1152x1536.jpg 1152w, https:\/\/avalems.ch\/wp-content\/uploads\/2025\/05\/olivier-turin-1-1536x2048.jpg 1536w, https:\/\/avalems.ch\/wp-content\/uploads\/2025\/05\/olivier-turin-1.jpg 1881w\" sizes=\"auto, (max-width: 768px) 100vw, 768px\" \/><\/figure>\n<\/div>\n\n\n\n<div class=\"wp-block-column is-layout-flow wp-block-column-is-layout-flow\">\n<h2>Olivier Turin<\/h2>\n<p><strong>Mitglied<br \/><\/strong><em>Pr\u00e4sident R\u00e9sidence &#8222;La Charmaie&#8220;<\/em><\/p>\n<p>Place Sous l&#8217;Eglise 3, 1893 Muraz<\/p>\n<\/div>\n<\/div>\n<\/div>\n<\/div>\n","protected":false},"excerpt":{"rendered":"<p>Patrice Michaud Pr\u00e4sidentDirektor &#8222;Maisons de la Providence&#8220; Chemin de Pierre-Barna 18, 1934 Le Ch\u00e2ble \u00a0 Matthias Salzmann Vizepr\u00e4sidentPr\u00e4fekt des Bezirks Brig Bammattenweg 21, 3904 Naters Thierry Charmillot MitgliedDirektor des APH [&hellip;]<\/p>\n","protected":false},"author":191,"featured_media":0,"parent":28875,"menu_order":0,"comment_status":"closed","ping_status":"closed","template":"","meta":{"footnotes":""},"coauthors":[],"class_list":["post-28693","page","type-page","status-publish","hentry"],"publishpress_future_action":{"enabled":false,"date":"2026-05-13 12:28:42","action":"change-status","newStatus":"draft","terms":[],"taxonomy":"translation_priority","extraData":[]},"publishpress_future_workflow_manual_trigger":{"enabledWorkflows":[]},"_links":{"self":[{"href":"https:\/\/avalems.ch\/de\/wp-json\/wp\/v2\/pages\/28693","targetHints":{"allow":["GET"]}}],"collection":[{"href":"https:\/\/avalems.ch\/de\/wp-json\/wp\/v2\/pages"}],"about":[{"href":"https:\/\/avalems.ch\/de\/wp-json\/wp\/v2\/types\/page"}],"author":[{"embeddable":true,"href":"https:\/\/avalems.ch\/de\/wp-json\/wp\/v2\/users\/191"}],"replies":[{"embeddable":true,"href":"https:\/\/avalems.ch\/de\/wp-json\/wp\/v2\/comments?post=28693"}],"version-history":[{"count":5,"href":"https:\/\/avalems.ch\/de\/wp-json\/wp\/v2\/pages\/28693\/revisions"}],"predecessor-version":[{"id":32646,"href":"https:\/\/avalems.ch\/de\/wp-json\/wp\/v2\/pages\/28693\/revisions\/32646"}],"up":[{"embeddable":true,"href":"https:\/\/avalems.ch\/de\/wp-json\/wp\/v2\/pages\/28875"}],"wp:attachment":[{"href":"https:\/\/avalems.ch\/de\/wp-json\/wp\/v2\/media?parent=28693"}],"wp:term":[{"taxonomy":"author","embeddable":true,"href":"https:\/\/avalems.ch\/de\/wp-json\/wp\/v2\/coauthors?post=28693"}],"curies":[{"name":"wp","href":"https:\/\/api.w.org\/{rel}","templated":true}]}}