{"id":28663,"date":"2025-01-22T15:27:35","date_gmt":"2025-01-22T14:27:35","guid":{"rendered":"https:\/\/www.avalems.ch\/entwicklung-von-faehigkeiten\/fortlaufende-schulungen\/"},"modified":"2026-04-15T11:25:32","modified_gmt":"2026-04-15T09:25:32","slug":"fortlaufende-schulungen","status":"publish","type":"page","link":"https:\/\/avalems.ch\/de\/in-einem-pflegeheim-arbeiten\/entwicklung-von-faehigkeiten\/fortlaufende-schulungen\/","title":{"rendered":"Weiterbildungen in der Langzeitpflege"},"content":{"rendered":"\n<div class=\"wp-block-columns is-layout-flex wp-container-core-columns-is-layout-9d6595d7 wp-block-columns-is-layout-flex\">\n<div class=\"wp-block-column is-layout-flow wp-block-column-is-layout-flow\" style=\"flex-basis:300px\"><div class=\"sidebar-dossier\"><a class=\"back-category\" href=\"https:\/\/avalems.ch\/de\/in-einem-pflegeheim-arbeiten\/entwicklung-von-faehigkeiten\/\"><svg width=\"18px\" height=\"15px\" viewBox=\"0 0 18 15\" version=\"1.1\" xmlns=\"http:\/\/www.w3.org\/2000\/svg\" xmlns:xlink=\"http:\/\/www.w3.org\/1999\/xlink\"><g id=\"Page-1\" stroke=\"none\" stroke-width=\"1\" fill=\"none\" fill-rule=\"evenodd\"><g id=\"10-Dossier-th\u00e9matique---resolution\" transform=\"translate(-118.000000, -263.000000)\" fill=\"#F49600\" fill-rule=\"nonzero\"><polygon id=\"Shape-Copy-32\" transform=\"translate(127.000000, 270.500000) rotate(-270.000000) translate(-127.000000, -270.500000) \" points=\"134 272.09901 132.634146 270.920792 127.682927 275.80198 127.682927 262 125.97561 262 125.97561 275.633663 121.195122 270.920792 120 272.09901 127 279 127 278.831683 127 279\"><\/polygon><\/g><\/g><\/svg>Politik zur Entwicklung der Kompetenzen<\/a><h3>Politik zur Entwicklung der Kompetenzen<\/h3>                <a href=\"https:\/\/avalems.ch\/de\/in-einem-pflegeheim-arbeiten\/entwicklung-von-faehigkeiten\/\">Politik zur Entwicklung der Kompetenzen<\/a>\n                <a href=\"https:\/\/avalems.ch\/de\/in-einem-pflegeheim-arbeiten\/entwicklung-von-faehigkeiten\/kompetenzreferenzen\/\">Kompetenzrahmen<\/a><a href=\"https:\/\/avalems.ch\/de\/in-einem-pflegeheim-arbeiten\/entwicklung-von-faehigkeiten\/referenzdokumente-und-leitfaeden\/\">Referenzdokumente und Leitf\u00e4den<\/a><a class=\"active\" href=\"https:\/\/avalems.ch\/de\/in-einem-pflegeheim-arbeiten\/entwicklung-von-faehigkeiten\/fortlaufende-schulungen\/\">Weiterbildungen in der Langzeitpflege<\/a><a href=\"https:\/\/avalems.ch\/de\/in-einem-pflegeheim-arbeiten\/entwicklung-von-faehigkeiten\/finanzielle-unterstuetzung-fuer-die-ausbildung\/\">Finanzielle Unterst\u00fctzung f\u00fcr die Ausbildung<\/a><\/div>\n<\/div>\n\n\n\n<div class=\"wp-block-column is-layout-flow wp-block-column-is-layout-flow\">\n<h1 class=\"wp-block-heading\">Weiterbildungen in der Langzeitpflege<\/h1>\n\n\n\n<p>Weiterbildung ist eine wichtige Modalit\u00e4t f\u00fcr die <a href=\"https:\/\/avalems.ch\/de\/politique-de-developpement-des-competences-2\/\" data-type=\"page\" data-id=\"25420\">Entwicklung von Kompetenzen.<\/a><\/p>\n\n\n\n<p>Um Ihnen die Suche zu erleichtern, haben wir auf dieser Seite folgende Informationen zusammengestellt:<br>&#8211; Schulungen, die von unseren Partnern organisiert und von uns empfohlen werden (nicht ersch\u00f6pfende Liste)<br>&#8211; ein Angebot an Schulungen, die innerhalb der Stadt organisiert werden k\u00f6nnen<br>&#8211; Veranstaltungen<\/p>\n\n\n\n<p>Alle Anfragen und Vorschl\u00e4ge f\u00fcr Erg\u00e4nzungen sind an folgende Adresse zu richten: <a href=\"mailto:formation@avalems.ch\">info@avalems.ch<\/a><\/p>\n\n\n\n<div class=\"wp-block-columns is-layout-flex wp-container-core-columns-is-layout-9d6595d7 wp-block-columns-is-layout-flex\">\n<div class=\"wp-block-column is-layout-flow wp-block-column-is-layout-flow\">\n<h2 class=\"wp-block-heading\">Intra-muros Ausbildungen<\/h2>\n\n\n<div class=\"wp-block-group formation-list\"><h3 class=\"faq-q\">Alle Mitarbeiter<\/h3><div class=\"faq-a\"><p class=\"link\"><a href=\"https:\/\/avalems.ch\/de\/daer-eschil-bliibt-stah-konfliktkompetenz\/\">\u00abD\u00e4r Eschil bliibt stah!\u00bb Konfliktkompetenz<\/a><\/p><p class=\"link\"><a href=\"https:\/\/avalems.ch\/de\/sexualitaet-und-sexuelle-gesundheit-im-alter-workshop-1-naehe-und-distanz\/\">\u00abSexualit\u00e4t und sexuelle Gesundheit im Alter\u00bb Workshop 1: N\u00e4he und Distanz<\/a><\/p><p class=\"link\"><a href=\"https:\/\/avalems.ch\/de\/sexualitaet-und-sexuelle-gesundheit-im-alter-workshop-2-beduerfnisse-und-massnahmen\/\">\u00abSexualit\u00e4t und sexuelle Gesundheit im Alter\u00bb Workshop 2: Bed\u00fcrfnisse und Massnahmen<\/a><\/p><p class=\"link\"><a href=\"https:\/\/avalems.ch\/de\/sexualitaet-und-sexuelle-gesundheit-im-alter-workshop-3-beduerfnisse-von-vulnerablen-personen-wie-migrantinnen-queers-oder-personen-mit-hiv\/\">\u00abSexualit\u00e4t und sexuelle Gesundheit im Alter\u00bb Workshop 3: Bed\u00fcrfnisse von vulnerablen Personen wie Migrant:innen, Queers oder Personen mit HIV<\/a><\/p><p class=\"link\"><a href=\"https:\/\/avalems.ch\/de\/uesa-mit-daer-sprach-kommunikationskompetenz\/\">\u00ab\u00dcsa mit d\u00e4r Sprach!\u00bb Kommunikationskompetenz<\/a><\/p><p class=\"link\"><a href=\"https:\/\/avalems.ch\/de\/la-cicatrisation\/\">Die Wundheilung<\/a><\/p><p class=\"link\"><a href=\"https:\/\/avalems.ch\/de\/copie-la-denutrition\/\">Dysphagie<\/a><\/p><p class=\"link\"><a href=\"https:\/\/avalems.ch\/de\/grundkurs-gesundheitserhaltung-am-arbeitsplatz\/\">Grundkurs Gesundheitserhaltung am Arbeitsplatz<\/a><\/p><p class=\"link\"><a href=\"https:\/\/avalems.ch\/de\/la-denutrition\/\">Mangelern\u00e4hrung<\/a><\/p><p class=\"link\"><a href=\"https:\/\/avalems.ch\/de\/sexualitaet-und-sexuelle-gesundheit-im-alter-basismodul\/\">Sexualit\u00e4t und sexuelle Gesundheit im Alter -Basismodul<\/a><\/p><\/div><\/div>\n\n\n<div class=\"wp-block-group formation-list\"><h3 class=\"faq-q\">Animation<\/h3><div class=\"faq-a\"><p class=\"link\"><a href=\"https:\/\/avalems.ch\/de\/einfuehrungskurs-erzaehlcafes-moderieren\/\">Einf\u00fchrungskurs: Erz\u00e4hlcaf\u00e9s moderieren<\/a><\/p><\/div><\/div>\n\n\n<div class=\"wp-block-group formation-list\"><h3 class=\"faq-q\">Klinik<\/h3><div class=\"faq-a\"><p class=\"link\"><a href=\"https:\/\/avalems.ch\/de\/aufbaukurs-kinaesthetics-in-der-pflege\/\">Aufbaukurs Kinaesthetics in der Pflege<\/a><\/p><p class=\"link\"><a href=\"https:\/\/avalems.ch\/de\/la-cicatrisation\/\">Die Wundheilung<\/a><\/p><p class=\"link\"><a href=\"https:\/\/avalems.ch\/de\/copie-la-denutrition\/\">Dysphagie<\/a><\/p><p class=\"link\"><a href=\"https:\/\/avalems.ch\/de\/grundkurs-kinaesthetics-in-der-pflege\/\">Grundkurs Kinaesthetics in der Pflege<\/a><\/p><p class=\"link\"><a href=\"https:\/\/avalems.ch\/de\/hygiene-workshop-vor-ort-harnwegsinfekte-im-aph\/\">Hygiene-Workshop vor Ort: Harnwegsinfekte im APH<\/a><\/p><p class=\"link\"><a href=\"https:\/\/avalems.ch\/de\/la-denutrition\/\">Mangelern\u00e4hrung<\/a><\/p><p class=\"link\"><a href=\"https:\/\/avalems.ch\/de\/mundgesundheit-in-der-alterspflege-praxiskurs-fuer-alle-pflegenden\/\">Mundgesundheit in der Alterspflege- Praxiskurs f\u00fcr alle Pflegenden<\/a><\/p><p class=\"link\"><a href=\"https:\/\/avalems.ch\/de\/peer-tutoring-kurs-kinaesthetics-in-der-pflegetransfer-coach\/\">Peer-Tutoring-Kurs Kinaesthetics in der PflegeTransfer &#8211; Coach<\/a><\/p><p class=\"link\"><a href=\"https:\/\/avalems.ch\/de\/schmerzmanagement-im-praxisalltag-adressatengerecht-anwenden-und-umsetzen\/\">Schmerzmanagement im Praxisalltag adressatengerecht anwenden und umsetzen<\/a><\/p><p class=\"link\"><a href=\"https:\/\/avalems.ch\/de\/tageskurs-sich-positionieren\/\">Tageskurs \u00absich positionieren\u00bb<\/a><\/p><p class=\"link\"><a href=\"https:\/\/avalems.ch\/de\/zertifikatskurs-transfer-coach\/\">Zertifikatskurs \u00abTransfer Coach\u00bb<\/a><\/p><\/div><\/div>\n\n\n<div class=\"wp-block-group formation-list\"><h3 class=\"faq-q\">Gastronomie und Hotellerie<\/h3><div class=\"faq-a\"><p class=\"link\"><a href=\"https:\/\/avalems.ch\/de\/ritzy\/\">Ritzy<\/a><\/p><\/div><\/div>\n\n\n<div class=\"wp-block-group formation-list\"><h3 class=\"faq-q\">Kader<\/h3><div class=\"faq-a\"><p class=\"link\"><a href=\"https:\/\/avalems.ch\/de\/teamfuehrung\/\">Teamf\u00fchrung<\/a><\/p><\/div><\/div>\n\n\n<div class=\"wp-block-group formation-list\"><h3 class=\"faq-q\">Pr\u00e4vention Infektionskontrolle<\/h3><div class=\"faq-a\"><p class=\"link\"><a href=\"https:\/\/avalems.ch\/de\/hygiene-workshop-vor-ort-fuer-die-pflege-und-aktivierung\/\">Hygiene-Workshop vor Ort f\u00fcr die Pflege und Aktivierung<\/a><\/p><p class=\"link\"><a href=\"https:\/\/avalems.ch\/de\/hygiene-workshop-vor-ort-fuer-die-raumpflege-lingerie\/\">Hygiene-Workshop vor Ort f\u00fcr die Raumpflege \/ Lingerie<\/a><\/p><p class=\"link\"><a href=\"https:\/\/avalems.ch\/de\/hygiene-workshop-vor-ort-die-standardmassnahmen\/\">Hygiene-Workshop vor Ort: die Standardmassnahmen<\/a><\/p><p class=\"link\"><a href=\"https:\/\/avalems.ch\/de\/hygiene-workshop-vor-ort-haende-noro-und-grippe\/\">Hygiene-Workshop vor Ort: H\u00e4nde, Noro und Grippe<\/a><\/p><p class=\"link\"><a href=\"https:\/\/avalems.ch\/de\/hygiene-workshop-vor-ort-keime-viren-grippeimpfung\/\">Hygiene-Workshop vor Ort: Keime, Viren, Grippeimpfung<\/a><\/p><p class=\"link\"><a href=\"https:\/\/avalems.ch\/de\/hygiene-workshop-vor-ort-uebertragbare-bakterien-und-viren\/\">Hygiene-Workshop vor Ort: \u00fcbertragbare Bakterien und Viren<\/a><\/p><\/div><\/div>\n\n\n\n<\/div>\n\n\n\n<div class=\"wp-block-column is-layout-flow wp-block-column-is-layout-flow\">\n<h2 class=\"wp-block-heading\">Partnerausbildungen<\/h2>\n\n\n<div class=\"wp-block-group formation-list\"><h3 class=\"faq-q\">Alle Mitarbeiter<\/h3><div class=\"faq-a\"><p class=\"link\"><a href=\"https:\/\/avalems.ch\/de\/voitures-sur-neige-glace-basic\/\">Autos auf Schnee und Eis basic<\/a><\/p><p class=\"link\"><a href=\"https:\/\/avalems.ch\/de\/bachelorausbildung-in-sozialer-arbeit\/\">Bachelorausbildung in Sozialer Arbeit<\/a><\/p><p class=\"link\"><a href=\"https:\/\/avalems.ch\/de\/fuer-die-zweisprachigkeit\/\">Forum f\u00fcr Zweisprachigkeit<\/a><\/p><p class=\"link\"><a href=\"https:\/\/avalems.ch\/de\/simplement-mieux-au-travail\/\">Lesen, Schreiben, Rechnen, Computer und Sprache<\/a><\/p><p class=\"link\"><a href=\"https:\/\/avalems.ch\/de\/schule-fur-aromatherapie\/\">Schule f\u00fcr Aromatherapie<\/a><\/p><p class=\"link\"><a href=\"https:\/\/avalems.ch\/de\/formations-ortra\/\">Schulungen &#8211; OrTra<\/a><\/p><p class=\"link\"><a href=\"https:\/\/avalems.ch\/de\/tagung-palliative-care-netzwerk-fuer-alle\/\">Tagung: Palliative Care Netzwerk f\u00fcr ALLE<\/a><\/p><p class=\"link\"><a href=\"https:\/\/avalems.ch\/de\/vorbereitung-auf-die-pensionierung\/\">Vorbereitung auf die Pensionierung<\/a><\/p><p class=\"link\"><a href=\"https:\/\/avalems.ch\/de\/formation-continue-soins-infirmiers\/\">Weiterbildung Pflege HESO<\/a><\/p><p class=\"link\"><a href=\"https:\/\/avalems.ch\/de\/weiterbildung-soziale-arbeit\/\">Weiterbildung Soziale Arbeit HESO<\/a><\/p><p class=\"link\"><a href=\"https:\/\/avalems.ch\/de\/weiterbildungen-artiset\/\">Weiterbildungen ARTISET<\/a><\/p><\/div><\/div>\n\n\n<div class=\"wp-block-group formation-list\"><h3 class=\"faq-q\">Animation<\/h3><div class=\"faq-a\"><p class=\"link\"><a href=\"https:\/\/avalems.ch\/de\/reseau-cafe-recits\/\">Netzwerk Erz\u00e4hlcaf\u00e9<\/a><\/p><\/div><\/div>\n\n\n<div class=\"wp-block-group formation-list\"><h3 class=\"faq-q\">F\u00fchrungskr\u00e4fte<\/h3><div class=\"faq-a\"><p class=\"link\"><a href=\"https:\/\/avalems.ch\/de\/cas-teammanagement-und-projektleitung\/\">CAS Teammanagement und Projektleitung<\/a><\/p><p class=\"link\"><a href=\"https:\/\/avalems.ch\/de\/formations-ortra\/\">Schulungen &#8211; OrTra<\/a><\/p><p class=\"link\"><a href=\"https:\/\/avalems.ch\/de\/weiterbildungen-artiset\/\">Weiterbildungen ARTISET<\/a><\/p><\/div><\/div>\n\n\n\n\n\n\n\n\n<div class=\"wp-block-group formation-list\"><h3 class=\"faq-q\">Klinik<\/h3><div class=\"faq-a\"><p class=\"link\"><a href=\"https:\/\/avalems.ch\/de\/assistent-gesundheit-und-soziales-eba\/\">Assistent Gesundheit und Soziales (EBA)<\/a><\/p><p class=\"link\"><a href=\"https:\/\/avalems.ch\/de\/bachelorausbildung-inpflege\/\">Bachelorausbildung in Pflege<\/a><\/p><p class=\"link\"><a href=\"https:\/\/avalems.ch\/de\/cas-hes-so-en-psychiatrie-de-la-personne-agee-psychogeriatrie\/\">CAS HES-SO in Alterspsychiatrie Psychogeriatrie<\/a><\/p><p class=\"link\"><a href=\"https:\/\/avalems.ch\/de\/cas-palliative-care\/\">CAS Palliative Care<\/a><\/p><p class=\"link\"><a href=\"https:\/\/avalems.ch\/de\/cas-psychiatrische-pflege\/\">CAS Psychiatrische Pflege<\/a><\/p><p class=\"link\"><a href=\"https:\/\/avalems.ch\/de\/cas-teammanagement-und-projektleitung\/\">CAS Teammanagement und Projektleitung<\/a><\/p><p class=\"link\"><a href=\"https:\/\/avalems.ch\/de\/fachfrau-fachmann-betreuung-efz\/\">Fachfrau \/ Fachmann Betreuung (EFZ)<\/a><\/p><p class=\"link\"><a href=\"https:\/\/avalems.ch\/de\/hf-gesundheit\/\">HF Gesundheit<\/a><\/p><p class=\"link\"><a href=\"https:\/\/avalems.ch\/de\/interrai\/\">InterRAIBESA QSysInterRAI<\/a><\/p><p class=\"link\"><a href=\"https:\/\/avalems.ch\/de\/lehrgang-pflegehelfende-srk\/\">Lehrgang Pflegehelfende SRK<\/a><\/p><p class=\"link\"><a href=\"https:\/\/avalems.ch\/de\/letzte-hilfe-kurse\/\">Letzte Hilfe Kurse<\/a><\/p><p class=\"link\"><a href=\"https:\/\/avalems.ch\/de\/mundgesundheit-fuer-pflegebeduerftige\/\">Mundgesundheit f\u00fcr Pflegebed\u00fcrftige<\/a><\/p><p class=\"link\"><a href=\"https:\/\/avalems.ch\/de\/picc-umgang-mit-dem-peripheren-zentralen-katheter\/\">PICC \u2013 Umgang mit dem peripheren zentralen Katheter<\/a><\/p><p class=\"link\"><a href=\"https:\/\/avalems.ch\/de\/praevention-und-kontrolle-von-infektionen\/\">Pr\u00e4vention und Kontrolle von Infektionen<\/a><\/p><p class=\"link\"><a href=\"https:\/\/avalems.ch\/de\/formations-ortra\/\">Schulungen &#8211; OrTra<\/a><\/p><p class=\"link\"><a href=\"https:\/\/avalems.ch\/de\/formation-continue-soins-infirmiers\/\">Weiterbildung Pflege HESO<\/a><\/p><\/div><\/div>\n\n\n\n\n\n<div class=\"wp-block-group formation-list\"><h3 class=\"faq-q\">P\u00e4dagogik<\/h3><div class=\"faq-a\"><p class=\"link\"><a href=\"https:\/\/avalems.ch\/de\/cas-hes-so-praxisausbildner-in\/\">CAS HES-SO Praxisausbildner\/in<\/a><\/p><p class=\"link\"><a href=\"https:\/\/avalems.ch\/de\/microcertification-et-cas-hes-so-de-praticienne-formatrice-et-praticien-formateur-2026\/\">Mikrozertifizierung und CAS HES-SO als Praxisausbildnerin und Praxisausbildner 2026<\/a><\/p><p class=\"link\"><a href=\"https:\/\/avalems.ch\/de\/formations-ortra\/\">Schulungen &#8211; OrTra<\/a><\/p><p class=\"link\"><a href=\"https:\/\/avalems.ch\/de\/weiterbildungen-artiset\/\">Weiterbildungen ARTISET<\/a><\/p><\/div><\/div>\n\n\n<div class=\"wp-block-group formation-list\"><h3 class=\"faq-q\">Sicherheit<\/h3><div class=\"faq-a\"><p class=\"link\"><a href=\"https:\/\/avalems.ch\/de\/betriebstechnik-auf-eidgenoessische-pruefungen-vorbereitend-seminare-durchfuehrung-in-ihrer-institution\/\">Betriebstechnik \u2013 Auf eidgen\u00f6ssische Pr\u00fcfungen vorbereitend \/ Seminare \/ Durchf\u00fchrung in Ihrer Institution<\/a><\/p><p class=\"link\"><a href=\"https:\/\/avalems.ch\/de\/fachmann-frau-betriebsunterhalt-efz\/\">Fachmann\/-frau Betriebsunterhalt EFZ<\/a><\/p><p class=\"link\"><a href=\"https:\/\/avalems.ch\/de\/hauswart-in-bp\/\">Hauswart\/in BP<\/a><\/p><p class=\"link\"><a href=\"https:\/\/avalems.ch\/de\/lehrgang-sicherheitsverantwortlicher-brandschutz-sicherheitsverantwortliche-brandschutz-sibe-brandschutz\/\">Lehrgang Sicherheitsverantwortlicher Brandschutz \/ Sicherheitsverantwortliche Brandschutz (SiBe Brandschutz)<\/a><\/p><p class=\"link\"><a href=\"https:\/\/avalems.ch\/de\/sicherheitsspezialist-in-in-institutionen-des-gesundheits-und-sozialwesens-mit-eidg-fachausweis\/\">Sicherheitsspezialist\/-in in Institutionen des Gesundheits- und Sozialwesens mit eidg. Fachausweis<\/a><\/p><p class=\"link\"><a href=\"https:\/\/avalems.ch\/de\/so-werden-sie-spezialistin-spezialist-asgs\/\">Spezialistin \/ Spezialist ASGS<\/a><\/p><p class=\"link\"><a href=\"https:\/\/avalems.ch\/de\/studienrichtung-facility-management\/\">Studienrichtung Facility Management<\/a><\/p><p class=\"link\"><a href=\"https:\/\/avalems.ch\/de\/preparation-au-brevet-federal-stps\/\">Vorbereitung auf den eidgen\u00f6ssischen Fachausweis ASGS<\/a><\/p><p class=\"link\"><a href=\"https:\/\/avalems.ch\/de\/vorbereitungskurse-berufspruefung\/\">Vorbereitungskurse Berufspr\u00fcfung<\/a><\/p><\/div><\/div>\n\n\n\n<\/div>\n<\/div>\n<\/div>\n<\/div>\n","protected":false},"excerpt":{"rendered":"<p>Weiterbildungen in der Langzeitpflege Weiterbildung ist eine wichtige Modalit\u00e4t f\u00fcr die Entwicklung von Kompetenzen. Um Ihnen die Suche zu erleichtern, haben wir auf dieser Seite folgende Informationen zusammengestellt:&#8211; Schulungen, die [&hellip;]<\/p>\n","protected":false},"author":552,"featured_media":0,"parent":28620,"menu_order":0,"comment_status":"closed","ping_status":"closed","template":"template-sidebar.php","meta":{"footnotes":""},"coauthors":[513],"class_list":["post-28663","page","type-page","status-publish","hentry"],"publishpress_future_action":{"enabled":false,"date":"2026-05-15 22:36:23","action":"change-status","newStatus":"draft","terms":[],"taxonomy":"translation_priority","extraData":[]},"publishpress_future_workflow_manual_trigger":{"enabledWorkflows":[]},"_links":{"self":[{"href":"https:\/\/avalems.ch\/de\/wp-json\/wp\/v2\/pages\/28663","targetHints":{"allow":["GET"]}}],"collection":[{"href":"https:\/\/avalems.ch\/de\/wp-json\/wp\/v2\/pages"}],"about":[{"href":"https:\/\/avalems.ch\/de\/wp-json\/wp\/v2\/types\/page"}],"author":[{"embeddable":true,"href":"https:\/\/avalems.ch\/de\/wp-json\/wp\/v2\/users\/552"}],"replies":[{"embeddable":true,"href":"https:\/\/avalems.ch\/de\/wp-json\/wp\/v2\/comments?post=28663"}],"version-history":[{"count":17,"href":"https:\/\/avalems.ch\/de\/wp-json\/wp\/v2\/pages\/28663\/revisions"}],"predecessor-version":[{"id":39717,"href":"https:\/\/avalems.ch\/de\/wp-json\/wp\/v2\/pages\/28663\/revisions\/39717"}],"up":[{"embeddable":true,"href":"https:\/\/avalems.ch\/de\/wp-json\/wp\/v2\/pages\/28620"}],"wp:attachment":[{"href":"https:\/\/avalems.ch\/de\/wp-json\/wp\/v2\/media?parent=28663"}],"wp:term":[{"taxonomy":"author","embeddable":true,"href":"https:\/\/avalems.ch\/de\/wp-json\/wp\/v2\/coauthors?post=28663"}],"curies":[{"name":"wp","href":"https:\/\/api.w.org\/{rel}","templated":true}]}}