{"id":28639,"date":"2025-01-22T15:27:09","date_gmt":"2025-01-22T14:27:09","guid":{"rendered":"https:\/\/www.avalems.ch\/sld-cct-auslegungsregeln\/"},"modified":"2025-04-04T15:41:59","modified_gmt":"2025-04-04T13:41:59","slug":"sld-cct-auslegungsregeln","status":"publish","type":"page","link":"https:\/\/avalems.ch\/de\/in-einem-pflegeheim-arbeiten\/sld-cct-auslegungsregeln\/","title":{"rendered":"GAV LZP: Auslegungsregeln"},"content":{"rendered":"\n<p>Die eingeschr\u00e4nkte Parit\u00e4tische Kommission (EPK) sorgt im Auftrag der Parit\u00e4tischen Berufskommission (PBK) f\u00fcr die Anwendung des Gesamtarbeitsvertrags (GAV) f\u00fcr das Personal in der Langzeitpflege.<\/p>\n\n\n\n<h3 class=\"wp-block-heading\">Kapitel 1: Allgemeine Bestimmungen<\/h3>\n\n\n\n<p><a href=\"https:\/\/avalems.ch\/wp-content\/uploads\/2024\/07\/Art3_Apprentis_DE.pdf\">Artikel 3: Pr\u00e4zisierung des Begriffs \u00abLernende\u00bb<\/a><\/p>\n\n\n\n<div class=\"wp-block-file\"><a id=\"wp-block-file--media-c3fc35b1-9cfb-4666-825a-349cbd1f1524\" href=\"https:\/\/avalems.ch\/wp-content\/uploads\/2025\/04\/Art3_personnel-non-liste_DE.pdf\">Artikel 3: Geltungsbereich f\u00fcr nicht in Anhang 2 aufgelistete Berufe<\/a><\/div>\n\n\n\n<h3 class=\"wp-block-heading\">Kapitel 2: Arbeitsverh\u00e4ltnisse<\/h3>\n\n\n\n<p>Noch kein Inhalt<\/p>\n\n\n\n<h3 class=\"wp-block-heading\">Kapitel 3: Organisation und Arbeitsbedingungen<\/h3>\n\n\n\n<p><a href=\"https:\/\/avalems.ch\/wp-content\/uploads\/2024\/07\/Art18_Al2_Piquet_DE.pdf\">Artikel 18 Absatz 2: Der Begriff des Pikettdienstes<\/a><\/p>\n\n\n\n<p><a href=\"https:\/\/avalems.ch\/wp-content\/uploads\/2024\/10\/Art21_Debut-droit-vacances_all-1.pdf\">Artikel 21: Beginn des Ferienanspruchs<\/a><\/p>\n\n\n\n<h3 class=\"wp-block-heading\">Kapitel 4: Lohn und Zulagen<\/h3>\n\n\n\n<p><a href=\"https:\/\/avalems.ch\/wp-content\/uploads\/2024\/07\/Art29_al2_leta_DE.pdf\">Artikel 29 Absatz 2 Buchstabe a: Lohnfortzahlung in den ersten Krankheitstagen<\/a><\/p>\n\n\n\n<p><a href=\"https:\/\/avalems.ch\/wp-content\/uploads\/2024\/10\/Art29_al2_letb_Salaire-equivalent_all-1.pdf\">Artikel 29 Absatz 2 Buchstabe b: Begriff des entsprechenden Lohns<\/a><\/p>\n\n\n\n<h3 class=\"wp-block-heading\">Kapitel 5: Rechte und Pflichten des Arbeitgebers und des Arbeitnehmers<\/h3>\n\n\n\n<p>Noch kein Inhalt<\/p>\n\n\n\n<h3 class=\"wp-block-heading\">Kapitel 6: Parit\u00e4tische Organe<\/h3>\n\n\n\n<p>Noch kein Inhalt<\/p>\n\n\n\n<h3 class=\"wp-block-heading\">Kapitel 7: Streitbeilegung<\/h3>\n\n\n\n<p>Noch kein Inhalt<\/p>\n\n\n\n<h3 class=\"wp-block-heading\">Kapitel 8: Vollzugskostenbeitrag GAV<\/h3>\n\n\n\n<p>Noch kein Inhalt<\/p>\n\n\n\n<h3 class=\"wp-block-heading\">Kapitel 9: Schlussbestimmungen<\/h3>\n\n\n\n<p>Noch kein Inhalt<\/p>\n\n\n\n<h3 class=\"wp-block-heading\">Anh\u00e4nge<\/h3>\n\n\n\n<p><a href=\"https:\/\/avalems.ch\/wp-content\/uploads\/2024\/07\/Annexe2_ASE_DE.pdf\">Anhang 2: Einstufung von Fachpersonen Betreuung (FaBe)<\/a><\/p>\n\n\n\n<p><a href=\"https:\/\/avalems.ch\/wp-content\/uploads\/2024\/12\/von-Anhang-2-_-Diaetkoch-ChefKoch.pdf\">von Anhang 2 _ Di\u00e4tkoch \u2013 ChefKoch<\/a><\/p>\n\n\n\n<p><a href=\"https:\/\/avalems.ch\/wp-content\/uploads\/2024\/12\/von-Anhang-2-_-Helfer-hauswirtschaftliche.pdf\">von Anhang 2 _ Helfer hauswirtschaftliche<\/a><\/p>\n\n\n\n<p><a href=\"https:\/\/avalems.ch\/wp-content\/uploads\/2024\/12\/von-Anhang-2_Familienhelfer.pdf\">von Anhang 2_Familienhelfer<\/a><\/p>\n","protected":false},"excerpt":{"rendered":"<p>Die eingeschr\u00e4nkte Parit\u00e4tische Kommission (EPK) sorgt im Auftrag der Parit\u00e4tischen Berufskommission (PBK) f\u00fcr die Anwendung des Gesamtarbeitsvertrags (GAV) f\u00fcr das Personal in der Langzeitpflege. Kapitel 1: Allgemeine Bestimmungen Artikel 3: [&hellip;]<\/p>\n","protected":false},"author":152,"featured_media":0,"parent":28841,"menu_order":0,"comment_status":"closed","ping_status":"closed","template":"","meta":{"footnotes":""},"coauthors":[106],"class_list":["post-28639","page","type-page","status-publish","hentry"],"publishpress_future_action":{"enabled":false,"date":"2026-05-17 07:46:39","action":"change-status","newStatus":"draft","terms":[],"taxonomy":"translation_priority","extraData":[]},"publishpress_future_workflow_manual_trigger":{"enabledWorkflows":[]},"_links":{"self":[{"href":"https:\/\/avalems.ch\/de\/wp-json\/wp\/v2\/pages\/28639","targetHints":{"allow":["GET"]}}],"collection":[{"href":"https:\/\/avalems.ch\/de\/wp-json\/wp\/v2\/pages"}],"about":[{"href":"https:\/\/avalems.ch\/de\/wp-json\/wp\/v2\/types\/page"}],"author":[{"embeddable":true,"href":"https:\/\/avalems.ch\/de\/wp-json\/wp\/v2\/users\/152"}],"replies":[{"embeddable":true,"href":"https:\/\/avalems.ch\/de\/wp-json\/wp\/v2\/comments?post=28639"}],"version-history":[{"count":5,"href":"https:\/\/avalems.ch\/de\/wp-json\/wp\/v2\/pages\/28639\/revisions"}],"predecessor-version":[{"id":31110,"href":"https:\/\/avalems.ch\/de\/wp-json\/wp\/v2\/pages\/28639\/revisions\/31110"}],"up":[{"embeddable":true,"href":"https:\/\/avalems.ch\/de\/wp-json\/wp\/v2\/pages\/28841"}],"wp:attachment":[{"href":"https:\/\/avalems.ch\/de\/wp-json\/wp\/v2\/media?parent=28639"}],"wp:term":[{"taxonomy":"author","embeddable":true,"href":"https:\/\/avalems.ch\/de\/wp-json\/wp\/v2\/coauthors?post=28639"}],"curies":[{"name":"wp","href":"https:\/\/api.w.org\/{rel}","templated":true}]}}