{"id":28614,"date":"2025-01-22T15:26:59","date_gmt":"2025-01-22T14:26:59","guid":{"rendered":"https:\/\/www.avalems.ch\/kompetenzreferenzen\/"},"modified":"2026-03-02T12:25:53","modified_gmt":"2026-03-02T11:25:53","slug":"kompetenzreferenzen","status":"publish","type":"page","link":"https:\/\/avalems.ch\/de\/in-einem-pflegeheim-arbeiten\/entwicklung-von-faehigkeiten\/kompetenzreferenzen\/","title":{"rendered":"Kompetenzrahmen"},"content":{"rendered":"\n<div class=\"wp-block-columns is-layout-flex wp-container-core-columns-is-layout-9d6595d7 wp-block-columns-is-layout-flex\">\n<div class=\"wp-block-column is-layout-flow wp-block-column-is-layout-flow\" style=\"flex-basis:300px\"><div class=\"sidebar-dossier\"><a class=\"back-category\" href=\"https:\/\/avalems.ch\/de\/in-einem-pflegeheim-arbeiten\/entwicklung-von-faehigkeiten\/\"><svg width=\"18px\" height=\"15px\" viewBox=\"0 0 18 15\" version=\"1.1\" xmlns=\"http:\/\/www.w3.org\/2000\/svg\" xmlns:xlink=\"http:\/\/www.w3.org\/1999\/xlink\"><g id=\"Page-1\" stroke=\"none\" stroke-width=\"1\" fill=\"none\" fill-rule=\"evenodd\"><g id=\"10-Dossier-th\u00e9matique---resolution\" transform=\"translate(-118.000000, -263.000000)\" fill=\"#F49600\" fill-rule=\"nonzero\"><polygon id=\"Shape-Copy-32\" transform=\"translate(127.000000, 270.500000) rotate(-270.000000) translate(-127.000000, -270.500000) \" points=\"134 272.09901 132.634146 270.920792 127.682927 275.80198 127.682927 262 125.97561 262 125.97561 275.633663 121.195122 270.920792 120 272.09901 127 279 127 278.831683 127 279\"><\/polygon><\/g><\/g><\/svg>Politik zur Entwicklung der Kompetenzen<\/a><h3>Politik zur Entwicklung der Kompetenzen<\/h3>                <a href=\"https:\/\/avalems.ch\/de\/in-einem-pflegeheim-arbeiten\/entwicklung-von-faehigkeiten\/\">Politik zur Entwicklung der Kompetenzen<\/a>\n                <a class=\"active\" href=\"https:\/\/avalems.ch\/de\/in-einem-pflegeheim-arbeiten\/entwicklung-von-faehigkeiten\/kompetenzreferenzen\/\">Kompetenzrahmen<\/a><a href=\"https:\/\/avalems.ch\/de\/in-einem-pflegeheim-arbeiten\/entwicklung-von-faehigkeiten\/referenzdokumente-und-leitfaeden\/\">Referenzdokumente und Leitf\u00e4den<\/a><a href=\"https:\/\/avalems.ch\/de\/in-einem-pflegeheim-arbeiten\/entwicklung-von-faehigkeiten\/fortlaufende-schulungen\/\">Weiterbildungen in der Langzeitpflege<\/a><a href=\"https:\/\/avalems.ch\/de\/in-einem-pflegeheim-arbeiten\/entwicklung-von-faehigkeiten\/finanzielle-unterstuetzung-fuer-die-ausbildung\/\">Finanzielle Unterst\u00fctzung f\u00fcr die Ausbildung<\/a><\/div>\n<\/div>\n\n\n\n<div class=\"wp-block-column is-layout-flow wp-block-column-is-layout-flow\">\n<h1 class=\"wp-block-heading\">Kompetenzrahmen<\/h1>\n\n\n\n<p>Die Kompetenzrahmen, die f\u00fcr jede Funktion verf\u00fcgbar sind, beschreiben die Hauptt\u00e4tigkeiten sowie die Kriterien, anhand derer ihre Umsetzung in der Praxis bewertet werden kann. Sie definieren Kompetenz als die Kapazit\u00e4t, interne Ressourcen (Wissen, Know-how, Soft Skills) und externe Ressourcen (Netzwerke, Tools) effizient zu mobilisieren, um in unterschiedlichen beruflichen Situationen angemessen handeln zu k\u00f6nnen.<br>Diese Referenzrahmen f\u00f6rdern die Erstellung von Portfolios, die die Kompetenzen der Mitarbeiter in der Langzeitpflege aufwerten. Sie erm\u00f6glichen auch die Selbstbewertung oder eine formelle Bewertung, insbesondere um den tats\u00e4chlichen Schulungsbedarf zu ermitteln.<\/p>\n\n\n\n<p class=\"has-black-color has-text-color has-link-color wp-elements-3f70f76ea97db9ed2b78d1a128033374\">Bei Fragen oder Verbesserungsvorschl\u00e4gen wenden Sie sich bitte an formation@avalems.ch<\/p>\n\n\n\n<div style=\"height:10px\" aria-hidden=\"true\" class=\"wp-block-spacer\"><\/div>\n\n\n\n<p><a href=\"https:\/\/avalems.ch\/wp-content\/uploads\/2025\/08\/Excel-Datei-entsperren.pdf\"> Hier finden Sie die Anleitung zum Entsperren von Excel-Dateien <\/a> und <a href=\"https:\/\/avalems.ch\/wp-content\/uploads\/2025\/08\/Leitfaden-zur-Erstellung-eines-Portfolios.pdf\"> hier den Leitfaden zur Erstellung eines Portfolios <\/a>.<\/p>\n\n\n\n<div class=\"wp-block-group\"><div class=\"wp-block-group__inner-container is-layout-constrained wp-block-group-is-layout-constrained\">\n<h2 class=\"wp-block-heading\">Alle Kompetenzrahmen<\/h2>\n\n\n\n<div class=\"wp-block-group\"><div class=\"wp-block-group__inner-container is-layout-constrained wp-block-group-is-layout-constrained\">\n<h3 class=\"wp-block-heading faq-q\">Pflegefachperson<\/h3>\n\n\n\n<p class=\"faq-a\"><a href=\"https:\/\/avalems.ch\/wp-content\/uploads\/2025\/09\/RDC-INF_DE.pdf\" target=\"_blank\" rel=\"noreferrer noopener\">Pflegefachperson<\/a> (<a href=\"https:\/\/avalems.ch\/wp-content\/uploads\/2025\/10\/Referentiel-de-competences-infirmier-DE2.zip\" data-type=\"attachment\" data-id=\"36430\" target=\"_blank\" rel=\"noreferrer noopener\">Excel Format<\/a>)<\/p>\n\n\n\n<p class=\"faq-a\"><a href=\"https:\/\/avalems.ch\/de\/tag\/kpz-pflegefachperson\/\" data-type=\"link\" data-id=\"https:\/\/avalems.ch\/de\/tag\/KPZ-pflegefachperson\/\">M\u00f6gliche Entwicklungen<\/a><\/p>\n\n\n\n<div style=\"height:16px\" aria-hidden=\"true\" class=\"wp-block-spacer\"><\/div>\n<\/div><\/div>\n\n\n\n<div class=\"wp-block-group\"><div class=\"wp-block-group__inner-container is-layout-constrained wp-block-group-is-layout-constrained\">\n<h3 class=\"wp-block-heading faq-q\">Hilfskraft praktische Hilfe<\/h3>\n\n\n\n<p class=\"faq-a\"><a href=\"https:\/\/avalems.ch\/wp-content\/uploads\/2025\/09\/RDC-AX-Aide-pratique_DE.pdf\">Hilfskraft praktische Hilfe<\/a> (<a href=\"https:\/\/avalems.ch\/wp-content\/uploads\/2025\/10\/RdC-Auxiliaire-Aide-Pratique-DE2.zip\" data-type=\"attachment\" data-id=\"36427\">Excel Format<\/a>)<\/p>\n\n\n\n<p class=\"faq-a\"><a href=\"https:\/\/avalems.ch\/de\/tag\/kpz-hilfskraft\/\">M\u00f6gliche Entwicklungen<\/a><\/p>\n\n\n\n<div style=\"height:16px\" aria-hidden=\"true\" class=\"wp-block-spacer\"><\/div>\n<\/div><\/div>\n\n\n\n<div class=\"wp-block-group\"><div class=\"wp-block-group__inner-container is-layout-constrained wp-block-group-is-layout-constrained\">\n<h3 class=\"wp-block-heading faq-q\">Fachperson Betriebsunterhalt<\/h3>\n\n\n\n<p class=\"faq-a\"><a href=\"https:\/\/avalems.ch\/wp-content\/uploads\/2025\/09\/RDC-Agent-dexploitation_valide_DE.pdf\">Fachperson Betriebsunterhalt<\/a> (<a href=\"https:\/\/avalems.ch\/wp-content\/uploads\/2025\/10\/Referentiel-de-competences-Charge-Agent-dexploitationDE2.zip\" data-type=\"attachment\" data-id=\"36420\">Excel Format<\/a>)<\/p>\n\n\n\n<p class=\"faq-a\"><a href=\"https:\/\/avalems.ch\/de\/tag\/kpz-betriebsunterhalt\/\">M\u00f6gliche Entwicklungen<\/a><\/p>\n\n\n\n<div style=\"height:16px\" aria-hidden=\"true\" class=\"wp-block-spacer\"><\/div>\n<\/div><\/div>\n\n\n\n<div class=\"wp-block-group\"><div class=\"wp-block-group__inner-container is-layout-constrained wp-block-group-is-layout-constrained\">\n<h3 class=\"wp-block-heading faq-q\">Sicherheitsbeauftragter f\u00fcr Brandschutz<\/h3>\n\n\n\n<p class=\"faq-a\"><a href=\"https:\/\/avalems.ch\/wp-content\/uploads\/2025\/09\/RDC-Charge-securite-incendie-DE-1.pdf\">Sicherheitsbeauftragter f\u00fcr Brandschutz<\/a> (<a href=\"https:\/\/avalems.ch\/wp-content\/uploads\/2025\/10\/RdC-Charge-de-securite-incendie-DE2.zip\" data-type=\"attachment\" data-id=\"36424\">Excel Format<\/a>)<\/p>\n\n\n\n<p class=\"faq-a\"><a href=\"https:\/\/avalems.ch\/de\/tag\/kpz-brandschutz\/\" data-type=\"link\" data-id=\"https:\/\/avalems.ch\/de\/tag\/KPZ-brandschutz\/\">M\u00f6gliche Entwicklungen<\/a><\/p>\n\n\n\n<div style=\"height:16px\" aria-hidden=\"true\" class=\"wp-block-spacer\"><\/div>\n<\/div><\/div>\n\n\n\n<div class=\"wp-block-group\"><div class=\"wp-block-group__inner-container is-layout-constrained wp-block-group-is-layout-constrained\">\n<h3 class=\"wp-block-heading faq-q\">Sicherheitsbeauftrager f\u00fcr Infrastruktur<\/h3>\n\n\n\n<p class=\"faq-a\"><a href=\"https:\/\/avalems.ch\/wp-content\/uploads\/2025\/09\/RDC-charge-securite-infrasctructures_DE.pdf\">Sicherheitsbeauftrager f\u00fcr Infrastruktur<\/a> (<a href=\"https:\/\/avalems.ch\/wp-content\/uploads\/2025\/10\/RdC-charge-securite-infrastructure-DE2.zip\" data-type=\"attachment\" data-id=\"36422\">Excel Format<\/a>)<\/p>\n\n\n\n<p class=\"faq-a\"><a href=\"https:\/\/avalems.ch\/de\/tag\/kpz-brandschutz\/\" data-type=\"link\" data-id=\"https:\/\/avalems.ch\/de\/tag\/KPZ-brandschutz\/\">M\u00f6gliche Entwicklungen<\/a><\/p>\n\n\n\n<div style=\"height:16px\" aria-hidden=\"true\" class=\"wp-block-spacer\"><\/div>\n<\/div><\/div>\n\n\n\n<div class=\"wp-block-group\"><div class=\"wp-block-group__inner-container is-layout-constrained wp-block-group-is-layout-constrained\">\n<h3 class=\"wp-block-heading faq-q\">Assistent Gesundheit und Soziales<\/h3>\n\n\n\n<p class=\"faq-a\"><a href=\"https:\/\/avalems.ch\/wp-content\/uploads\/2025\/11\/RDC-ASA_29.08.25-de-002.pdf\" data-type=\"attachment\" data-id=\"36727\">Assistent Gesundheit und Soziales<\/a> (<a href=\"https:\/\/avalems.ch\/wp-content\/uploads\/2025\/11\/RdC-ASA-DE.zip\" data-type=\"attachment\" data-id=\"36725\">Excel Format<\/a>)<\/p>\n\n\n\n<p class=\"faq-a\"><a href=\"https:\/\/avalems.ch\/de\/tag\/kpz-gesundheit-und-soziales\/\" data-type=\"link\" data-id=\"https:\/\/avalems.ch\/de\/tag\/KPZ-gesundheit-und-soziales\/\">M\u00f6gliche Entwicklungen<\/a><\/p>\n\n\n\n<div style=\"height:16px\" aria-hidden=\"true\" class=\"wp-block-spacer\"><\/div>\n<\/div><\/div>\n\n\n\n<div class=\"wp-block-group\"><div class=\"wp-block-group__inner-container is-layout-constrained wp-block-group-is-layout-constrained\">\n<h3 class=\"wp-block-heading faq-q\">Fachmann\/frau Betreuung<\/h3>\n\n\n\n<p class=\"faq-a\"><a href=\"https:\/\/avalems.ch\/wp-content\/uploads\/2025\/11\/RDC-ASE-29.08.25-de.pdf\" data-type=\"attachment\" data-id=\"36789\">Fachmann\/frau Betreuung<\/a> (<a href=\"https:\/\/avalems.ch\/wp-content\/uploads\/2025\/11\/RDC-ASE_29.08.25-de.zip\" data-type=\"attachment\" data-id=\"36787\">Excel Format<\/a>)<\/p>\n\n\n\n<p class=\"faq-a\"><a href=\"https:\/\/avalems.ch\/de\/tag\/kpz-fabe\/\" data-type=\"link\" data-id=\"https:\/\/avalems.ch\/de\/tag\/KPZ-FABE\/\">M\u00f6gliche Entwicklungen<\/a><\/p>\n\n\n\n<div style=\"height:16px\" aria-hidden=\"true\" class=\"wp-block-spacer\"><\/div>\n<\/div><\/div>\n\n\n\n<div class=\"wp-block-group\"><div class=\"wp-block-group__inner-container is-layout-constrained wp-block-group-is-layout-constrained\">\n<h3 class=\"wp-block-heading faq-q\">Fachmann\/frau Gesundheit<\/h3>\n\n\n\n<p class=\"faq-a\"><a href=\"https:\/\/avalems.ch\/wp-content\/uploads\/2025\/11\/RDC-ASSC_29.08.25-de.pdf\" data-type=\"attachment\" data-id=\"36792\">Fachmann\/frau Gesundheit<\/a> (<a href=\"https:\/\/avalems.ch\/wp-content\/uploads\/2025\/11\/RDC-ASSC_29.08.25-de.zip\" data-type=\"attachment\" data-id=\"36794\">Excel Format<\/a>)<\/p>\n\n\n\n<p class=\"faq-a\"><a href=\"https:\/\/avalems.ch\/de\/tag\/kpz-fage\/\" data-type=\"link\" data-id=\"https:\/\/avalems.ch\/de\/tag\/KPZ-FAGE\/\">M\u00f6gliche Entwicklungen<\/a><\/p>\n\n\n\n<div style=\"height:16px\" aria-hidden=\"true\" class=\"wp-block-spacer\"><\/div>\n<\/div><\/div>\n\n\n\n<div class=\"wp-block-group\"><div class=\"wp-block-group__inner-container is-layout-constrained wp-block-group-is-layout-constrained\">\n<div class=\"wp-block-group\"><div class=\"wp-block-group__inner-container is-layout-constrained wp-block-group-is-layout-constrained\">\n<div class=\"wp-block-group\"><div class=\"wp-block-group__inner-container is-layout-constrained wp-block-group-is-layout-constrained\">\n<h3 class=\"wp-block-heading faq-q\">Pflegehelfer\/in<\/h3>\n\n\n\n<p class=\"faq-a\"><a href=\"https:\/\/avalems.ch\/wp-content\/uploads\/2025\/11\/RDC-AXS_29.08.25-de.pdf\" data-type=\"attachment\" data-id=\"36799\">Pflegehelfer\/in<\/a> (<a href=\"https:\/\/avalems.ch\/wp-content\/uploads\/2025\/11\/RDC-AXS_29.08.25-de.zip\" data-type=\"attachment\" data-id=\"36797\">Excel Format<\/a>)<\/p>\n\n\n\n<p class=\"faq-a\"><a href=\"https:\/\/avalems.ch\/de\/tag\/kpz-pflegehelfer\/\" data-type=\"link\" data-id=\"https:\/\/avalems.ch\/de\/tag\/KPZ-Pflegehelfer\/\">M\u00f6gliche Entwicklungen<\/a><\/p>\n<\/div><\/div>\n<\/div><\/div>\n<\/div><\/div>\n<\/div><\/div>\n<\/div>\n<\/div>\n","protected":false},"excerpt":{"rendered":"<p>Kompetenzrahmen Die Kompetenzrahmen, die f\u00fcr jede Funktion verf\u00fcgbar sind, beschreiben die Hauptt\u00e4tigkeiten sowie die Kriterien, anhand derer ihre Umsetzung in der Praxis bewertet werden kann. Sie definieren Kompetenz als die [&hellip;]<\/p>\n","protected":false},"author":552,"featured_media":0,"parent":28620,"menu_order":0,"comment_status":"closed","ping_status":"closed","template":"template-sidebar.php","meta":{"footnotes":""},"coauthors":[513],"class_list":["post-28614","page","type-page","status-publish","hentry"],"publishpress_future_action":{"enabled":false,"date":"2026-05-16 00:08:10","action":"change-status","newStatus":"draft","terms":[],"taxonomy":"translation_priority","extraData":[]},"publishpress_future_workflow_manual_trigger":{"enabledWorkflows":[]},"_links":{"self":[{"href":"https:\/\/avalems.ch\/de\/wp-json\/wp\/v2\/pages\/28614","targetHints":{"allow":["GET"]}}],"collection":[{"href":"https:\/\/avalems.ch\/de\/wp-json\/wp\/v2\/pages"}],"about":[{"href":"https:\/\/avalems.ch\/de\/wp-json\/wp\/v2\/types\/page"}],"author":[{"embeddable":true,"href":"https:\/\/avalems.ch\/de\/wp-json\/wp\/v2\/users\/552"}],"replies":[{"embeddable":true,"href":"https:\/\/avalems.ch\/de\/wp-json\/wp\/v2\/comments?post=28614"}],"version-history":[{"count":71,"href":"https:\/\/avalems.ch\/de\/wp-json\/wp\/v2\/pages\/28614\/revisions"}],"predecessor-version":[{"id":38706,"href":"https:\/\/avalems.ch\/de\/wp-json\/wp\/v2\/pages\/28614\/revisions\/38706"}],"up":[{"embeddable":true,"href":"https:\/\/avalems.ch\/de\/wp-json\/wp\/v2\/pages\/28620"}],"wp:attachment":[{"href":"https:\/\/avalems.ch\/de\/wp-json\/wp\/v2\/media?parent=28614"}],"wp:term":[{"taxonomy":"author","embeddable":true,"href":"https:\/\/avalems.ch\/de\/wp-json\/wp\/v2\/coauthors?post=28614"}],"curies":[{"name":"wp","href":"https:\/\/api.w.org\/{rel}","templated":true}]}}