{"id":28605,"date":"2025-01-22T15:26:54","date_gmt":"2025-01-22T14:26:54","guid":{"rendered":"https:\/\/www.avalems.ch\/haeufig-gestellte-fragen\/allgemeines-ueber-das-ems\/"},"modified":"2025-03-10T15:33:44","modified_gmt":"2025-03-10T14:33:44","slug":"allgemeines-ueber-das-ems","status":"publish","type":"page","link":"https:\/\/avalems.ch\/de\/leben-in-einem-pflegeheim\/faq\/allgemeines-ueber-das-ems\/","title":{"rendered":"Allgemeines \u00fcber das APH"},"content":{"rendered":"\n<div class=\"wp-block-columns is-layout-flex wp-container-core-columns-is-layout-9d6595d7 wp-block-columns-is-layout-flex\">\n<div class=\"wp-block-column is-layout-flow wp-block-column-is-layout-flow\" style=\"flex-basis:300px\"><div class=\"sidebar-dossier\"><a class=\"back-category\" href=\"https:\/\/avalems.ch\/de\/leben-in-einem-pflegeheim\/faq\/\"><svg width=\"18px\" height=\"15px\" viewBox=\"0 0 18 15\" version=\"1.1\" xmlns=\"http:\/\/www.w3.org\/2000\/svg\" xmlns:xlink=\"http:\/\/www.w3.org\/1999\/xlink\"><g id=\"Page-1\" stroke=\"none\" stroke-width=\"1\" fill=\"none\" fill-rule=\"evenodd\"><g id=\"10-Dossier-th\u00e9matique---resolution\" transform=\"translate(-118.000000, -263.000000)\" fill=\"#F49600\" fill-rule=\"nonzero\"><polygon id=\"Shape-Copy-32\" transform=\"translate(127.000000, 270.500000) rotate(-270.000000) translate(-127.000000, -270.500000) \" points=\"134 272.09901 132.634146 270.920792 127.682927 275.80198 127.682927 262 125.97561 262 125.97561 275.633663 121.195122 270.920792 120 272.09901 127 279 127 278.831683 127 279\"><\/polygon><\/g><\/g><\/svg>H\u00e4ufig gestellte Fragen<\/a><h3>H\u00e4ufig gestellte Fragen<\/h3>                <a href=\"https:\/\/avalems.ch\/de\/leben-in-einem-pflegeheim\/faq\/\">H\u00e4ufig gestellte Fragen<\/a>\n                <a href=\"https:\/\/avalems.ch\/de\/leben-in-einem-pflegeheim\/faq\/leben-im-pflegeheim-allgemeine-organisation\/\">Leben im Pflegeheim (allgemeine Organisation)<\/a><a class=\"active\" href=\"https:\/\/avalems.ch\/de\/leben-in-einem-pflegeheim\/faq\/allgemeines-ueber-das-ems\/\">Allgemeines \u00fcber das APH<\/a><a href=\"https:\/\/avalems.ch\/de\/leben-in-einem-pflegeheim\/faq\/leben-im-pflegeheim-pflege-und-ethische-aspekte\/\">Leben im Pflegeheim (Pflege und ethische Aspekte)<\/a><a href=\"https:\/\/avalems.ch\/de\/leben-in-einem-pflegeheim\/faq\/vorbereitung-auf-den-eintritt-in-ein-pflegeheim\/\">Vorbereitung auf den Eintritt in ein Pflegeheim<\/a><a href=\"https:\/\/avalems.ch\/de\/leben-in-einem-pflegeheim\/faq\/finanzierung-des-ems\/\">Finanzierung des APH<\/a><\/div>\n<\/div>\n\n\n\n<div class=\"wp-block-column is-layout-flow wp-block-column-is-layout-flow\">\n<h1 class=\"wp-block-heading\">Allgemeines \u00fcber das APH<\/h1>\n\n\n\n<p>Sie k\u00f6nnen die Antwort auf Ihre Fragen nicht finden?  <a href=\"https:\/\/www.avalems.ch\/de\/verein\/kontakt\/\" data-type=\"page\" data-id=\"1314\">Kontaktieren Sie uns!<\/a><\/p>\n\n\n\n<div class=\"wp-block-group faq\"><div class=\"wp-block-group__inner-container is-layout-constrained wp-block-group-is-layout-constrained\">\n<h4 class=\"wp-block-heading faq-q\"><a>An wen richtet sich das APH?<\/a><\/h4>\n\n\n\n<div class=\"wp-block-group faq-a\"><div class=\"wp-block-group__inner-container is-layout-constrained wp-block-group-is-layout-constrained\">\n<p>Ein Altersheim (APH) ist vor allem f\u00fcr \u00e4ltere Menschen gedacht, die aufgrund ihrer psychischen oder physischen Gesundheit nicht mehr selbst\u00e4ndig zu Hause leben k\u00f6nnen. Neben einem hohen Pflege- und Betreuungsbedarf ben\u00f6tigen diese Menschen eine sehr gute medizinische und paramedizinische Versorgung, die von einem Pflegeheim organisiert und koordiniert werden kann. <\/p>\n\n\n\n<p>Die Organisation des Alltags, die Pflege und die Unterst\u00fctzung basieren auf den individuellen Bed\u00fcrfnissen der Bewohner. Die Leistungen decken alle Lebensbereiche ab (Unterkunft, Mahlzeiten, sozio-kulturelle Aktivit\u00e4ten, medizinische und paramedizinische Versorgung usw.). <\/p>\n\n\n\n<p>Das Personal des Pflegeheims steht 24 Stunden am Tag zur Verf\u00fcgung.<\/p>\n<\/div><\/div>\n<\/div><\/div>\n\n\n\n<div class=\"wp-block-group faq\"><div class=\"wp-block-group__inner-container is-layout-constrained wp-block-group-is-layout-constrained\">\n<h4 class=\"wp-block-heading faq-q\"><a>Bieten alle Pflegeheime die gleiche Betreuung an?<\/a><\/h4>\n\n\n\n<div class=\"wp-block-group faq-a\"><div class=\"wp-block-group__inner-container is-layout-constrained wp-block-group-is-layout-constrained\">\n<p>Grunds\u00e4tzlich gibt es keinen Unterschied bei der Betreuung und Begleitung \u00e4lterer Menschen. In der Schweiz unterliegen Pflegeheime, ob \u00f6ffentlich oder privat, ob mit oder ohne \u00f6ffentliche Subventionen, den gleichen Regeln. Ihre Rechte und Pflichten, die Qualit\u00e4tskontrollen und die Richtlinien sind f\u00fcr alle Einrichtungen gleich.  <\/p>\n\n\n\n<p>Obwohl die kantonalen Normen allen APHs im Wallis die gleichen Standards auferlegen, hat jede Einrichtung ihren eigenen Ansatz und ihre eigenen Besonderheiten.<\/p>\n\n\n\n<p>Im Wallis gibt es etwa 50 Einrichtungen. In der Schweiz gibt es ca. 1500 Einrichtungen. <\/p>\n\n\n\n<p><strong>Gehen Sie weiter:<\/strong> <a href=\"https:\/\/www.avalems.ch\/de\/leben-in-einem-pflegeheim\/suchen-sie-nach-einem-pflegeheim\/\" data-type=\"page\" data-id=\"1032\">Liste der Walliser Pflegeheime<\/a><\/p>\n<\/div><\/div>\n<\/div><\/div>\n\n\n\n<div class=\"wp-block-group faq\"><div class=\"wp-block-group__inner-container is-layout-constrained wp-block-group-is-layout-constrained\">\n<h4 class=\"wp-block-heading faq-q\"><a>Ab welchem Alter kann man eintreten? Gibt es Altersbeschr\u00e4nkungen? <\/a><\/h4>\n\n\n\n<div class=\"wp-block-group faq-a\"><div class=\"wp-block-group__inner-container is-layout-constrained wp-block-group-is-layout-constrained\">\n<p>Die Pflegeheime nehmen Personen im AHV-Alter auf, deren Gesundheitszustand keinen Krankenhausaufenthalt erfordert, die aber zu schwach sind, um zu Hause bleiben zu k\u00f6nnen.<\/p>\n\n\n\n<p>Vorbehaltlich der Zustimmung der Dienststelle f\u00fcr Sozialwesen des Kantons Wallis sind Ausnahmen f\u00fcr die Aufnahme von j\u00fcngeren Personen m\u00f6glich, die eine angemessene sozialmedizinische Betreuung ben\u00f6tigen.  <\/p>\n\n\n\n<p>Im Durchschnitt erfolgt der Eintritt im Alter von 82 Jahren. In den letzten Jahren ist das Durchschnittsalter bei Eintritt in ein Pflegeheim gestiegen. Dies ist zum Teil auf einen verbesserten Gesundheitszustand der \u00e4lteren Menschen zur\u00fcckzuf\u00fchren, aber auch auf die Entwicklung der h\u00e4uslichen Pflege und Hilfe.  <\/p>\n<\/div><\/div>\n<\/div><\/div>\n\n\n\n<div class=\"wp-block-group faq\"><div class=\"wp-block-group__inner-container is-layout-constrained wp-block-group-is-layout-constrained\">\n<h4 class=\"wp-block-heading faq-q\"><a>Muss ich nachweisen, dass ich in ein Pflegeheim eintreten muss?<\/a><\/h4>\n\n\n\n<div class=\"wp-block-group faq-a\"><div class=\"wp-block-group__inner-container is-layout-constrained wp-block-group-is-layout-constrained\">\n<p>Es ist nicht erforderlich, dass Sie im Besitz eines Rezeptes Ihres behandelnden Arztes sind. Bei Ihrer Aufnahme wird der Arzt des Pflegeheims formell feststellen, dass ein Aufenthalt in einem Pflegeheim aufgrund von Pflegebed\u00fcrftigkeit, sozialen Schwierigkeiten und\/oder neurokognitiven St\u00f6rungen erforderlich ist. <\/p>\n<\/div><\/div>\n<\/div><\/div>\n\n\n\n<div class=\"wp-block-group faq\"><div class=\"wp-block-group__inner-container is-layout-constrained wp-block-group-is-layout-constrained\">\n<h4 class=\"wp-block-heading faq-q\" id=\"q-quelle-est-la-difference-entre-long-sejour\"><a><\/a><a><\/a><a>Was ist der Unterschied zwischen Langzeitaufenthalt, Kurzzeitaufenthalt, Tagesst\u00e4tte und gesch\u00fctzter Wohnung?<\/a><\/h4>\n\n\n\n<div class=\"wp-block-group faq-a\"><div class=\"wp-block-group__inner-container is-layout-constrained wp-block-group-is-layout-constrained\">\n<ul class=\"wp-block-list\">\n<li><strong>Langzeitpflege (Alters- und Pflegeheim):<\/strong> Bewohnerinnen und Bewohner von Alters- und Pflegeheimen ben\u00f6tigen rund um die Uhr eine qualitativ hochwertige medizinische und paramedizinische Versorgung.<\/li>\n<\/ul>\n\n\n\n<ul class=\"wp-block-list\">\n<li><strong>Kurzzeitpflege:<\/strong> Die <strong>Kurzzeitpflege<\/strong> bietet \u00e4lteren Menschen, die vor\u00fcbergehend physisch oder psychisch geschw\u00e4cht sind, eine sozialmedizinische Betreuung, damit sie sich vor der R\u00fcckkehr nach Hause erholen k\u00f6nnen. Die maximale Dauer eines Kurzaufenthalts betr\u00e4gt vier Monate pro Jahr, wobei zwischen zwei Aufenthalten eine Heimkehr von mindestens einem Monat liegen muss. Wie die Tagesst\u00e4tte erm\u00f6glicht auch diese Leistung eine Entlastung der pflegenden Angeh\u00f6rigen je nach Umst\u00e4nden oder Bedarf (Urlaub, Krankenhausaufenthalt, Ersch\u00f6pfung usw.).  <\/li>\n<\/ul>\n\n\n\n<ul class=\"wp-block-list\">\n<li>Tagesst\u00e4tte<strong>:<\/strong> Die Tagesst\u00e4tte richtet sich an alle \u00e4lteren Menschen, die zu Hause leben und unter k\u00f6rperlicher Abh\u00e4ngigkeit, kognitiven St\u00f6rungen oder sozialer Isolation leiden. Die Tagesst\u00e4tte bietet unter der Woche zu festen Zeiten soziale Betreuung, Therapie, Wellness, Pflege und soziokulturelle Animation an. Die Beg\u00fcnstigten verbringen dort den ganzen oder halben Tag. Die Tagesbetreuung bietet auch die M\u00f6glichkeit, pflegende Angeh\u00f6rige je nach Umst\u00e4nden oder Bedarf (Urlaub, Krankenhausaufenthalt, Ersch\u00f6pfung usw.) zu entlasten.   <\/li>\n<\/ul>\n\n\n\n<ul class=\"wp-block-list\">\n<li><strong>Betreute Wohnungen:<\/strong> Sie sind f\u00fcr gebrechliche \u00e4ltere Menschen mit eingeschr\u00e4nkter Mobilit\u00e4t bestimmt, die selbstst\u00e4ndig in einer Wohnung leben k\u00f6nnen, die auf ihre Bed\u00fcrfnisse zugeschnitten ist. Die betreuten Wohnungen sind mit Einrichtungen ausgestattet, die das Wohlbefinden und die Sicherheit der Mieter f\u00f6rdern. Den Bewohnern von betreuten Wohnungen kann eine pers\u00f6nliche Betreuung durch das regionale Gesundheitsamt oder andere Einrichtungen angeboten werden.  <\/li>\n<\/ul>\n\n\n\n<p><strong>Einen Schritt weiter gehen:<\/strong> <a href=\"https:\/\/www.avalems.ch\/de\/leben-in-einem-pflegeheim\/arten-von-angeboten\/\" data-type=\"page\" data-id=\"1691\">Arten von Angeboten<\/a><\/p>\n<\/div><\/div>\n<\/div><\/div>\n\n\n\n<div class=\"wp-block-group faq\"><div class=\"wp-block-group__inner-container is-layout-constrained wp-block-group-is-layout-constrained\">\n<h4 class=\"wp-block-heading faq-q\"><a><\/a><a><\/a><a>Was ist der Unterschied zwischen den Bezeichnungen &#8222;Langzeitpflege&#8220;, &#8222;Pflegeheim&#8220;, &#8222;Heim&#8220;, &#8222;Wohnheim&#8220; und &#8222;Residenz&#8220;?<\/a><\/h4>\n\n\n\n<div class=\"wp-block-group faq-a\"><div class=\"wp-block-group__inner-container is-layout-constrained wp-block-group-is-layout-constrained\">\n<p>Diese Begriffe liegen nahe beieinander. Das Pflegeheim, das Heim, das Heim oder die Residenz bezeichnen die Orte, an denen die Menschen aufgenommen werden, w\u00e4hrend sich der Langzeitaufenthalt auf die unbefristete, rund um die Uhr erbrachte Pflege- und Betreuungsleistung bezieht. <\/p>\n<\/div><\/div>\n<\/div><\/div>\n<\/div>\n<\/div>\n","protected":false},"excerpt":{"rendered":"<p>Allgemeines \u00fcber das APH Sie k\u00f6nnen die Antwort auf Ihre Fragen nicht finden? Kontaktieren Sie uns! An wen richtet sich das APH? Ein Altersheim (APH) ist vor allem f\u00fcr \u00e4ltere [&hellip;]<\/p>\n","protected":false},"author":152,"featured_media":0,"parent":28588,"menu_order":0,"comment_status":"closed","ping_status":"closed","template":"template-sidebar.php","meta":{"footnotes":""},"coauthors":[106],"class_list":["post-28605","page","type-page","status-publish","hentry"],"publishpress_future_action":{"enabled":false,"date":"2026-05-08 19:15:45","action":"change-status","newStatus":"draft","terms":[],"taxonomy":"translation_priority","extraData":[]},"publishpress_future_workflow_manual_trigger":{"enabledWorkflows":[]},"_links":{"self":[{"href":"https:\/\/avalems.ch\/de\/wp-json\/wp\/v2\/pages\/28605","targetHints":{"allow":["GET"]}}],"collection":[{"href":"https:\/\/avalems.ch\/de\/wp-json\/wp\/v2\/pages"}],"about":[{"href":"https:\/\/avalems.ch\/de\/wp-json\/wp\/v2\/types\/page"}],"author":[{"embeddable":true,"href":"https:\/\/avalems.ch\/de\/wp-json\/wp\/v2\/users\/152"}],"replies":[{"embeddable":true,"href":"https:\/\/avalems.ch\/de\/wp-json\/wp\/v2\/comments?post=28605"}],"version-history":[{"count":4,"href":"https:\/\/avalems.ch\/de\/wp-json\/wp\/v2\/pages\/28605\/revisions"}],"predecessor-version":[{"id":30313,"href":"https:\/\/avalems.ch\/de\/wp-json\/wp\/v2\/pages\/28605\/revisions\/30313"}],"up":[{"embeddable":true,"href":"https:\/\/avalems.ch\/de\/wp-json\/wp\/v2\/pages\/28588"}],"wp:attachment":[{"href":"https:\/\/avalems.ch\/de\/wp-json\/wp\/v2\/media?parent=28605"}],"wp:term":[{"taxonomy":"author","embeddable":true,"href":"https:\/\/avalems.ch\/de\/wp-json\/wp\/v2\/coauthors?post=28605"}],"curies":[{"name":"wp","href":"https:\/\/api.w.org\/{rel}","templated":true}]}}