{"id":28603,"date":"2025-01-22T15:26:53","date_gmt":"2025-01-22T14:26:53","guid":{"rendered":"https:\/\/www.avalems.ch\/die-hospize\/"},"modified":"2026-03-02T12:16:32","modified_gmt":"2026-03-02T11:16:32","slug":"die-hospize","status":"publish","type":"page","link":"https:\/\/avalems.ch\/de\/leben-in-einem-pflegeheim\/arten-von-angeboten\/die-hospize\/","title":{"rendered":"Die Hospize"},"content":{"rendered":"\n<div class=\"wp-block-columns is-layout-flex wp-container-core-columns-is-layout-9d6595d7 wp-block-columns-is-layout-flex\">\n<div class=\"wp-block-column is-layout-flow wp-block-column-is-layout-flow\" style=\"flex-basis:300px\"><div class=\"sidebar-dossier\"><a class=\"back-category\" href=\"https:\/\/avalems.ch\/de\/leben-in-einem-pflegeheim\/arten-von-angeboten\/\"><svg width=\"18px\" height=\"15px\" viewBox=\"0 0 18 15\" version=\"1.1\" xmlns=\"http:\/\/www.w3.org\/2000\/svg\" xmlns:xlink=\"http:\/\/www.w3.org\/1999\/xlink\"><g id=\"Page-1\" stroke=\"none\" stroke-width=\"1\" fill=\"none\" fill-rule=\"evenodd\"><g id=\"10-Dossier-th\u00e9matique---resolution\" transform=\"translate(-118.000000, -263.000000)\" fill=\"#F49600\" fill-rule=\"nonzero\"><polygon id=\"Shape-Copy-32\" transform=\"translate(127.000000, 270.500000) rotate(-270.000000) translate(-127.000000, -270.500000) \" points=\"134 272.09901 132.634146 270.920792 127.682927 275.80198 127.682927 262 125.97561 262 125.97561 275.633663 121.195122 270.920792 120 272.09901 127 279 127 278.831683 127 279\"><\/polygon><\/g><\/g><\/svg>Arten von Angeboten<\/a><h3>Arten von Angeboten<\/h3>                <a href=\"https:\/\/avalems.ch\/de\/leben-in-einem-pflegeheim\/arten-von-angeboten\/\">Arten von Angeboten<\/a>\n                <a href=\"https:\/\/avalems.ch\/de\/leben-in-einem-pflegeheim\/arten-von-angeboten\/die-tagesstaette\/\">Die Tagesst\u00e4tte<\/a><a href=\"https:\/\/avalems.ch\/de\/leben-in-einem-pflegeheim\/arten-von-angeboten\/spezialisierung-auf-psychogeriatrie\/\">Spezialisierung auf Psychogeriatrie<\/a><a href=\"https:\/\/avalems.ch\/de\/leben-in-einem-pflegeheim\/arten-von-angeboten\/geschuetzte-unterkuenfte\/\">Gesch\u00fctzte Unterk\u00fcnfte<\/a><a class=\"active\" href=\"https:\/\/avalems.ch\/de\/leben-in-einem-pflegeheim\/arten-von-angeboten\/die-hospize\/\">Die Hospize<\/a><a href=\"https:\/\/avalems.ch\/de\/leben-in-einem-pflegeheim\/arten-von-angeboten\/der-lange-aufenthalt\/\">Die Langzeitpflege\u00a0<\/a><a href=\"https:\/\/avalems.ch\/de\/leben-in-einem-pflegeheim\/arten-von-angeboten\/der-kurzaufenthalt\/\">Der Kurzaufenthalt<\/a><\/div>\n<\/div>\n\n\n\n<div class=\"wp-block-column is-layout-flow wp-block-column-is-layout-flow\">\n<h1 class=\"wp-block-heading\">Die Hospize<\/h1>\n\n\n\n<p>Die Hospize im Wallis bieten einen einzigartigen Rahmen, der ganz auf Patienten mit schweren, fortschreitenden oder unheilbaren Krankheiten ausgerichtet ist, und verfolgen einen spezialisierten, interprofessionellen und personalisierten Ansatz.<\/p>\n\n\n\n<h4 class=\"wp-block-heading\"><strong>Die Schl\u00fcsselleistungen<\/strong><\/h4>\n\n\n\n<p>Die in Hospizen angebotene Palliativversorgung zielt darauf ab, Schmerzen und andere Symptome im Zusammenhang mit schweren Krankheiten zu lindern und gleichzeitig die psychologischen, sozialen und spirituellen Bed\u00fcrfnisse der Patienten zu befriedigen. Diese Leistungen beinhalten :<\/p>\n\n\n\n<ul class=\"wp-block-list\">\n<li><strong>Spezialisierte medizinische und pflegerische Versorgung<\/strong><br>Die Hospizteams sind darauf geschult, mit komplexen Situationen umzugehen, insbesondere durch die wirksame Linderung von Symptomen wie Schmerzen, Atemnot oder \u00dcbelkeit. Die Pflege wird st\u00e4ndig angepasst, um den Komfort des Patienten zu gew\u00e4hrleisten.<\/li>\n\n\n\n<li><strong>Psychosoziale und spirituelle Begleitung<\/strong><br>Hospize bieten Patienten und ihren Angeh\u00f6rigen massgeschneiderte Unterst\u00fctzung bei der Bew\u00e4ltigung der emotionalen und spirituellen Herausforderungen, die mit dem Lebensende einhergehen. Sie stellen auch R\u00e4ume zur Besinnung zur Verf\u00fcgung, um eine beruhigende Umgebung zu f\u00f6rdern.<\/li>\n\n\n\n<li><strong>Angepasste und warme Lebensumgebung<\/strong><br>Die Einzelzimmer sind so gestaltet, dass sie eine famili\u00e4re Atmosph\u00e4re schaffen und optimalen Komfort bieten. Gemeinschaftsr\u00e4ume bieten Patienten und Angeh\u00f6rigen die M\u00f6glichkeit, sich in einer freundlichen Atmosph\u00e4re zu treffen.<\/li>\n\n\n\n<li><strong>Unterst\u00fctzung von Angeh\u00f6rigen<\/strong><br>Die Familien werden in den Betreuungsprozess einbezogen. Hospize bieten Ressourcen an, die den Angeh\u00f6rigen helfen, diese Zeit besser zu bew\u00e4ltigen, und, falls n\u00f6tig, auch Unterst\u00fctzung nach dem Tod des Patienten.<\/li>\n\n\n\n<li><strong>Multidisziplin\u00e4rer Ansatz<\/strong><br>Ein Team aus \u00c4rzten, Pflegern, Psychologen und Seelsorgern arbeitet eng zusammen, um den ganzheitlichen Bed\u00fcrfnissen der Patienten und ihrer Angeh\u00f6rigen gerecht zu werden.<\/li>\n<\/ul>\n\n\n\n<h4 class=\"wp-block-heading\"><strong>Besondere Leistungen<\/strong><\/h4>\n\n\n\n<p>Einige Einrichtungen, wie das Hospiz Oberwallis, bieten innovative Dienstleistungen wie eine Ferienwohnung f\u00fcr Familien mit intensivpflegebed\u00fcrftigen Kindern an, die es erm\u00f6glicht, Erholung und fachkundige Begleitung miteinander zu verbinden.<\/p>\n\n\n\n<h3 class=\"wp-block-heading\"><strong>Worin besteht der Unterschied zu der in einem Pflegeheim angebotenen Betreuung?<\/strong><\/h3>\n\n\n\n<p>APH sind auf die Begleitung am Lebensende spezialisiert und bieten den Bewohnern allgemeine Palliativpflege. Hospize zeichnen sich jedoch durch folgende Merkmale aus:<\/p>\n\n\n\n<ol class=\"wp-block-list\">\n<li><strong>Eine vollst\u00e4ndig auf spezialisierte palliative Pflege ausgerichtete Betreuung<\/strong><br>Im Gegensatz zu APH, die Bewohner mit unterschiedlichen Bed\u00fcrfnissen aufnehmen, konzentrieren sich Hospize ausschliesslich auf schwerkranke Patienten, deren Lebenserwartung kurz- oder mittelfristig bedroht ist und die eine spezialisierte und komplexe Pflege ben\u00f6tigen. Sie nehmen auch Patienten f\u00fcr Kurzaufenthalte auf, die die Kriterien f\u00fcr spezialisierte Palliativpflege erf\u00fcllen.<\/li>\n\n\n\n<li><strong>Eine spezialisierte Umgebung<\/strong> <br>Die Infrastruktur und die Dienstleistungen der Hospize sind speziell auf die Bed\u00fcrfnisse schwerkranker Patienten und ihrer Angeh\u00f6rigen zugeschnitten und bieten eine Atmosph\u00e4re, die fortschrittliche medizinische Versorgung mit emotionalem Komfort verbindet. Die Patienten m\u00fcssen die Aufnahmekriterien des Hospizes erf\u00fcllen, die vom zust\u00e4ndigen Arzt der institution best\u00e4tigt werden m\u00fcssen.<\/li>\n<\/ol>\n\n\n\n<p>Diese Auszeichnung erm\u00f6glicht es Patienten und ihren Familien, die Einrichtung auszuw\u00e4hlen, die ihren spezifischen Bed\u00fcrfnissen am besten entspricht.<\/p>\n<\/div>\n<\/div>\n","protected":false},"excerpt":{"rendered":"<p>Die Hospize Die Hospize im Wallis bieten einen einzigartigen Rahmen, der ganz auf Patienten mit schweren, fortschreitenden oder unheilbaren Krankheiten ausgerichtet ist, und verfolgen einen spezialisierten, interprofessionellen und personalisierten Ansatz. [&hellip;]<\/p>\n","protected":false},"author":552,"featured_media":0,"parent":28831,"menu_order":0,"comment_status":"closed","ping_status":"closed","template":"template-sidebar.php","meta":{"footnotes":""},"coauthors":[513],"class_list":["post-28603","page","type-page","status-publish","hentry"],"publishpress_future_action":{"enabled":false,"date":"2026-06-12 23:25:37","action":"change-status","newStatus":"draft","terms":[],"taxonomy":"translation_priority","extraData":[]},"publishpress_future_workflow_manual_trigger":{"enabledWorkflows":[]},"_links":{"self":[{"href":"https:\/\/avalems.ch\/de\/wp-json\/wp\/v2\/pages\/28603","targetHints":{"allow":["GET"]}}],"collection":[{"href":"https:\/\/avalems.ch\/de\/wp-json\/wp\/v2\/pages"}],"about":[{"href":"https:\/\/avalems.ch\/de\/wp-json\/wp\/v2\/types\/page"}],"author":[{"embeddable":true,"href":"https:\/\/avalems.ch\/de\/wp-json\/wp\/v2\/users\/552"}],"replies":[{"embeddable":true,"href":"https:\/\/avalems.ch\/de\/wp-json\/wp\/v2\/comments?post=28603"}],"version-history":[{"count":6,"href":"https:\/\/avalems.ch\/de\/wp-json\/wp\/v2\/pages\/28603\/revisions"}],"predecessor-version":[{"id":38701,"href":"https:\/\/avalems.ch\/de\/wp-json\/wp\/v2\/pages\/28603\/revisions\/38701"}],"up":[{"embeddable":true,"href":"https:\/\/avalems.ch\/de\/wp-json\/wp\/v2\/pages\/28831"}],"wp:attachment":[{"href":"https:\/\/avalems.ch\/de\/wp-json\/wp\/v2\/media?parent=28603"}],"wp:term":[{"taxonomy":"author","embeddable":true,"href":"https:\/\/avalems.ch\/de\/wp-json\/wp\/v2\/coauthors?post=28603"}],"curies":[{"name":"wp","href":"https:\/\/api.w.org\/{rel}","templated":true}]}}