{"id":28602,"date":"2025-01-22T15:26:52","date_gmt":"2025-01-22T14:26:52","guid":{"rendered":"https:\/\/www.avalems.ch\/haeufig-gestellte-fragen\/leben-im-pflegeheim-allgemeine-organisation\/"},"modified":"2026-01-09T09:35:23","modified_gmt":"2026-01-09T08:35:23","slug":"leben-im-pflegeheim-allgemeine-organisation","status":"publish","type":"page","link":"https:\/\/avalems.ch\/de\/leben-in-einem-pflegeheim\/faq\/leben-im-pflegeheim-allgemeine-organisation\/","title":{"rendered":"Leben im Pflegeheim (allgemeine Organisation)"},"content":{"rendered":"\n<div class=\"wp-block-columns is-layout-flex wp-container-core-columns-is-layout-9d6595d7 wp-block-columns-is-layout-flex\">\n<div class=\"wp-block-column is-layout-flow wp-block-column-is-layout-flow\" style=\"flex-basis:300px\"><div class=\"sidebar-dossier\"><a class=\"back-category\" href=\"https:\/\/avalems.ch\/de\/leben-in-einem-pflegeheim\/faq\/\"><svg width=\"18px\" height=\"15px\" viewBox=\"0 0 18 15\" version=\"1.1\" xmlns=\"http:\/\/www.w3.org\/2000\/svg\" xmlns:xlink=\"http:\/\/www.w3.org\/1999\/xlink\"><g id=\"Page-1\" stroke=\"none\" stroke-width=\"1\" fill=\"none\" fill-rule=\"evenodd\"><g id=\"10-Dossier-th\u00e9matique---resolution\" transform=\"translate(-118.000000, -263.000000)\" fill=\"#F49600\" fill-rule=\"nonzero\"><polygon id=\"Shape-Copy-32\" transform=\"translate(127.000000, 270.500000) rotate(-270.000000) translate(-127.000000, -270.500000) \" points=\"134 272.09901 132.634146 270.920792 127.682927 275.80198 127.682927 262 125.97561 262 125.97561 275.633663 121.195122 270.920792 120 272.09901 127 279 127 278.831683 127 279\"><\/polygon><\/g><\/g><\/svg>H\u00e4ufig gestellte Fragen<\/a><h3>H\u00e4ufig gestellte Fragen<\/h3>                <a href=\"https:\/\/avalems.ch\/de\/leben-in-einem-pflegeheim\/faq\/\">H\u00e4ufig gestellte Fragen<\/a>\n                <a class=\"active\" href=\"https:\/\/avalems.ch\/de\/leben-in-einem-pflegeheim\/faq\/leben-im-pflegeheim-allgemeine-organisation\/\">Leben im Pflegeheim (allgemeine Organisation)<\/a><a href=\"https:\/\/avalems.ch\/de\/leben-in-einem-pflegeheim\/faq\/allgemeines-ueber-das-ems\/\">Allgemeines \u00fcber das APH<\/a><a href=\"https:\/\/avalems.ch\/de\/leben-in-einem-pflegeheim\/faq\/leben-im-pflegeheim-pflege-und-ethische-aspekte\/\">Leben im Pflegeheim (Pflege und ethische Aspekte)<\/a><a href=\"https:\/\/avalems.ch\/de\/leben-in-einem-pflegeheim\/faq\/vorbereitung-auf-den-eintritt-in-ein-pflegeheim\/\">Vorbereitung auf den Eintritt in ein Pflegeheim<\/a><a href=\"https:\/\/avalems.ch\/de\/leben-in-einem-pflegeheim\/faq\/finanzierung-des-ems\/\">Finanzierung des APH<\/a><\/div>\n<\/div>\n\n\n\n<div class=\"wp-block-column is-layout-flow wp-block-column-is-layout-flow\">\n<h1 class=\"wp-block-heading\">Leben im Pflegeheim (allgemeine Organisation)<\/h1>\n\n\n\n<p>Sie k\u00f6nnen die Antwort auf Ihre Fragen nicht finden?  <a href=\"https:\/\/www.avalems.ch\/de\/verein\/kontakt\/\" data-type=\"page\" data-id=\"1314\">Kontaktieren Sie uns!<\/a><\/p>\n\n\n\n<div class=\"wp-block-group faq\"><div class=\"wp-block-group__inner-container is-layout-constrained wp-block-group-is-layout-constrained\">\n<h4 class=\"wp-block-heading faq-q\"><a>Wie verlaufen die ersten Tage? Gibt es eine Akklimatisierungsphase?<\/a><\/h4>\n\n\n\n<div class=\"wp-block-group faq-a\"><div class=\"wp-block-group__inner-container is-layout-constrained wp-block-group-is-layout-constrained\">\n<p>Jedes Pflegeheim hat seine eigene Organisation, aber in der Regel stehen ein Willkommensessen und ein Rundgang durch die Einrichtung auf dem Programm.  <\/p>\n\n\n\n<p>In den folgenden Tagen wird eine Beurteilung der Bed\u00fcrfnisse, der t\u00e4glichen Gewohnheiten und des Gesundheitszustands der Person vom Pflegepersonal durchgef\u00fchrt. Die Teammitglieder, die in das Leben der Person eingreifen m\u00fcssen, stellen sich vor. Diese Eingew\u00f6hnungsphase kann einige Wochen dauern.<\/p>\n<\/div><\/div>\n<\/div><\/div>\n\n\n\n<div class=\"wp-block-group faq\"><div class=\"wp-block-group__inner-container is-layout-constrained wp-block-group-is-layout-constrained\">\n<h4 class=\"wp-block-heading faq-q\"><a>Wie sieht ein Tag im Pflegeheim aus?<\/a><\/h4>\n\n\n\n<div class=\"wp-block-group faq-a\"><div class=\"wp-block-group__inner-container is-layout-constrained wp-block-group-is-layout-constrained\">\n<p>Jede Einrichtung erlebt ihren Tag anders und achtet darauf, das Betreuungsprojekt anzubieten, das den Gewohnheiten und W\u00fcnschen der \u00e4lteren Person am besten entspricht.<\/p>\n\n\n\n<p>In der Regel laufen die Tage jedoch wie folgt ab:<\/p>\n\n\n\n<ul class=\"wp-block-list\">\n<li><strong>Vormittag<\/strong>: Der erste Teil des Vormittags ist dem Mittagessen und der Grundversorgung gewidmet. Anschlie\u00dfend k\u00f6nnen die Bewohnerinnen und Bewohner an Aktivit\u00e4ten teilnehmen, woraufhin das Mittagessen serviert wird.<\/li>\n\n\n\n<li><strong>Nachmittag<\/strong>: Es wird eine Siesta angeboten. Darauf folgen Animationen, Besuche oder Gruppentreffen.<\/li>\n\n\n\n<li><strong>Abendbrot<\/strong>: Das Abendessen wird in der Regel gegen 18 Uhr serviert, bevor Sie sich f\u00fcr die Nacht vorbereiten.<\/li>\n<\/ul>\n\n\n\n<p>Im Laufe des Tages werden zwischen den Mahlzeiten mehrere Snacks angeboten.<\/p>\n<\/div><\/div>\n<\/div><\/div>\n\n\n\n<div class=\"wp-block-group faq\"><div class=\"wp-block-group__inner-container is-layout-constrained wp-block-group-is-layout-constrained\">\n<h4 class=\"wp-block-heading faq-q\"><a>Welche Animationen und Aktivit\u00e4ten stehen mir zur Verf\u00fcgung? Muss ich daran teilnehmen?<\/a><\/h4>\n\n\n\n<div class=\"wp-block-group faq-a\"><div class=\"wp-block-group__inner-container is-layout-constrained wp-block-group-is-layout-constrained\">\n<p>In Alten- und Pflegeheimen bietet die soziokulturelle Animation eine Reihe von Aktivit\u00e4ten an, die den Bewohnern zur Verf\u00fcgung stehen, um ihre Autonomie zu erhalten und soziale Beziehungen zu f\u00f6rdern. Sie sind zwar fakultativ, werden aber gef\u00f6rdert, da sie das Begleitprojekt widerspiegeln und das Wohlbefinden verbessern.<\/p>\n\n\n\n<p>Dazu geh\u00f6ren z.B. k\u00f6rperliche Aktivit\u00e4ten (Haltung, Geschicklichkeit, Mobilit\u00e4t), kreative Aktivit\u00e4ten (Zeichnen, Stricken, Basteln), soziale Aktivit\u00e4ten (Gespr\u00e4che, Singen, Spiele, Ausfl\u00fcge), Alltagsaktivit\u00e4ten (Kochen, Spiritualit\u00e4t) oder kurze begleitete Ausfl\u00fcge (um pers\u00f6nliche Eink\u00e4ufe zu t\u00e4tigen). Zu Ostern, Weihnachten und dem Nationalfeiertag werden h\u00e4ufig Feierlichkeiten organisiert.<\/p>\n<\/div><\/div>\n<\/div><\/div>\n\n\n\n<div class=\"wp-block-group faq\"><div class=\"wp-block-group__inner-container is-layout-constrained wp-block-group-is-layout-constrained\">\n<h4 class=\"wp-block-heading faq-q\"><a>Kann ich frei ausgehen? Kann ich ungehindert Besuch empfangen?<\/a><\/h4>\n\n\n\n<div class=\"wp-block-group faq-a\"><div class=\"wp-block-group__inner-container is-layout-constrained wp-block-group-is-layout-constrained\">\n<p>Ja. Sofern Ihr physischer oder psychischer Gesundheitszustand Sie nicht daran hindert, k\u00f6nnen Sie sich jederzeit frei bewegen und Besuch empfangen. Die Arbeitszeiten sind flexibel und variieren von Institution zu Institution.<\/p>\n\n\n\n<p><strong>Gehen Sie einen Schritt weiter:<\/strong> <a href=\"https:\/\/avalems.ch\/de\/leben-in-einem-pflegeheim\/faq\/finanzierung-des-ems\/#q-payer-en-cas-absence\" target=\"_blank\" rel=\"noreferrer noopener\">Frage &#8222;Kann ich mich abmelden oder in den Urlaub fahren?&#8220;<\/a><\/p>\n<\/div><\/div>\n<\/div><\/div>\n\n\n\n<div class=\"wp-block-group faq\"><div class=\"wp-block-group__inner-container is-layout-constrained wp-block-group-is-layout-constrained\">\n<h4 class=\"wp-block-heading faq-q\"><a>Wer sind die Fachleute, die ich in dem Pflegeheim treffen werde?<\/a><\/h4>\n\n\n\n<div class=\"wp-block-group faq-a\"><div class=\"wp-block-group__inner-container is-layout-constrained wp-block-group-is-layout-constrained\">\n<p>W\u00e4hrend Ihres Aufenthaltes in einem Pflegeheim werden Sie mit verschiedenen Berufsgruppen in Kontakt kommen: dem medizinisch-pflegerischen Team, dem Animationsteam, dem Hauswirtschaftsteam, dem technischen Team und dem Verwaltungsteam.  <\/p>\n\n\n\n<p>Externe Dienstleister wie Friseure, Podologen, Physiotherapeuten, Ergotherapeuten oder andere Therapeuten sind in der Einrichtung t\u00e4tig.<\/p>\n<\/div><\/div>\n<\/div><\/div>\n\n\n\n<div class=\"wp-block-group faq\"><div class=\"wp-block-group__inner-container is-layout-constrained wp-block-group-is-layout-constrained\">\n<h4 class=\"wp-block-heading faq-q\"><a>Werden meine Familie und ich eine Bezugsperson haben?<\/a><\/h4>\n\n\n\n<div class=\"wp-block-group faq-a\"><div class=\"wp-block-group__inner-container is-layout-constrained wp-block-group-is-layout-constrained\">\n<p>Ja! In den meisten Alten- und Pflegeheimen wird eine Bezugsperson benannt, die den Betreuungsplan des \u00e4lteren Menschen \u00fcberwacht und Verbesserungsvorschl\u00e4ge der Familie entgegennimmt und weiterleitet.<\/p>\n<\/div><\/div>\n<\/div><\/div>\n\n\n\n<div class=\"wp-block-group faq\"><div class=\"wp-block-group__inner-container is-layout-constrained wp-block-group-is-layout-constrained\">\n<h4 class=\"wp-block-heading faq-q\"><a _msttexthash=\"1824706\" _msthash=\"1144\">Ich m\u00f6chte im Altersheim beten, ist das m\u00f6glich?<\/a><\/h4>\n\n\n\n<div class=\"wp-block-group faq-a\"><div class=\"wp-block-group__inner-container is-layout-constrained wp-block-group-is-layout-constrained\">\n<p>In Alten- und Pflegeheimen nimmt die Spiritualit\u00e4t einen wichtigen Platz ein und erfordert die Anwesenheit von Betreuern und Betreuerinnen, um die religi\u00f6se und kulturelle Vielfalt zu integrieren.<\/p>\n\n\n\n<p>In der Praxis werden sie unterschiedlich gehandhabt. In einigen Pflegeheimen kommen Seelsorgerinnen und Seelsorger aus der Gemeinde und organisieren das Gebet. Einige Einrichtungen verf\u00fcgen \u00fcber einen Ort der Besinnung, eine Kapelle und einen Seelsorgedienst. Schlie\u00dflich werden in einigen Alten- und Pflegeheimen Messen angeboten.<\/p>\n\n\n\n<p><strong>Einen Schritt weiter gehen: <\/strong><a href=\"https:\/\/www.avalems.ch\/de\/spiritualitaet\/\" data-type=\"post\" data-id=\"10436\">Dossier &#8222;Spiritualit\u00e4t in Alters- und Pflegeheimen&#8220;.<\/a><\/p>\n<\/div><\/div>\n<\/div><\/div>\n\n\n\n<div class=\"wp-block-group faq\"><div class=\"wp-block-group__inner-container is-layout-constrained wp-block-group-is-layout-constrained\">\n<h4 class=\"wp-block-heading faq-q\">Kann man mich in einem Zweibettzimmer unterbringen, obwohl ich das nicht m\u00f6chte?<\/h4>\n\n\n\n<div class=\"wp-block-group faq-a\"><div class=\"wp-block-group__inner-container is-layout-constrained wp-block-group-is-layout-constrained\">\n<p>Aus R\u00fccksicht auf Komfort und Privatsph\u00e4re bieten APH immer seltener Doppelzimmer an. In neueren Geb\u00e4uden gibt es praktisch keine mehr \u2013 es sei denn, sie sind f\u00fcr Paare bestimmt oder dienen in Einzelf\u00e4llen dazu, \u00e4ngstlichen Bewohnerinnen und Bewohnern Sicherheit zu geben.<\/p>\n\n\n\n<p>In der Praxis <strong>kann es vorkommen, dass Sie aufgrund mangelnder Verf\u00fcgbarkeit ein Zweibettzimmer akzeptieren m\u00fcssen<\/strong>. Das APH wird sein M\u00f6glichstes tun, um Ihnen zu einem sp\u00e4teren Zeitpunkt ein Einzelzimmer anzubieten.<\/p>\n<\/div><\/div>\n\n\n\n<p><\/p>\n<\/div><\/div>\n\n\n\n<div class=\"wp-block-group faq\"><div class=\"wp-block-group__inner-container is-layout-constrained wp-block-group-is-layout-constrained\">\n<h4 class=\"wp-block-heading faq-q\">Kann ich meine pers\u00f6nlichen Gegenst\u00e4nde und M\u00f6bel mitnehmen?<\/h4>\n\n\n\n<div class=\"wp-block-group faq-a\"><div class=\"wp-block-group__inner-container is-layout-constrained wp-block-group-is-layout-constrained\">\n<p>In der Regel <strong>wird ausdr\u00fccklich empfohlen, pers\u00f6nliche Sachen mitzubringen<\/strong>.Gem\u00e4ss Pensionsvertrag ist das Zimmer mit einem Pflegebett, Nachttisch sowie Wandschrank ausgestattet. Manche APH stellen einen angepassten Sessel und einen Fernseher zur Verf\u00fcgung.<\/p>\n\n\n\n<p>Ausserdem haben Sie die M\u00f6glichkeit, Ihr Zimmer mit eigenen kleinen M\u00f6belst\u00fccken, Fotos und Bildern nach Ihrem Geschmack zu gestalten, sofern ausreichend Platz vorhanden ist und die Pflege dadurch nicht beeintr\u00e4chtigt wird. Teppiche sind meist nicht erlaubt.<\/p>\n<\/div><\/div>\n<\/div><\/div>\n\n\n\n<div class=\"wp-block-group faq\"><div class=\"wp-block-group__inner-container is-layout-constrained wp-block-group-is-layout-constrained\">\n<h4 class=\"wp-block-heading faq-q\">Wer k\u00fcmmert sich um die Reinigung meiner pers\u00f6nlichen Gegenst\u00e4nde?<\/h4>\n\n\n\n<div class=\"wp-block-group faq-a\"><div class=\"wp-block-group__inner-container is-layout-constrained wp-block-group-is-layout-constrained\">\n<p><strong>Die Pflege der W\u00e4sche geh\u00f6rt zum Service des APH<\/strong>. Davon ausgenommen sind Kleidungsst\u00fccke, die von einem externen Dienstleister wie einer W\u00e4scherei chemisch gereinigt werden m\u00fcssen. In diesem Fall m\u00fcssen Sie die Kosten selber tragen.<\/p>\n\n\n\n<p>Pers\u00f6nliche Kleidungsst\u00fccke m\u00fcssen beim Eintritt ins Heim mit Vor- und Nach namen beschriftet sein.<\/p>\n<\/div><\/div>\n<\/div><\/div>\n\n\n\n<div class=\"wp-block-group faq\"><div class=\"wp-block-group__inner-container is-layout-constrained wp-block-group-is-layout-constrained\">\n<h4 class=\"wp-block-heading faq-q\">Kann ich mein Haustier mitnehmen?<\/h4>\n\n\n\n<div class=\"wp-block-group faq-a\"><div class=\"wp-block-group__inner-container is-layout-constrained wp-block-group-is-layout-constrained\">\n<p><strong>Ob ein Haustier ins APH mitgebracht werden kann, h\u00e4ngt von verschiedenen Faktoren ab<\/strong>, wie etwa der Tierart, dem Gesundheitszustand der Bewohnerin oder des Bewohners und den Vorgaben der Einrichtung. Da jede Situation anders ist, empfiehlt es sich, dieses Thema direkt mit dem APH zu besprechen, um die best m\u00f6gliche L\u00f6sung zu finden.<\/p>\n<\/div><\/div>\n<\/div><\/div>\n\n\n\n<div class=\"wp-block-group faq\"><div class=\"wp-block-group__inner-container is-layout-constrained wp-block-group-is-layout-constrained\">\n<h4 class=\"wp-block-heading faq-q\">K\u00fcmmert sich das APH um meine Post?<\/h4>\n\n\n\n<div class=\"wp-block-group faq-a\"><div class=\"wp-block-group__inner-container is-layout-constrained wp-block-group-is-layout-constrained\">\n<p>Nein, <strong>es ist nicht Aufgabe des APH, sich um Ihre administrativen Angelegenheiten oder die Bearbeitung Ihrer Post zu k\u00fcmmern<\/strong>. Es liegt in Ihrer Verantwortung, einer nahestehenden Person eine Vollmacht zu erteilen oder eine Beistandschaft zu beantragen. Das APH kann Sie jedoch beraten oder Sie an entsprechende Einrichtungen verweisen.<\/p>\n<\/div><\/div>\n<\/div><\/div>\n<\/div>\n<\/div>\n","protected":false},"excerpt":{"rendered":"<p>Leben im Pflegeheim (allgemeine Organisation) Sie k\u00f6nnen die Antwort auf Ihre Fragen nicht finden? Kontaktieren Sie uns! Wie verlaufen die ersten Tage? Gibt es eine Akklimatisierungsphase? Jedes Pflegeheim hat seine [&hellip;]<\/p>\n","protected":false},"author":152,"featured_media":0,"parent":28588,"menu_order":0,"comment_status":"closed","ping_status":"closed","template":"template-sidebar.php","meta":{"footnotes":""},"coauthors":[106],"class_list":["post-28602","page","type-page","status-publish","hentry"],"publishpress_future_action":{"enabled":false,"date":"2026-06-17 02:10:09","action":"change-status","newStatus":"draft","terms":[],"taxonomy":"translation_priority","extraData":[]},"publishpress_future_workflow_manual_trigger":{"enabledWorkflows":[]},"_links":{"self":[{"href":"https:\/\/avalems.ch\/de\/wp-json\/wp\/v2\/pages\/28602","targetHints":{"allow":["GET"]}}],"collection":[{"href":"https:\/\/avalems.ch\/de\/wp-json\/wp\/v2\/pages"}],"about":[{"href":"https:\/\/avalems.ch\/de\/wp-json\/wp\/v2\/types\/page"}],"author":[{"embeddable":true,"href":"https:\/\/avalems.ch\/de\/wp-json\/wp\/v2\/users\/152"}],"replies":[{"embeddable":true,"href":"https:\/\/avalems.ch\/de\/wp-json\/wp\/v2\/comments?post=28602"}],"version-history":[{"count":9,"href":"https:\/\/avalems.ch\/de\/wp-json\/wp\/v2\/pages\/28602\/revisions"}],"predecessor-version":[{"id":37807,"href":"https:\/\/avalems.ch\/de\/wp-json\/wp\/v2\/pages\/28602\/revisions\/37807"}],"up":[{"embeddable":true,"href":"https:\/\/avalems.ch\/de\/wp-json\/wp\/v2\/pages\/28588"}],"wp:attachment":[{"href":"https:\/\/avalems.ch\/de\/wp-json\/wp\/v2\/media?parent=28602"}],"wp:term":[{"taxonomy":"author","embeddable":true,"href":"https:\/\/avalems.ch\/de\/wp-json\/wp\/v2\/coauthors?post=28602"}],"curies":[{"name":"wp","href":"https:\/\/api.w.org\/{rel}","templated":true}]}}