{"id":28594,"date":"2025-01-22T15:26:46","date_gmt":"2025-01-22T14:26:46","guid":{"rendered":"https:\/\/www.avalems.ch\/geschuetzte-unterkuenfte\/"},"modified":"2026-04-17T10:31:37","modified_gmt":"2026-04-17T08:31:37","slug":"geschuetzte-unterkuenfte","status":"publish","type":"page","link":"https:\/\/avalems.ch\/de\/leben-in-einem-pflegeheim\/arten-von-angeboten\/geschuetzte-unterkuenfte\/","title":{"rendered":"Gesch\u00fctzte Unterk\u00fcnfte"},"content":{"rendered":"\n<div class=\"wp-block-columns is-layout-flex wp-container-core-columns-is-layout-9d6595d7 wp-block-columns-is-layout-flex\">\n<div class=\"wp-block-column is-layout-flow wp-block-column-is-layout-flow\" style=\"flex-basis:300px\"><div class=\"sidebar-dossier\"><a class=\"back-category\" href=\"https:\/\/avalems.ch\/de\/leben-in-einem-pflegeheim\/arten-von-angeboten\/\"><svg width=\"18px\" height=\"15px\" viewBox=\"0 0 18 15\" version=\"1.1\" xmlns=\"http:\/\/www.w3.org\/2000\/svg\" xmlns:xlink=\"http:\/\/www.w3.org\/1999\/xlink\"><g id=\"Page-1\" stroke=\"none\" stroke-width=\"1\" fill=\"none\" fill-rule=\"evenodd\"><g id=\"10-Dossier-th\u00e9matique---resolution\" transform=\"translate(-118.000000, -263.000000)\" fill=\"#F49600\" fill-rule=\"nonzero\"><polygon id=\"Shape-Copy-32\" transform=\"translate(127.000000, 270.500000) rotate(-270.000000) translate(-127.000000, -270.500000) \" points=\"134 272.09901 132.634146 270.920792 127.682927 275.80198 127.682927 262 125.97561 262 125.97561 275.633663 121.195122 270.920792 120 272.09901 127 279 127 278.831683 127 279\"><\/polygon><\/g><\/g><\/svg>Arten von Angeboten<\/a><h3>Arten von Angeboten<\/h3>                <a href=\"https:\/\/avalems.ch\/de\/leben-in-einem-pflegeheim\/arten-von-angeboten\/\">Arten von Angeboten<\/a>\n                <a href=\"https:\/\/avalems.ch\/de\/leben-in-einem-pflegeheim\/arten-von-angeboten\/die-tagesstaette\/\">Die Tagesst\u00e4tte<\/a><a href=\"https:\/\/avalems.ch\/de\/leben-in-einem-pflegeheim\/arten-von-angeboten\/spezialisierung-auf-psychogeriatrie\/\">Spezialisierung auf Psychogeriatrie<\/a><a class=\"active\" href=\"https:\/\/avalems.ch\/de\/leben-in-einem-pflegeheim\/arten-von-angeboten\/geschuetzte-unterkuenfte\/\">Gesch\u00fctzte Unterk\u00fcnfte<\/a><a href=\"https:\/\/avalems.ch\/de\/leben-in-einem-pflegeheim\/arten-von-angeboten\/die-hospize\/\">Die Hospize<\/a><a href=\"https:\/\/avalems.ch\/de\/leben-in-einem-pflegeheim\/arten-von-angeboten\/der-lange-aufenthalt\/\">Die Langzeitpflege\u00a0<\/a><a href=\"https:\/\/avalems.ch\/de\/leben-in-einem-pflegeheim\/arten-von-angeboten\/der-kurzaufenthalt\/\">Der Kurzaufenthalt<\/a><\/div>\n<\/div>\n\n\n\n<div class=\"wp-block-column is-layout-flow wp-block-column-is-layout-flow\">\n<h1 class=\"wp-block-heading\">Betreutes Wohnen<\/h1>\n\n\n\n<p>Das Betreute Wohnen ist eine Dienstleistung f\u00fcr Senioren, die ihre Selbst\u00e4ndigkeit behalten m\u00f6chten, w\u00e4hrend sie von einer angepassten und sicheren Umgebung profitieren. Es handelt sich um eine Alternative zwischen dem traditionellen Zuhause und der Pflege in einem Pflegeheim, die den unterschiedlichen Bed\u00fcrfnissen nach Betreuung und Wohlbefinden gerecht wird.<\/p>\n\n\n\n<h3 class=\"wp-block-heading\"><strong>Eine Wohnung, die auf Sicherheit und Komfort ausgelegt ist<\/strong><\/h3>\n\n\n\n<p>Betreutes Wohnen sind Wohnungen, die speziell auf die Bed\u00fcrfnisse \u00e4lterer Menschen zugeschnitten sind. Sie sind so gestaltet, dass sie einen einfachen, sicheren und komfortablen Zugang gew\u00e4hrleisten und befinden sich oft in der N\u00e4he von Pflege- und Hilfsdiensten. Diese R\u00e4ume f\u00f6rdern die Unabh\u00e4ngigkeit der Bewohner und bieten ihnen gleichzeitig Unterst\u00fctzung, wenn sie Hilfe ben\u00f6tigen.<\/p>\n\n\n\n<h3 class=\"wp-block-heading\"><strong>Pers\u00f6nliche Dienstleistungen f\u00fcr eine bessere Lebensqualit\u00e4t<\/strong><\/h3>\n\n\n\n<p>Das Betreute Wohnen wird in der Regel von Dienstleistungen begleitet, die Folgendes umfassen k\u00f6nnen:<\/p>\n\n\n\n<ul class=\"wp-block-list\">\n<li><strong>Angemessene Unterst\u00fctzung<\/strong>: Zugang zu Hilfs- und Pflegeleistungen, die auf die spezifischen Bed\u00fcrfnisse der Bewohner zugeschnitten sind.<\/li>\n\n\n\n<li><strong>Soziale und kulturelle Aktivit\u00e4ten<\/strong>: Initiativen zur F\u00f6rderung sozialer Bindungen und zur Bek\u00e4mpfung der Isolation.<\/li>\n\n\n\n<li><strong>Erh\u00f6hte Sicherheit<\/strong>: Eine beruhigende Pr\u00e4senz durch Hilfs- und Notfalleinrichtungen.<\/li>\n\n\n\n<li><strong>Praktische Dienstleistungen<\/strong>: Pflege der Gemeinschaftsr\u00e4ume, angepasste Verpflegung oder administrative Unterst\u00fctzung.<\/li>\n<\/ul>\n\n\n\n<p>Diese Dienste sind modular aufgebaut, so dass jeder Einwohner das w\u00e4hlen kann, was seinen Erwartungen und Bed\u00fcrfnissen am besten entspricht.<\/p>\n\n\n\n<h3 class=\"wp-block-heading\"><strong>Ein Gleichgewicht zwischen Autonomie und Begleitung<\/strong><\/h3>\n\n\n\n<p>Das Betreute Wohnen zielt darauf ab, die Selbst\u00e4ndigkeit der Bewohner in einem freundlichen und sicheren Lebensumfeld zu erhalten. Diese Art des Wohnens erm\u00f6glicht es Ihnen, sich ruhig zu entwickeln, indem Sie von einer Flexibilit\u00e4t profitieren, die auf Ver\u00e4nderungen der Situation reagiert. So k\u00f6nnen die Bewohner weiterhin unabh\u00e4ngig leben und haben gleichzeitig Zugang zu einer Umgebung, die ihr k\u00f6rperliches, geistiges und soziales Wohlbefinden unterst\u00fctzt.<\/p>\n\n\n\n<h3 class=\"wp-block-heading\"><strong>Eine Einrichtung, die im Wallis zug\u00e4nglich ist<\/strong><\/h3>\n\n\n\n<p>Das Betreute Wohnen wird von verschiedenen Einrichtungen im Wallis angeboten, die jeweils an die \u00f6rtlichen Gegebenheiten angepasste L\u00f6sungen bieten. Diese Initiativen tragen dazu bei, den Lebensweg von Senioren zu bereichern, indem sie auf die Herausforderungen des Alterns reagieren und eine bessere Lebensqualit\u00e4t in einer ruhigen Umgebung f\u00f6rdern.<\/p>\n\n\n\n<p class=\"link-block link\"><a href=\"https:\/\/avalems.ch\/de\/leben-in-einem-pflegeheim\/suchen-sie-nach-einem-pflegeheim\/?prestation%5B%5D=Alterswohnung\">APH, die betreutes Wohnen anbieten<\/a><\/p>\n<\/div>\n<\/div>\n","protected":false},"excerpt":{"rendered":"<p>Betreutes Wohnen Das Betreute Wohnen ist eine Dienstleistung f\u00fcr Senioren, die ihre Selbst\u00e4ndigkeit behalten m\u00f6chten, w\u00e4hrend sie von einer angepassten und sicheren Umgebung profitieren. Es handelt sich um eine Alternative [&hellip;]<\/p>\n","protected":false},"author":552,"featured_media":0,"parent":28831,"menu_order":0,"comment_status":"closed","ping_status":"closed","template":"template-sidebar.php","meta":{"footnotes":""},"coauthors":[513],"class_list":["post-28594","page","type-page","status-publish","hentry"],"publishpress_future_action":{"enabled":false,"date":"2026-06-12 23:25:31","action":"change-status","newStatus":"draft","terms":[],"taxonomy":"translation_priority","extraData":[]},"publishpress_future_workflow_manual_trigger":{"enabledWorkflows":[]},"_links":{"self":[{"href":"https:\/\/avalems.ch\/de\/wp-json\/wp\/v2\/pages\/28594","targetHints":{"allow":["GET"]}}],"collection":[{"href":"https:\/\/avalems.ch\/de\/wp-json\/wp\/v2\/pages"}],"about":[{"href":"https:\/\/avalems.ch\/de\/wp-json\/wp\/v2\/types\/page"}],"author":[{"embeddable":true,"href":"https:\/\/avalems.ch\/de\/wp-json\/wp\/v2\/users\/552"}],"replies":[{"embeddable":true,"href":"https:\/\/avalems.ch\/de\/wp-json\/wp\/v2\/comments?post=28594"}],"version-history":[{"count":6,"href":"https:\/\/avalems.ch\/de\/wp-json\/wp\/v2\/pages\/28594\/revisions"}],"predecessor-version":[{"id":39836,"href":"https:\/\/avalems.ch\/de\/wp-json\/wp\/v2\/pages\/28594\/revisions\/39836"}],"up":[{"embeddable":true,"href":"https:\/\/avalems.ch\/de\/wp-json\/wp\/v2\/pages\/28831"}],"wp:attachment":[{"href":"https:\/\/avalems.ch\/de\/wp-json\/wp\/v2\/media?parent=28594"}],"wp:term":[{"taxonomy":"author","embeddable":true,"href":"https:\/\/avalems.ch\/de\/wp-json\/wp\/v2\/coauthors?post=28594"}],"curies":[{"name":"wp","href":"https:\/\/api.w.org\/{rel}","templated":true}]}}