{"id":28589,"date":"2025-01-22T15:26:44","date_gmt":"2025-01-22T14:26:44","guid":{"rendered":"https:\/\/www.avalems.ch\/spezialisierung-auf-psychogeriatrie\/"},"modified":"2025-09-22T13:30:52","modified_gmt":"2025-09-22T11:30:52","slug":"spezialisierung-auf-psychogeriatrie","status":"publish","type":"page","link":"https:\/\/avalems.ch\/de\/leben-in-einem-pflegeheim\/arten-von-angeboten\/spezialisierung-auf-psychogeriatrie\/","title":{"rendered":"Spezialisierung auf Psychogeriatrie"},"content":{"rendered":"\n<div class=\"wp-block-columns is-layout-flex wp-container-core-columns-is-layout-9d6595d7 wp-block-columns-is-layout-flex\">\n<div class=\"wp-block-column is-layout-flow wp-block-column-is-layout-flow\" style=\"flex-basis:300px\"><div class=\"sidebar-dossier\"><a class=\"back-category\" href=\"https:\/\/avalems.ch\/de\/leben-in-einem-pflegeheim\/arten-von-angeboten\/\"><svg width=\"18px\" height=\"15px\" viewBox=\"0 0 18 15\" version=\"1.1\" xmlns=\"http:\/\/www.w3.org\/2000\/svg\" xmlns:xlink=\"http:\/\/www.w3.org\/1999\/xlink\"><g id=\"Page-1\" stroke=\"none\" stroke-width=\"1\" fill=\"none\" fill-rule=\"evenodd\"><g id=\"10-Dossier-th\u00e9matique---resolution\" transform=\"translate(-118.000000, -263.000000)\" fill=\"#F49600\" fill-rule=\"nonzero\"><polygon id=\"Shape-Copy-32\" transform=\"translate(127.000000, 270.500000) rotate(-270.000000) translate(-127.000000, -270.500000) \" points=\"134 272.09901 132.634146 270.920792 127.682927 275.80198 127.682927 262 125.97561 262 125.97561 275.633663 121.195122 270.920792 120 272.09901 127 279 127 278.831683 127 279\"><\/polygon><\/g><\/g><\/svg>Arten von Angeboten<\/a><h3>Arten von Angeboten<\/h3>                <a href=\"https:\/\/avalems.ch\/de\/leben-in-einem-pflegeheim\/arten-von-angeboten\/\">Arten von Angeboten<\/a>\n                <a href=\"https:\/\/avalems.ch\/de\/leben-in-einem-pflegeheim\/arten-von-angeboten\/die-tagesstaette\/\">Die Tagesst\u00e4tte<\/a><a class=\"active\" href=\"https:\/\/avalems.ch\/de\/leben-in-einem-pflegeheim\/arten-von-angeboten\/spezialisierung-auf-psychogeriatrie\/\">Spezialisierung auf Psychogeriatrie<\/a><a href=\"https:\/\/avalems.ch\/de\/leben-in-einem-pflegeheim\/arten-von-angeboten\/geschuetzte-unterkuenfte\/\">Gesch\u00fctzte Unterk\u00fcnfte<\/a><a href=\"https:\/\/avalems.ch\/de\/leben-in-einem-pflegeheim\/arten-von-angeboten\/die-hospize\/\">Die Hospize<\/a><a href=\"https:\/\/avalems.ch\/de\/leben-in-einem-pflegeheim\/arten-von-angeboten\/der-lange-aufenthalt\/\">Die Langzeitpflege\u00a0<\/a><a href=\"https:\/\/avalems.ch\/de\/leben-in-einem-pflegeheim\/arten-von-angeboten\/der-kurzaufenthalt\/\">Der Kurzaufenthalt<\/a><\/div>\n<\/div>\n\n\n\n<div class=\"wp-block-column is-layout-flow wp-block-column-is-layout-flow\">\n<h1 class=\"wp-block-heading\">Die Spezialisierung auf Psychogeriatrie<\/h1>\n\n\n\n<p>Alle APH im Wallis verf\u00fcgen \u00fcber die notwendigen Kompetenzen, um gesundheitlich geschw\u00e4chte, auch psychische, Personen aufzunehmen und zu begleiten. Einige Einrichtungen verf\u00fcgen jedoch \u00fcber speziell konzipierte Infrastrukturen und speziell ausgebildete Teams, um \u00e4ltere Menschen mit schweren neurokognitiven St\u00f6rungen zu betreuen, wie sie durch Krankheiten wie Alzheimer oder andere Formen von Demenz verursacht werden.<\/p>\n\n\n\n<h3 class=\"wp-block-heading\"><strong>Spezialisierte und individuelle Pflege<\/strong><\/h3>\n\n\n\n<p>Die der Psychogeriatrie gewidmeten Abteilungen im Wallis st\u00fctzen sich auf einen individualisierten, personenzentrierten Ansatz. Die multidisziplin\u00e4ren Teams, die f\u00fcr die komplexen Herausforderungen dieser Erkrankungen geschult sind, arbeiten daran, die Selbstst\u00e4ndigkeit, die W\u00fcrde und den Komfort der Bewohner so weit wie m\u00f6glich zu erhalten.<\/p>\n\n\n\n<h3 class=\"wp-block-heading\"><strong>Eine auf Wohlbefinden ausgelegte Infrastruktur<\/strong><\/h3>\n\n\n\n<p>Diese spezialisierten Einrichtungen bieten sichere, ruhige R\u00e4ume, die auf die Bed\u00fcrfnisse von Menschen mit kognitiven Beeintr\u00e4chtigungen zugeschnitten sind. Diese Umgebungen tragen dazu bei, Stressfaktoren und Risiken im Zusammenhang mit neurokognitiven St\u00f6rungen zu verringern und gleichzeitig eine optimale Lebensqualit\u00e4t zu f\u00f6rdern.<\/p>\n\n\n\n<h3 class=\"wp-block-heading\"><strong>Eine umfassende Begleitung<\/strong><\/h3>\n\n\n\n<p>Neben der medizinischen und psychiatrischen Versorgung bieten die Fachabteilungen auch psychosoziale Unterst\u00fctzung und therapeutische Aktivit\u00e4ten an. Diese Interventionen zielen darauf ab, die verbliebenen F\u00e4higkeiten der Bewohner zu f\u00f6rdern, soziale Bindungen aufrechtzuerhalten und den Familien wertvolle Unterst\u00fctzung zu bieten.<\/p>\n\n\n\n<p class=\"link-block link\"><a href=\"https:\/\/avalems.ch\/de\/leben-in-einem-pflegeheim\/suchen-sie-nach-einem-pflegeheim\/?prestation%5B%5D=Psychogeriatrische+Spezialisierung\">APH mit Spezialisierung auf Psychogeriatrie<\/a><\/p>\n<\/div>\n<\/div>\n","protected":false},"excerpt":{"rendered":"<p>Die Spezialisierung auf Psychogeriatrie Alle APH im Wallis verf\u00fcgen \u00fcber die notwendigen Kompetenzen, um gesundheitlich geschw\u00e4chte, auch psychische, Personen aufzunehmen und zu begleiten. Einige Einrichtungen verf\u00fcgen jedoch \u00fcber speziell konzipierte [&hellip;]<\/p>\n","protected":false},"author":552,"featured_media":0,"parent":28831,"menu_order":0,"comment_status":"closed","ping_status":"closed","template":"template-sidebar.php","meta":{"footnotes":""},"coauthors":[513],"class_list":["post-28589","page","type-page","status-publish","hentry"],"publishpress_future_action":{"enabled":false,"date":"2026-05-15 18:18:56","action":"change-status","newStatus":"draft","terms":[],"taxonomy":"translation_priority","extraData":[]},"publishpress_future_workflow_manual_trigger":{"enabledWorkflows":[]},"_links":{"self":[{"href":"https:\/\/avalems.ch\/de\/wp-json\/wp\/v2\/pages\/28589","targetHints":{"allow":["GET"]}}],"collection":[{"href":"https:\/\/avalems.ch\/de\/wp-json\/wp\/v2\/pages"}],"about":[{"href":"https:\/\/avalems.ch\/de\/wp-json\/wp\/v2\/types\/page"}],"author":[{"embeddable":true,"href":"https:\/\/avalems.ch\/de\/wp-json\/wp\/v2\/users\/552"}],"replies":[{"embeddable":true,"href":"https:\/\/avalems.ch\/de\/wp-json\/wp\/v2\/comments?post=28589"}],"version-history":[{"count":3,"href":"https:\/\/avalems.ch\/de\/wp-json\/wp\/v2\/pages\/28589\/revisions"}],"predecessor-version":[{"id":35969,"href":"https:\/\/avalems.ch\/de\/wp-json\/wp\/v2\/pages\/28589\/revisions\/35969"}],"up":[{"embeddable":true,"href":"https:\/\/avalems.ch\/de\/wp-json\/wp\/v2\/pages\/28831"}],"wp:attachment":[{"href":"https:\/\/avalems.ch\/de\/wp-json\/wp\/v2\/media?parent=28589"}],"wp:term":[{"taxonomy":"author","embeddable":true,"href":"https:\/\/avalems.ch\/de\/wp-json\/wp\/v2\/coauthors?post=28589"}],"curies":[{"name":"wp","href":"https:\/\/api.w.org\/{rel}","templated":true}]}}