{"id":28587,"date":"2025-01-22T15:26:43","date_gmt":"2025-01-22T14:26:43","guid":{"rendered":"https:\/\/www.avalems.ch\/die-tagesstaette\/"},"modified":"2025-09-22T13:27:08","modified_gmt":"2025-09-22T11:27:08","slug":"die-tagesstaette","status":"publish","type":"page","link":"https:\/\/avalems.ch\/de\/leben-in-einem-pflegeheim\/arten-von-angeboten\/die-tagesstaette\/","title":{"rendered":"Die Tagesst\u00e4tte"},"content":{"rendered":"\n<div class=\"wp-block-columns is-layout-flex wp-container-core-columns-is-layout-9d6595d7 wp-block-columns-is-layout-flex\">\n<div class=\"wp-block-column is-layout-flow wp-block-column-is-layout-flow\" style=\"flex-basis:300px\"><div class=\"sidebar-dossier\"><a class=\"back-category\" href=\"https:\/\/avalems.ch\/de\/leben-in-einem-pflegeheim\/arten-von-angeboten\/\"><svg width=\"18px\" height=\"15px\" viewBox=\"0 0 18 15\" version=\"1.1\" xmlns=\"http:\/\/www.w3.org\/2000\/svg\" xmlns:xlink=\"http:\/\/www.w3.org\/1999\/xlink\"><g id=\"Page-1\" stroke=\"none\" stroke-width=\"1\" fill=\"none\" fill-rule=\"evenodd\"><g id=\"10-Dossier-th\u00e9matique---resolution\" transform=\"translate(-118.000000, -263.000000)\" fill=\"#F49600\" fill-rule=\"nonzero\"><polygon id=\"Shape-Copy-32\" transform=\"translate(127.000000, 270.500000) rotate(-270.000000) translate(-127.000000, -270.500000) \" points=\"134 272.09901 132.634146 270.920792 127.682927 275.80198 127.682927 262 125.97561 262 125.97561 275.633663 121.195122 270.920792 120 272.09901 127 279 127 278.831683 127 279\"><\/polygon><\/g><\/g><\/svg>Arten von Angeboten<\/a><h3>Arten von Angeboten<\/h3>                <a href=\"https:\/\/avalems.ch\/de\/leben-in-einem-pflegeheim\/arten-von-angeboten\/\">Arten von Angeboten<\/a>\n                <a class=\"active\" href=\"https:\/\/avalems.ch\/de\/leben-in-einem-pflegeheim\/arten-von-angeboten\/die-tagesstaette\/\">Die Tagesst\u00e4tte<\/a><a href=\"https:\/\/avalems.ch\/de\/leben-in-einem-pflegeheim\/arten-von-angeboten\/spezialisierung-auf-psychogeriatrie\/\">Spezialisierung auf Psychogeriatrie<\/a><a href=\"https:\/\/avalems.ch\/de\/leben-in-einem-pflegeheim\/arten-von-angeboten\/geschuetzte-unterkuenfte\/\">Gesch\u00fctzte Unterk\u00fcnfte<\/a><a href=\"https:\/\/avalems.ch\/de\/leben-in-einem-pflegeheim\/arten-von-angeboten\/die-hospize\/\">Die Hospize<\/a><a href=\"https:\/\/avalems.ch\/de\/leben-in-einem-pflegeheim\/arten-von-angeboten\/der-lange-aufenthalt\/\">Die Langzeitpflege\u00a0<\/a><a href=\"https:\/\/avalems.ch\/de\/leben-in-einem-pflegeheim\/arten-von-angeboten\/der-kurzaufenthalt\/\">Der Kurzaufenthalt<\/a><\/div>\n<\/div>\n\n\n\n<div class=\"wp-block-column is-layout-flow wp-block-column-is-layout-flow\">\n<h1 class=\"wp-block-heading\">Tagesst\u00e4tte<\/h1>\n\n\n\n<p>Die Tagesst\u00e4tten sind \u00fcberwiegend von Montag bis Freitag mit festen Uhrzeiten ge\u00f6ffnet. Sie dienen dazu,<\/p>\n\n\n\n<ul class=\"wp-block-list\">\n<li>die Angeh\u00f6rigen zu entlasten und den Familien zu helfen,<\/li>\n\n\n\n<li>den Eintritt in ein Altersheim hinauszuschieben,<\/li>\n\n\n\n<li>die F\u00e4higkeiten und M\u00f6glichkeiten der Betroffenen zu f\u00f6rdern und<\/li>\n\n\n\n<li>ein offenes Ohr und Gelegenheit zum Austausch zu bieten.<\/li>\n<\/ul>\n\n\n\n<p>Ziel der Tagespflege ist es, betagte oder behinderte Menschen zu begleiten und ihnen mehr Lebensqualit\u00e4t zu bieten, indem man auf sie eingeht, ihnen \u00fcber Tag massgeschneiderte Pflegeleistungen anbietet und sie zu verschiedenen T\u00e4tigkeiten anregt.<\/p>\n\n\n\n<p class=\"link-block link\"><a href=\"https:\/\/avalems.ch\/de\/leben-in-einem-pflegeheim\/suchen-sie-nach-einem-pflegeheim\/?prestation%5B%5D=Tagesstruktur\">Liste der Tagesst\u00e4tten im Wallis<\/a><\/p>\n<\/div>\n<\/div>\n","protected":false},"excerpt":{"rendered":"<p>Tagesst\u00e4tte Die Tagesst\u00e4tten sind \u00fcberwiegend von Montag bis Freitag mit festen Uhrzeiten ge\u00f6ffnet. Sie dienen dazu, Ziel der Tagespflege ist es, betagte oder behinderte Menschen zu begleiten und ihnen mehr [&hellip;]<\/p>\n","protected":false},"author":552,"featured_media":0,"parent":28831,"menu_order":0,"comment_status":"closed","ping_status":"closed","template":"template-sidebar.php","meta":{"footnotes":""},"coauthors":[513],"class_list":["post-28587","page","type-page","status-publish","hentry"],"publishpress_future_action":{"enabled":false,"date":"2026-05-18 12:06:01","action":"change-status","newStatus":"draft","terms":[],"taxonomy":"translation_priority","extraData":[]},"publishpress_future_workflow_manual_trigger":{"enabledWorkflows":[]},"_links":{"self":[{"href":"https:\/\/avalems.ch\/de\/wp-json\/wp\/v2\/pages\/28587","targetHints":{"allow":["GET"]}}],"collection":[{"href":"https:\/\/avalems.ch\/de\/wp-json\/wp\/v2\/pages"}],"about":[{"href":"https:\/\/avalems.ch\/de\/wp-json\/wp\/v2\/types\/page"}],"author":[{"embeddable":true,"href":"https:\/\/avalems.ch\/de\/wp-json\/wp\/v2\/users\/552"}],"replies":[{"embeddable":true,"href":"https:\/\/avalems.ch\/de\/wp-json\/wp\/v2\/comments?post=28587"}],"version-history":[{"count":6,"href":"https:\/\/avalems.ch\/de\/wp-json\/wp\/v2\/pages\/28587\/revisions"}],"predecessor-version":[{"id":35966,"href":"https:\/\/avalems.ch\/de\/wp-json\/wp\/v2\/pages\/28587\/revisions\/35966"}],"up":[{"embeddable":true,"href":"https:\/\/avalems.ch\/de\/wp-json\/wp\/v2\/pages\/28831"}],"wp:attachment":[{"href":"https:\/\/avalems.ch\/de\/wp-json\/wp\/v2\/media?parent=28587"}],"wp:term":[{"taxonomy":"author","embeddable":true,"href":"https:\/\/avalems.ch\/de\/wp-json\/wp\/v2\/coauthors?post=28587"}],"curies":[{"name":"wp","href":"https:\/\/api.w.org\/{rel}","templated":true}]}}